{"id":5113,"date":"2026-04-30T13:57:54","date_gmt":"2026-04-30T11:57:54","guid":{"rendered":"https:\/\/stn.cm.umk.pl\/?page_id=5113"},"modified":"2026-04-30T13:57:55","modified_gmt":"2026-04-30T11:57:55","slug":"skn-farmacji-praktycznej","status":"publish","type":"page","link":"https:\/\/stn.cm.umk.pl\/gb\/skn-farmacji-praktycznej\/","title":{"rendered":"SKN Farmacji Praktycznej"},"content":{"rendered":"\n<p><strong>Jednostka organizacyjna:<\/strong>\u00a0Katedra Farmacji Praktycznej <\/p>\n\n\n\n<p><strong>Opiekunowie<\/strong>: dr n. farm. Dominik Mieszkowski, dr n. farm. Jacek Dul\u0119ba <\/p>\n\n\n\n<p><strong>Przewodnicz\u0105ca:<\/strong>\u00a0Julia Tokarczuk <\/p>\n\n\n\n<p><strong>Kontakt:<\/strong>\u00a0320086@stud.umk.pl<\/p>\n\n\n\n<p><strong>Opis dzia\u0142alno\u015bci:<\/strong><br>Ko\u0142o naukowe skupia student\u00f3w zainteresowanych opiek\u0105 farmaceutyczn\u0105, farmacj\u0105 praktyczn\u0105 oraz biotransformacj\u0105 (biokataliz\u0105) zwi\u0105zk\u00f3w farmakologicznie czynnych i jej praktycznymi zastosowaniami. <br><br>Dzia\u0142alno\u015b\u0107 obejmuje prowadzenie bada\u0144 i projekt\u00f3w naukowych oraz popularyzacje wiedzy o nowoczesnych metodach syntezy i modyfikacji substancji leczniczych, w tym zwi\u0105zk\u00f3w chiralnych. <br><br>R\u00f3wnolegle ko\u0142o zajmuje si\u0119 zagadnieniami farmacji spo\u0142ecznej, analizuj\u0105c rol\u0119 farmaceuty w systemie ochrony zdrowia oraz potrzeby pacjent\u00f3w. Celem jest rozw\u00f3j kompetencji badawczych i praktycznych, integracja student\u00f3w oraz wsp\u00f3\u0142praca z o\u015brodkami naukowymi i bran\u017c\u0105 farmaceutyczn\u0105. <\/p>\n","protected":false},"excerpt":{"rendered":"<p>Jednostka organizacyjna:\u00a0Katedra Farmacji Praktycznej Opiekunowie: dr n. farm. Dominik Mieszkowski, dr n. farm. Jacek Dul\u0119ba Przewodnicz\u0105ca:\u00a0Julia Tokarczuk Kontakt:\u00a0320086@stud.umk.pl Opis dzia\u0142alno\u015bci:Ko\u0142o naukowe skupia student\u00f3w zainteresowanych opiek\u0105 farmaceutyczn\u0105, farmacj\u0105 praktyczn\u0105 oraz biotransformacj\u0105 (biokataliz\u0105) zwi\u0105zk\u00f3w farmakologicznie czynnych i jej praktycznymi zastosowaniami. Dzia\u0142alno\u015b\u0107 obejmuje prowadzenie bada\u0144 i projekt\u00f3w naukowych oraz popularyzacje wiedzy o nowoczesnych metodach syntezy i modyfikacji substancji &hellip; <a href=\"https:\/\/stn.cm.umk.pl\/gb\/skn-farmacji-praktycznej\/\" class=\"more-link\">Continue reading<span class=\"screen-reader-text\"> &#8220;SKN Farmacji Praktycznej&#8221;<\/span><\/a><\/p>\n","protected":false},"author":19,"featured_media":0,"parent":0,"menu_order":0,"comment_status":"closed","ping_status":"closed","template":"","meta":{"footnotes":""},"class_list":["post-5113","page","type-page","status-publish","hentry"],"translation":{"provider":"WPGlobus","version":"3.0.0","language":"gb","enabled_languages":["pl","gb"],"languages":{"pl":{"title":true,"content":true,"excerpt":false},"gb":{"title":false,"content":false,"excerpt":false}}},"aioseo_notices":[],"jetpack_sharing_enabled":true,"_links":{"self":[{"href":"https:\/\/stn.cm.umk.pl\/gb\/wp-json\/wp\/v2\/pages\/5113","targetHints":{"allow":["GET"]}}],"collection":[{"href":"https:\/\/stn.cm.umk.pl\/gb\/wp-json\/wp\/v2\/pages"}],"about":[{"href":"https:\/\/stn.cm.umk.pl\/gb\/wp-json\/wp\/v2\/types\/page"}],"author":[{"embeddable":true,"href":"https:\/\/stn.cm.umk.pl\/gb\/wp-json\/wp\/v2\/users\/19"}],"replies":[{"embeddable":true,"href":"https:\/\/stn.cm.umk.pl\/gb\/wp-json\/wp\/v2\/comments?post=5113"}],"version-history":[{"count":1,"href":"https:\/\/stn.cm.umk.pl\/gb\/wp-json\/wp\/v2\/pages\/5113\/revisions"}],"predecessor-version":[{"id":5114,"href":"https:\/\/stn.cm.umk.pl\/gb\/wp-json\/wp\/v2\/pages\/5113\/revisions\/5114"}],"wp:attachment":[{"href":"https:\/\/stn.cm.umk.pl\/gb\/wp-json\/wp\/v2\/media?parent=5113"}],"curies":[{"name":"wp","href":"https:\/\/api.w.org\/{rel}","templated":true}]}}