{"id":5097,"date":"2026-04-11T18:41:33","date_gmt":"2026-04-11T16:41:33","guid":{"rendered":"https:\/\/stn.cm.umk.pl\/?page_id=5097"},"modified":"2026-04-11T18:41:34","modified_gmt":"2026-04-11T16:41:34","slug":"skn-chorob-pluc","status":"publish","type":"page","link":"https:\/\/stn.cm.umk.pl\/gb\/skn-chorob-pluc\/","title":{"rendered":"SKN Chor\u00f3b P\u0142uc"},"content":{"rendered":"\n<p><strong>Jednostka organizacyjna:<\/strong>\u00a0Katedra Chor\u00f3b P\u0142uc, Nowotwor\u00f3w i Gru\u017alicy <\/p>\n\n\n\n<p><strong>Opiekun<\/strong>: dr Agata Kalicka <\/p>\n\n\n\n<p><strong>Przewodnicz\u0105ca:<\/strong>\u00a0Aleksandra Grzybowska <\/p>\n\n\n\n<p><strong>Kontakt:<\/strong>\u00a0da_grzybowska@interia.pl<\/p>\n\n\n\n<p><strong>Opis dzia\u0142alno\u015bci:<\/strong><br>Nauka umiej\u0119tno\u015bci praktycznych, analiza przypadk\u00f3w medycznych oraz dzia\u0142alno\u015b\u0107 naukowa. <\/p>\n","protected":false},"excerpt":{"rendered":"<p>Jednostka organizacyjna:\u00a0Katedra Chor\u00f3b P\u0142uc, Nowotwor\u00f3w i Gru\u017alicy Opiekun: dr Agata Kalicka Przewodnicz\u0105ca:\u00a0Aleksandra Grzybowska Kontakt:\u00a0da_grzybowska@interia.pl Opis dzia\u0142alno\u015bci:Nauka umiej\u0119tno\u015bci praktycznych, analiza przypadk\u00f3w medycznych oraz dzia\u0142alno\u015b\u0107 naukowa.<\/p>\n","protected":false},"author":19,"featured_media":0,"parent":0,"menu_order":0,"comment_status":"closed","ping_status":"closed","template":"","meta":{"footnotes":""},"class_list":["post-5097","page","type-page","status-publish","hentry"],"translation":{"provider":"WPGlobus","version":"3.0.0","language":"gb","enabled_languages":["pl","gb"],"languages":{"pl":{"title":true,"content":true,"excerpt":false},"gb":{"title":false,"content":false,"excerpt":false}}},"aioseo_notices":[],"jetpack_sharing_enabled":true,"_links":{"self":[{"href":"https:\/\/stn.cm.umk.pl\/gb\/wp-json\/wp\/v2\/pages\/5097","targetHints":{"allow":["GET"]}}],"collection":[{"href":"https:\/\/stn.cm.umk.pl\/gb\/wp-json\/wp\/v2\/pages"}],"about":[{"href":"https:\/\/stn.cm.umk.pl\/gb\/wp-json\/wp\/v2\/types\/page"}],"author":[{"embeddable":true,"href":"https:\/\/stn.cm.umk.pl\/gb\/wp-json\/wp\/v2\/users\/19"}],"replies":[{"embeddable":true,"href":"https:\/\/stn.cm.umk.pl\/gb\/wp-json\/wp\/v2\/comments?post=5097"}],"version-history":[{"count":1,"href":"https:\/\/stn.cm.umk.pl\/gb\/wp-json\/wp\/v2\/pages\/5097\/revisions"}],"predecessor-version":[{"id":5098,"href":"https:\/\/stn.cm.umk.pl\/gb\/wp-json\/wp\/v2\/pages\/5097\/revisions\/5098"}],"wp:attachment":[{"href":"https:\/\/stn.cm.umk.pl\/gb\/wp-json\/wp\/v2\/media?parent=5097"}],"curies":[{"name":"wp","href":"https:\/\/api.w.org\/{rel}","templated":true}]}}