{"id":5090,"date":"2026-04-11T14:11:26","date_gmt":"2026-04-11T12:11:26","guid":{"rendered":"https:\/\/stn.cm.umk.pl\/?page_id=5090"},"modified":"2026-04-11T18:24:53","modified_gmt":"2026-04-11T16:24:53","slug":"skn-nefrologii-nadcisnienia-tetniczego-i-chorob-wewnetrznych-2","status":"publish","type":"page","link":"https:\/\/stn.cm.umk.pl\/gb\/skn-nefrologii-nadcisnienia-tetniczego-i-chorob-wewnetrznych-2\/","title":{"rendered":"SKN Nefrologii, Nadci\u015bnienia T\u0119tniczego i Chor\u00f3b Wewn\u0119trznych"},"content":{"rendered":"\n<p><strong>Jednostka organizacyjna<\/strong>: Katedra Nefrologii, Nadci\u015bnienia T\u0119tniczego i Chor\u00f3b Wewn\u0119trznych <\/p>\n\n\n\n<p><strong>Opiekun<\/strong>: dr hab. Rafa\u0142 Donderski, prof. UMK<\/p>\n\n\n\n<p><strong>Przewodnicz\u0105ca<\/strong>: Weronika Mucha<\/p>\n\n\n\n<p><strong>Kontakt<\/strong>: weramucha@o2.pl<\/p>\n\n\n\n<p><strong>Opis dzia\u0142alno\u015bci:<\/strong><br>Dzia\u0142alno\u015b\u0107 ko\u0142a koncentruje si\u0119 na aktywnym uczestnictwie w og\u00f3lnopolskich i mi\u0119dzynarodowych konferencjach naukowych oraz na publikacji prac naukowych.<\/p>\n\n\n\n<p>Obecnie trwa przygotowanie artyku\u0142u naukowego analizuj\u0105cego wp\u0142yw stylu \u017cycia na przewlek\u0142\u0105 chorob\u0119 nerek. Oczekujemy r\u00f3wnie\u017c na wiadomo\u015b\u0107 od redakcji po przes\u0142aniu do publikacji artyku\u0142u o rzadkiej anomalii naczyniowej &#8211; zespo\u0142u tylnego dziadka do orzech\u00f3w.<\/p>\n\n\n\n<p>W najbli\u017cszym czasie planujemy zaprezentowa\u0107 opis przypadk\u00f3w podczas og\u00f3lnopolskiej konferencji w \u0141odzi oraz mi\u0119dzynarodowej w Katowicach.  <\/p>\n\n\n\n<p><\/p>\n","protected":false},"excerpt":{"rendered":"<p>Jednostka organizacyjna: Katedra Nefrologii, Nadci\u015bnienia T\u0119tniczego i Chor\u00f3b Wewn\u0119trznych Opiekun: dr hab. Rafa\u0142 Donderski, prof. UMK Przewodnicz\u0105ca: Weronika Mucha Kontakt: weramucha@o2.pl Opis dzia\u0142alno\u015bci:Dzia\u0142alno\u015b\u0107 ko\u0142a koncentruje si\u0119 na aktywnym uczestnictwie w og\u00f3lnopolskich i mi\u0119dzynarodowych konferencjach naukowych oraz na publikacji prac naukowych. Obecnie trwa przygotowanie artyku\u0142u naukowego analizuj\u0105cego wp\u0142yw stylu \u017cycia na przewlek\u0142\u0105 chorob\u0119 nerek. Oczekujemy r\u00f3wnie\u017c &hellip; <a href=\"https:\/\/stn.cm.umk.pl\/gb\/skn-nefrologii-nadcisnienia-tetniczego-i-chorob-wewnetrznych-2\/\" class=\"more-link\">Continue reading<span class=\"screen-reader-text\"> &#8220;SKN Nefrologii, Nadci\u015bnienia T\u0119tniczego i Chor\u00f3b Wewn\u0119trznych&#8221;<\/span><\/a><\/p>\n","protected":false},"author":19,"featured_media":0,"parent":0,"menu_order":0,"comment_status":"closed","ping_status":"closed","template":"","meta":{"footnotes":""},"class_list":["post-5090","page","type-page","status-publish","hentry"],"translation":{"provider":"WPGlobus","version":"3.0.0","language":"gb","enabled_languages":["pl","gb"],"languages":{"pl":{"title":true,"content":true,"excerpt":false},"gb":{"title":false,"content":false,"excerpt":false}}},"aioseo_notices":[],"jetpack_sharing_enabled":true,"_links":{"self":[{"href":"https:\/\/stn.cm.umk.pl\/gb\/wp-json\/wp\/v2\/pages\/5090","targetHints":{"allow":["GET"]}}],"collection":[{"href":"https:\/\/stn.cm.umk.pl\/gb\/wp-json\/wp\/v2\/pages"}],"about":[{"href":"https:\/\/stn.cm.umk.pl\/gb\/wp-json\/wp\/v2\/types\/page"}],"author":[{"embeddable":true,"href":"https:\/\/stn.cm.umk.pl\/gb\/wp-json\/wp\/v2\/users\/19"}],"replies":[{"embeddable":true,"href":"https:\/\/stn.cm.umk.pl\/gb\/wp-json\/wp\/v2\/comments?post=5090"}],"version-history":[{"count":2,"href":"https:\/\/stn.cm.umk.pl\/gb\/wp-json\/wp\/v2\/pages\/5090\/revisions"}],"predecessor-version":[{"id":5094,"href":"https:\/\/stn.cm.umk.pl\/gb\/wp-json\/wp\/v2\/pages\/5090\/revisions\/5094"}],"wp:attachment":[{"href":"https:\/\/stn.cm.umk.pl\/gb\/wp-json\/wp\/v2\/media?parent=5090"}],"curies":[{"name":"wp","href":"https:\/\/api.w.org\/{rel}","templated":true}]}}