{"id":4941,"date":"2026-03-10T18:28:52","date_gmt":"2026-03-10T17:28:52","guid":{"rendered":"https:\/\/stn.cm.umk.pl\/?page_id=4941"},"modified":"2026-03-17T00:51:12","modified_gmt":"2026-03-16T23:51:12","slug":"konferencje-krajowe","status":"publish","type":"page","link":"https:\/\/stn.cm.umk.pl\/gb\/konferencje-krajowe\/","title":{"rendered":"Conferences in Poland"},"content":{"rendered":"\n<div class=\"wp-block-group is-nowrap is-layout-flex wp-container-core-group-is-layout-1 wp-block-group-is-layout-flex\">\n<p>Pages:<\/p>\n\n\n\n<div class=\"wp-block-buttons is-layout-flex wp-block-buttons-is-layout-flex\">\n<div class=\"wp-block-button has-custom-font-size has-small-font-size\"><a class=\"wp-block-button__link has-white-color has-dark-gray-background-color has-text-color has-background has-link-color wp-element-button\" href=\"https:\/\/stn.cm.umk.pl\/gb\/konferencje-krajowe\/\" style=\"border-radius:0px\">1<\/a><\/div>\n\n\n\n<div class=\"wp-block-button has-custom-font-size has-small-font-size\"><a class=\"wp-block-button__link has-white-color has-dark-gray-background-color has-text-color has-background has-link-color wp-element-button\" href=\"https:\/\/stn.cm.umk.pl\/gb\/konferencje-krajowe\/2\/\" style=\"border-radius:0px\">2<\/a><\/div>\n\n\n\n<div class=\"wp-block-button has-custom-font-size has-small-font-size\"><a class=\"wp-block-button__link has-white-color has-dark-gray-background-color has-text-color has-background has-link-color wp-element-button\" href=\"https:\/\/stn.cm.umk.pl\/gb\/konferencje-krajowe\/3\/\" style=\"border-radius:0px\">3<\/a><\/div>\n<\/div>\n<\/div>\n\n\n\n<div style=\"height:41px\" aria-hidden=\"true\" class=\"wp-block-spacer\"><\/div>\n\n\n\n<p class=\"has-text-align-center has-medium-font-size\"><strong>MENU<\/strong><\/p>\n\n\n\n<p><strong>Section I<\/strong> &#8211; Students who are <strong>NOT<\/strong> applying for conference travel funding <br><a href=\"https:\/\/stn.cm.umk.pl\/gb\/konferencje-krajowe\/2\/\" title=\"\"><mark style=\"background-color:rgba(0, 0, 0, 0)\" class=\"has-inline-color has-dark-gray-color\">(page 2)<\/mark><\/a><\/p>\n\n\n\n<hr class=\"wp-block-separator has-text-color has-dark-gray-color has-alpha-channel-opacity has-dark-gray-background-color has-background is-style-wide\"\/>\n\n\n\n<p><strong>Section II<\/strong> &#8211; Students who <strong>ARE<\/strong> applying for conference travel funding: <a href=\"https:\/\/stn.cm.umk.pl\/gb\/konferencje-krajowe\/3\/\" title=\"\"><mark style=\"background-color:rgba(0, 0, 0, 0)\" class=\"has-inline-color has-dark-gray-color\">(page 3)<\/mark><\/a><\/p>\n\n\n\n<ol class=\"wp-block-list\">\n<li>General rules<\/li>\n\n\n\n<li>OPTION A &#8211; conference fee + other expenses<\/li>\n\n\n\n<li>OPTION B &#8211; travel costs and\/or accommodation costs (without conference fee)<\/li>\n\n\n\n<li>Notes regarding completing and submitting the &#8220;Application for conference travel funding&#8221;<\/li>\n<\/ol>\n\n\n\n<!--nextpage-->\n\n\n\n<div class=\"wp-block-group is-nowrap is-layout-flex wp-container-core-group-is-layout-2 wp-block-group-is-layout-flex\">\n<p>Pages:<\/p>\n\n\n\n<div class=\"wp-block-buttons is-layout-flex wp-block-buttons-is-layout-flex\">\n<div class=\"wp-block-button has-custom-font-size has-small-font-size\"><a class=\"wp-block-button__link has-white-color has-dark-gray-background-color has-text-color has-background has-link-color wp-element-button\" href=\"https:\/\/stn.cm.umk.pl\/gb\/konferencje-krajowe\/\" style=\"border-radius:0px\">1<\/a><\/div>\n\n\n\n<div class=\"wp-block-button has-custom-font-size has-small-font-size\"><a class=\"wp-block-button__link has-white-color has-dark-gray-background-color has-text-color has-background has-link-color wp-element-button\" href=\"https:\/\/stn.cm.umk.pl\/gb\/konferencje-krajowe\/2\/\" style=\"border-radius:0px\">2<\/a><\/div>\n\n\n\n<div class=\"wp-block-button has-custom-font-size has-small-font-size\"><a class=\"wp-block-button__link has-white-color has-dark-gray-background-color has-text-color has-background has-link-color wp-element-button\" href=\"https:\/\/stn.cm.umk.pl\/gb\/konferencje-krajowe\/3\/\" style=\"border-radius:0px\">3<\/a><\/div>\n<\/div>\n<\/div>\n\n\n\n<div style=\"height:41px\" aria-hidden=\"true\" class=\"wp-block-spacer\"><\/div>\n\n\n\n<p class=\"has-text-align-center has-large-font-size\"><strong>Section I &#8211; Students who are NOT applying for conference travel funding<\/strong><\/p>\n\n\n\n<p>The Student Scientific Society (STN) is obliged to report every student trip to a scientific conference. For this reason, we request that every student participating in a scientific conference (both active and passive participation) fill out the <a href=\"https:\/\/stn.cm.umk.pl\/wp-content\/uploads\/2021\/06\/Wniosek-o-dofinansowanie-wyjazdu-na-konferencj\u0119.docx\" title=\"\"><mark style=\"background-color:rgba(0, 0, 0, 0)\" class=\"has-inline-color has-dark-gray-color\">&#8220;Application&#8221;<\/mark><\/a> available on our website.<\/p>\n\n\n\n<p><strong>STEP 1:<\/strong> If students are not applying for travel funding, all elements of the application must be completed <strong>EXCEPT FOR:<\/strong><\/p>\n\n\n\n<ul class=\"wp-block-list\">\n<li>Conference fee cost<\/li>\n\n\n\n<li>Travel cost and its form (e.g., bus, train)<\/li>\n\n\n\n<li>Accommodation costs (total)<\/li>\n\n\n\n<li>Number of nights<\/li>\n\n\n\n<li>Total cost of the trip<\/li>\n<\/ul>\n\n\n\n<p>If the student is not presenting a scientific paper at the conference (passive participation), the following should also be omitted:<\/p>\n\n\n\n<ul class=\"wp-block-list\">\n<li>Title of the paper accepted by the organizer<\/li>\n\n\n\n<li>Type of presentation (oral presentation\/poster)<\/li>\n<\/ul>\n\n\n\n<p>In the cells intended for this information, enter &#8220;-&#8221; or &#8220;not applicable&#8221; (N\/A).<\/p>\n\n\n\n<p>It is also mandatory to obtain the signature and stamp of the scientific circle supervisor!<\/p>\n\n\n\n<div style=\"height:25px\" aria-hidden=\"true\" class=\"wp-block-spacer\"><\/div>\n\n\n\n<p><strong>STEP 2:<\/strong> The completed application must be sent to <strong>stncmumk@gmail.com<\/strong><\/p>\n\n\n\n<div style=\"height:16px\" aria-hidden=\"true\" class=\"wp-block-spacer\"><\/div>\n\n\n\n<p><strong>STEP 3:<\/strong> The STN forwards the received document to the Recruitment and Student Affairs Office and the Vice-Rector for Student Affairs and Education. The application, with a positive opinion from the Vice-Rector, serves as the basis for excusing your absence from university classes.<\/p>\n\n\n\n<!--nextpage-->\n\n\n\n<div class=\"wp-block-group is-nowrap is-layout-flex wp-container-core-group-is-layout-3 wp-block-group-is-layout-flex\">\n<p>Pages:<\/p>\n\n\n\n<div class=\"wp-block-buttons is-layout-flex wp-block-buttons-is-layout-flex\">\n<div class=\"wp-block-button has-custom-font-size has-small-font-size\"><a class=\"wp-block-button__link has-white-color has-dark-gray-background-color has-text-color has-background has-link-color wp-element-button\" href=\"https:\/\/stn.cm.umk.pl\/gb\/konferencje-krajowe\/\" style=\"border-radius:0px\">1<\/a><\/div>\n\n\n\n<div class=\"wp-block-button has-custom-font-size has-small-font-size\"><a class=\"wp-block-button__link has-white-color has-dark-gray-background-color has-text-color has-background has-link-color wp-element-button\" href=\"https:\/\/stn.cm.umk.pl\/gb\/konferencje-krajowe\/2\/\" style=\"border-radius:0px\">2<\/a><\/div>\n\n\n\n<div class=\"wp-block-button has-custom-font-size has-small-font-size\"><a class=\"wp-block-button__link has-white-color has-dark-gray-background-color has-text-color has-background has-link-color wp-element-button\" href=\"https:\/\/stn.cm.umk.pl\/gb\/konferencje-krajowe\/3\/\" style=\"border-radius:0px\">3<\/a><\/div>\n<\/div>\n<\/div>\n\n\n\n<div style=\"height:43px\" aria-hidden=\"true\" class=\"wp-block-spacer\"><\/div>\n\n\n\n<p class=\"has-text-align-center has-large-font-size\"><strong>Section II &#8211; Students who are applying for conference travel funding<\/strong><\/p>\n\n\n\n<ol class=\"wp-block-list\">\n<li><a href=\"#krajowe-ENG-ogolnezasady\" title=\"\"><mark style=\"background-color:rgba(0, 0, 0, 0)\" class=\"has-inline-color has-dark-gray-color\">General rules<\/mark><\/a><\/li>\n\n\n\n<li><a href=\"#krajowe-ENG-opcjaA\" title=\"\"><mark style=\"background-color:rgba(0, 0, 0, 0)\" class=\"has-inline-color has-dark-gray-color\">OPTION A &#8211; conference fee + other expenses<\/mark><\/a><\/li>\n\n\n\n<li><a href=\"#krajowe-ENG-opcjaB\" title=\"\"><mark style=\"background-color:rgba(0, 0, 0, 0)\" class=\"has-inline-color has-dark-gray-color\">OPTION B &#8211; travel costs and\/or accommodation costs (without conference fee)<\/mark><\/a><\/li>\n\n\n\n<li><a href=\"#krajowe-ENG-uwagi\" title=\"\"><mark style=\"background-color:rgba(0, 0, 0, 0)\" class=\"has-inline-color has-dark-gray-color\">Notes regarding completing and submitting the &#8220;Application for conference travel funding&#8221;<\/mark><\/a><\/li>\n<\/ol>\n\n\n\n<ol id=\"krajowe-PL-ogolnezasady\" class=\"wp-block-list\">\n<li id=\"krajowe-ENG-ogolnezasady\"><strong>GENERAL RULES:<\/strong><\/li>\n<\/ol>\n\n\n\n<p>-) Only registered STN members can receive funding<\/p>\n\n\n\n<p>-) A student may apply for reimbursement of the conference fee, travel costs, and\/or accommodation costs<\/p>\n\n\n\n<p>-) <strong>The rule applies: 1 paper presented at the conference = maximum 1 active participant.<\/strong> <br>Reimbursement of costs for presenting at a conference can be granted exclusively to the person submitting the application for travel funding. In the case of multi-author works, funding for event participation costs can be received by only one person representing a given scientific achievement, regardless of the number of people actually presenting the work during the conference<\/p>\n\n\n\n<p>-) Invoices serve as the basis for the reimbursement of incurred costs<\/p>\n\n\n\n<p>-) Invoice for the conference fee &#8211; must be issued to the university&#8217;s details:<br><br><strong><strong>Uniwersytet Miko\u0142aja Kopernika w Toruniu<br>ul. Gagarina 11, 87-100<br>Toru\u0144<br>NIP 879 017 72 91<\/strong><\/strong><br>(The service description should include the <strong>full name<\/strong> of the Participant)<\/p>\n\n\n\n<p>-) Invoice for transport and accommodation &#8211; must be issued to the student&#8217;s personal details<\/p>\n\n\n\n<hr class=\"wp-block-separator aligncenter has-text-color has-dark-gray-color has-alpha-channel-opacity has-dark-gray-background-color has-background is-style-wide\"\/>\n\n\n\n<p class=\"has-text-align-center has-medium-font-size\" id=\"krajowe-ENG-opcjaA\">2. <strong><strong>OPTION A &#8211; The student applies for reimbursement of the conference fee and other expenses<\/strong>:<\/strong><\/p>\n\n\n\n<ul class=\"wp-block-list\">\n<li>conference fee<\/li>\n\n\n\n<li>conference fee + travel costs<\/li>\n\n\n\n<li>conference fee + accommodation costs<\/li>\n\n\n\n<li>conference fee + travel costs + accommodation costs<\/li>\n<\/ul>\n\n\n\n<p><strong>STEP 1:<\/strong> Before a student registers as an active participant at the conference (sends an abstract, pays for participation), several formal issues must be settled:&nbsp;<\/p>\n\n\n\n<p>a) Invoicing rules of the conference organizers:<\/p>\n\n\n\n<ul class=\"wp-block-list\">\n<li>Do the organizers issue a pro-forma invoice?<\/li>\n\n\n\n<li>If not, can they generate a preview of a structured invoice (PDF visualization)?<\/li>\n\n\n\n<li>If not, can they issue an invoice with a deferred payment date?<\/li>\n<\/ul>\n\n\n\n<p>b) Payment method for the invoice:<\/p>\n\n\n\n<ul class=\"wp-block-list\">\n<li>Is a standard bank transfer possible, or is payment made exclusively through online operators (e.g., PayU, Przelewy24, PayPal)?<\/li>\n<\/ul>\n\n\n\n<p>Answers to these questions should be found in the payment regulations or the &#8220;Fees\/Registration&#8221; tab. If the regulations do not specify the rules for issuing documents, email the organizers or call the provided contact number.<\/p>\n\n\n\n<div style=\"height:37px\" aria-hidden=\"true\" class=\"wp-block-spacer\"><\/div>\n\n\n\n<p><strong>STEP 2:<\/strong> The student provides all collected information regarding invoices and payments to the STN. To do this, send an email to <strong>stncmumk@gmail.com<\/strong> or contact the STN treasurer. Verification of this data with the STN is essential because the invoice must be paid <span style=\"text-decoration: underline;\">directly<\/span> by the university. The university <strong><span style=\"text-decoration: underline;\">DOES NOT<\/span><\/strong> reimburse conference fee costs to students&#8217; private bank accounts.<\/p>\n\n\n\n<div style=\"height:36px\" aria-hidden=\"true\" class=\"wp-block-spacer\"><\/div>\n\n\n\n<p><strong>STEP 3:<\/strong> The student sends the scientific paper abstract to the conference organizers<\/p>\n\n\n\n<p><strong>SIMULTANEOUSLY<\/strong>,<\/p>\n\n\n\n<p>the student sends the following to <strong>stncmumk@gmail.com<\/strong>:<\/p>\n\n\n\n<ol class=\"wp-block-list\">\n<li>The abstract of the paper, and<\/li>\n\n\n\n<li>A completed <a href=\"https:\/\/stn.cm.umk.pl\/wp-content\/uploads\/2021\/06\/Wniosek-o-dofinansowanie-wyjazdu-na-konferencj\u0119.docx\" title=\"\"><mark style=\"background-color:rgba(0, 0, 0, 0)\" class=\"has-inline-color has-dark-gray-color\">&#8220;Application for conference travel funding&#8221;<\/mark><\/a><\/li>\n<\/ol>\n\n\n\n<p>The completed funding application must include:<\/p>\n\n\n\n<ul class=\"wp-block-list\">\n<li>The conference fee cost!<\/li>\n\n\n\n<li>Travel costs (if applicable)<\/li>\n\n\n\n<li>Accommodation costs (if applicable)<\/li>\n\n\n\n<li>The stamp and signature of the scientific circle supervisor!<\/li>\n<\/ul>\n\n\n\n<div style=\"height:31px\" aria-hidden=\"true\" class=\"wp-block-spacer\"><\/div>\n\n\n\n<p><strong>STEP 4:<\/strong> After receiving confirmation of the paper&#8217;s acceptance from the organizers, the student sends the official confirmation of participation to the Student Scientific Society<\/p>\n\n\n\n<ul class=\"wp-block-list\">\n<li><em>The STN forwards all information and documents from steps 2, 3, and 4 to the Recruitment and Student Affairs Office and the Vice-Rector for Student Affairs and Education<\/em><\/li>\n<\/ul>\n\n\n\n<ul class=\"wp-block-list\">\n<li><em>After receiving a positive opinion from the Vice-Rector regarding funding, the conference participation can be paid for<\/em><\/li>\n<\/ul>\n\n\n\n<ul class=\"wp-block-list\">\n<li><em>Regarding the <span style=\"text-decoration: underline;\">conference fee<\/span>: THE UNIVERSITY <strong><span style=\"text-decoration: underline;\">DOES NOT<\/span><\/strong> REIMBURSE COSTS TO STUDENTS&#8217; PRIVATE ACCOUNTS; THE CONFERENCE FEE INVOICE <strong><span style=\"text-decoration: underline;\">IS SETTLED DIRECTLY BY THE UNIVERSITY<\/span><\/strong><\/em><\/li>\n<\/ul>\n\n\n\n<ul class=\"wp-block-list\">\n<li><em>Regarding <span style=\"text-decoration: underline;\">travel and accommodation costs<\/span>: Students pay from their private accounts and receive invoices\/tickets in their name, which serve as the basis for reimbursement to their private accounts. Purchases should be made as soon as possible.<\/em><\/li>\n<\/ul>\n\n\n\n<ul class=\"wp-block-list\">\n<li><em>The entire procedure should be started <strong>as soon as possible!<\/strong> There is a risk of extended application processing times due to potential issues with organizers issuing the conference fee invoice<\/em><\/li>\n<\/ul>\n\n\n\n<ul class=\"wp-block-list\">\n<li><em>The STN remains at your disposal and is here to assist you at every stage of the procedure<\/em><\/li>\n<\/ul>\n\n\n\n<hr class=\"wp-block-separator aligncenter has-text-color has-dark-gray-color has-alpha-channel-opacity has-dark-gray-background-color has-background is-style-wide\"\/>\n\n\n\n<p class=\"has-text-align-center has-medium-font-size\" id=\"krajowe-ENG-opcjaB\">3. <strong><strong>OPTION B &#8211; The student applies for reimbursement of travel costs and\/or accommodation costs (without the conference fee)<\/strong><\/strong><\/p>\n\n\n\n<ul class=\"wp-block-list\">\n<li>travel costs<\/li>\n\n\n\n<li>accommodation costs<\/li>\n\n\n\n<li>travel costs + accommodation costs<\/li>\n<\/ul>\n\n\n\n<p>If the student does not apply for reimbursement of the conference fee (pays it themselves), there is no need to contact the organizers in advance, as in Option A.<\/p>\n\n\n\n<p>The following steps should be taken after the paper is accepted by the conference organizers.<\/p>\n\n\n\n<p><strong>STEP 1:<\/strong> The student purchases travel tickets and\/or hotel accommodation and receives invoices\/tickets in their name, which serve as the basis for reimbursement to their private account<\/p>\n\n\n\n<div style=\"height:15px\" aria-hidden=\"true\" class=\"wp-block-spacer\"><\/div>\n\n\n\n<p><strong>STEP 2:<\/strong> The student fills out the <a href=\"https:\/\/stn.cm.umk.pl\/wp-content\/uploads\/2021\/06\/Wniosek-o-dofinansowanie-wyjazdu-na-konferencj\u0119.docx\" title=\"\"><mark style=\"background-color:rgba(0, 0, 0, 0)\" class=\"has-inline-color has-dark-gray-color\">&#8220;Application for conference travel funding&#8221;<\/mark><\/a><\/p>\n\n\n\n<p>The application must include:<\/p>\n\n\n\n<ul class=\"wp-block-list\">\n<li>Travel costs and\/or accommodation costs<\/li>\n\n\n\n<li>The stamp and signature of the scientific circle supervisor!<\/li>\n<\/ul>\n\n\n\n<div style=\"height:13px\" aria-hidden=\"true\" class=\"wp-block-spacer\"><\/div>\n\n\n\n<p><strong>STEP 3:<\/strong> The student sends the following to <strong>stncmumk@gmail.com<\/strong>:<\/p>\n\n\n\n<ol class=\"wp-block-list\">\n<li>The abstract of the paper<\/li>\n\n\n\n<li>The completed &#8220;Application for conference travel funding&#8221;<\/li>\n\n\n\n<li>Confirmation of paper acceptance from the organizers<\/li>\n\n\n\n<li>The received personal invoices\/tickets<\/li>\n<\/ol>\n\n\n\n<div style=\"height:15px\" aria-hidden=\"true\" class=\"wp-block-spacer\"><\/div>\n\n\n\n<p><strong>STEP 4:<\/strong> The STN forwards the received documents to the Recruitment and Student Affairs Office and the Vice-Rector for Student Affairs and Education. After receiving a positive opinion from the Vice-Rector, reimbursement of the incurred costs will be possible<\/p>\n\n\n\n<div style=\"height:12px\" aria-hidden=\"true\" class=\"wp-block-spacer\"><\/div>\n\n\n\n<ul class=\"wp-block-list\">\n<li><em>The entire procedure should be started as soon as possible! Documents from Step 3 must be sent <strong>no later than 14 working days before the conference<\/strong> (the day of departure is not included in the limit).<\/em><\/li>\n<\/ul>\n\n\n\n<ul class=\"wp-block-list\">\n<li><em>The STN remains at your disposal and is here to assist you at every stage of the procedure.<\/em><\/li>\n<\/ul>\n\n\n\n<hr class=\"wp-block-separator aligncenter has-text-color has-dark-gray-color has-alpha-channel-opacity has-dark-gray-background-color has-background is-style-wide\"\/>\n\n\n\n<ol start=\"4\" class=\"wp-block-list\">\n<li id=\"krajowe-ENG-uwagi\" class=\"krajowe-ENG-uwagi\"><strong>Notes regarding completing and submitting the &#8220;Application for conference travel funding&#8221;<\/strong><\/li>\n<\/ol>\n\n\n\n<p>-) <strong>Travel costs:<\/strong> The cheapest possible means of transport is taken into account (e.g., PKP train 2nd class, FlixBus). If the journey does not start in Bydgoszcz, this must be indicated in the application.<\/p>\n\n\n\n<p>-) <strong>Accommodation:<\/strong> If an overnight stay is required in the host city, the maximum number of nights is (n-1), where n is the number of conference days. The cheapest possible accommodation in the given city should be chosen.<\/p>\n\n\n\n<p>-) If, for the same conference:<\/p>\n\n\n\n<ul class=\"wp-block-list\">\n<li>more than one person is going,<\/li>\n\n\n\n<li>people participating are presenting different scientific papers,<\/li>\n<\/ul>\n\n\n\n<p>there is a possibility of sharing accommodation costs.<\/p>\n\n\n\n<p>Then the person making the accommodation reservation includes the <span style=\"text-decoration: underline;\">total<\/span> accommodation cost of <span style=\"text-decoration: underline;\">all persons<\/span> on their &#8220;Application for conference travel funding.&#8221; The other participants <span style=\"text-decoration: underline;\"><strong>DO NOT<\/strong> include accommodation costs on their applications<\/span>. The condition for applying this procedure is submitting a joint declaration of joint and several liability for settling the costs and dividing the received funds. This document should be sent to stncmumk@gmail.com along with the other attachments.<\/p>\n\n\n\n<p>-) Applications for funding will be accepted until STN funds for SKN (Student Scientific Circles) activities are exhausted<\/p>\n\n\n\n<p>-) The amount of funding granted is discretionary, and the final decision lies within the competence of the Vice-Rector for Student Affairs and Education<\/p>\n","protected":false},"excerpt":{"rendered":"<p>Strony: MENU Sekcja I &#8211; Studenci, kt\u00f3rzy NIE wnioskuj\u0105 o dofinansowanie na wyjazd na konferencj\u0119 naukow\u0105 (strona 2) Sekcja II &#8211; Studenci, kt\u00f3rzy wnioskuj\u0105 o dofinansowanie na wyjazd na konferencj\u0119 naukow\u0105: (strona 3)<\/p>\n","protected":false},"author":18,"featured_media":0,"parent":0,"menu_order":0,"comment_status":"closed","ping_status":"closed","template":"","meta":{"footnotes":""},"class_list":["post-4941","page","type-page","status-publish","hentry"],"translation":{"provider":"WPGlobus","version":"3.0.0","language":"gb","enabled_languages":["pl","gb"],"languages":{"pl":{"title":true,"content":true,"excerpt":false},"gb":{"title":true,"content":true,"excerpt":false}}},"aioseo_notices":[],"jetpack_sharing_enabled":true,"_links":{"self":[{"href":"https:\/\/stn.cm.umk.pl\/gb\/wp-json\/wp\/v2\/pages\/4941","targetHints":{"allow":["GET"]}}],"collection":[{"href":"https:\/\/stn.cm.umk.pl\/gb\/wp-json\/wp\/v2\/pages"}],"about":[{"href":"https:\/\/stn.cm.umk.pl\/gb\/wp-json\/wp\/v2\/types\/page"}],"author":[{"embeddable":true,"href":"https:\/\/stn.cm.umk.pl\/gb\/wp-json\/wp\/v2\/users\/18"}],"replies":[{"embeddable":true,"href":"https:\/\/stn.cm.umk.pl\/gb\/wp-json\/wp\/v2\/comments?post=4941"}],"version-history":[{"count":37,"href":"https:\/\/stn.cm.umk.pl\/gb\/wp-json\/wp\/v2\/pages\/4941\/revisions"}],"predecessor-version":[{"id":5052,"href":"https:\/\/stn.cm.umk.pl\/gb\/wp-json\/wp\/v2\/pages\/4941\/revisions\/5052"}],"wp:attachment":[{"href":"https:\/\/stn.cm.umk.pl\/gb\/wp-json\/wp\/v2\/media?parent=4941"}],"curies":[{"name":"wp","href":"https:\/\/api.w.org\/{rel}","templated":true}]}}