{"id":4897,"date":"2026-01-30T11:02:05","date_gmt":"2026-01-30T10:02:05","guid":{"rendered":"https:\/\/stn.cm.umk.pl\/?page_id=4897"},"modified":"2026-04-24T15:30:27","modified_gmt":"2026-04-24T13:30:27","slug":"skn-biochemii-i-chemii-bioorganicznej","status":"publish","type":"page","link":"https:\/\/stn.cm.umk.pl\/gb\/skn-biochemii-i-chemii-bioorganicznej\/","title":{"rendered":"SKN Biochemii i Chemii Bioorganicznej"},"content":{"rendered":"\n<p><\/p>\n\n\n<div class=\"wp-block-image\">\n<figure class=\"alignright is-resized\"><img loading=\"lazy\" decoding=\"async\" width=\"2355\" height=\"2124\" src=\"https:\/\/stn.cm.umk.pl\/wp-content\/uploads\/2026\/01\/Logo-1.jpg\" alt=\"\" class=\"wp-image-4900\" style=\"width:286px;height:auto\" srcset=\"https:\/\/stn.cm.umk.pl\/wp-content\/uploads\/2026\/01\/Logo-1.jpg 2355w, https:\/\/stn.cm.umk.pl\/wp-content\/uploads\/2026\/01\/Logo-1-300x271.jpg 300w, https:\/\/stn.cm.umk.pl\/wp-content\/uploads\/2026\/01\/Logo-1-1024x924.jpg 1024w, https:\/\/stn.cm.umk.pl\/wp-content\/uploads\/2026\/01\/Logo-1-768x693.jpg 768w, https:\/\/stn.cm.umk.pl\/wp-content\/uploads\/2026\/01\/Logo-1-1536x1385.jpg 1536w, https:\/\/stn.cm.umk.pl\/wp-content\/uploads\/2026\/01\/Logo-1-2048x1847.jpg 2048w, https:\/\/stn.cm.umk.pl\/wp-content\/uploads\/2026\/01\/Logo-1-1200x1082.jpg 1200w\" sizes=\"auto, (max-width: 709px) 85vw, (max-width: 909px) 67vw, (max-width: 1362px) 62vw, 840px\" \/><\/figure><\/div>\n\n\n<p><strong>Jednostka organizacyjna: <\/strong>Katedra Biologii i Biochemii Medycznej<\/p>\n\n\n\n<p><strong>Opiekunowie:<\/strong> dr hab. Renata Ko\u0142odziejska, dr hab. Hanna Pawluk, dr Marcin Wr\u00f3blewski<\/p>\n\n\n\n<p><strong>Przewodnicz\u0105cy:<\/strong> Antoni Godlewski <\/p>\n\n\n\n<p><strong>Kontakt: <\/strong>sknbiologiichemibioorganicznej@gmail.com<\/p>\n\n\n\n<p><strong>Opis dzia\u0142alno\u015bci:<\/strong><\/p>\n\n\n\n<p>Zajmujemy si\u0119 przede wszystkim \u0142\u0105czeniem pracy opartej na klasycznej chemii organicznej z eksperymentami dotycz\u0105cymi bio-katalizator\u00f3w. U\u017cywamy na co dzie\u0144 m.in. HPLC jak i r\u00f3\u017cnych innych metod analitycznych. Osobno dzia\u0142amy r\u00f3wnie\u017c w dziedzinach bardziej medycznych, zg\u0142\u0119biaj\u0105c m.in. kwesti\u0119 wp\u0142ywu cytokin na regeneracj\u0119 m\u00f3zgu po udarze. Tam zastosowanie ma w szczeg\u00f3lno\u015bci test ELISA.<\/p>\n\n\n\n<p><\/p>\n","protected":false},"excerpt":{"rendered":"<p>Jednostka organizacyjna: Katedra Biologii i Biochemii Medycznej Opiekunowie: dr hab. Renata Ko\u0142odziejska, dr hab. Hanna Pawluk, dr Marcin Wr\u00f3blewski Przewodnicz\u0105cy: Antoni Godlewski Kontakt: sknbiologiichemibioorganicznej@gmail.com Opis dzia\u0142alno\u015bci: Zajmujemy si\u0119 przede wszystkim \u0142\u0105czeniem pracy opartej na klasycznej chemii organicznej z eksperymentami dotycz\u0105cymi bio-katalizator\u00f3w. U\u017cywamy na co dzie\u0144 m.in. HPLC jak i r\u00f3\u017cnych innych metod analitycznych. Osobno dzia\u0142amy &hellip; <a href=\"https:\/\/stn.cm.umk.pl\/gb\/skn-biochemii-i-chemii-bioorganicznej\/\" class=\"more-link\">Continue reading<span class=\"screen-reader-text\"> &#8220;SKN Biochemii i Chemii Bioorganicznej&#8221;<\/span><\/a><\/p>\n","protected":false},"author":19,"featured_media":0,"parent":0,"menu_order":0,"comment_status":"closed","ping_status":"closed","template":"","meta":{"footnotes":""},"class_list":["post-4897","page","type-page","status-publish","hentry"],"translation":{"provider":"WPGlobus","version":"3.0.0","language":"gb","enabled_languages":["pl","gb"],"languages":{"pl":{"title":true,"content":true,"excerpt":false},"gb":{"title":false,"content":false,"excerpt":false}}},"aioseo_notices":[],"jetpack_sharing_enabled":true,"_links":{"self":[{"href":"https:\/\/stn.cm.umk.pl\/gb\/wp-json\/wp\/v2\/pages\/4897","targetHints":{"allow":["GET"]}}],"collection":[{"href":"https:\/\/stn.cm.umk.pl\/gb\/wp-json\/wp\/v2\/pages"}],"about":[{"href":"https:\/\/stn.cm.umk.pl\/gb\/wp-json\/wp\/v2\/types\/page"}],"author":[{"embeddable":true,"href":"https:\/\/stn.cm.umk.pl\/gb\/wp-json\/wp\/v2\/users\/19"}],"replies":[{"embeddable":true,"href":"https:\/\/stn.cm.umk.pl\/gb\/wp-json\/wp\/v2\/comments?post=4897"}],"version-history":[{"count":5,"href":"https:\/\/stn.cm.umk.pl\/gb\/wp-json\/wp\/v2\/pages\/4897\/revisions"}],"predecessor-version":[{"id":5112,"href":"https:\/\/stn.cm.umk.pl\/gb\/wp-json\/wp\/v2\/pages\/4897\/revisions\/5112"}],"wp:attachment":[{"href":"https:\/\/stn.cm.umk.pl\/gb\/wp-json\/wp\/v2\/media?parent=4897"}],"curies":[{"name":"wp","href":"https:\/\/api.w.org\/{rel}","templated":true}]}}