{"id":4889,"date":"2026-01-25T19:20:54","date_gmt":"2026-01-25T18:20:54","guid":{"rendered":"https:\/\/stn.cm.umk.pl\/?page_id=4889"},"modified":"2026-01-25T19:24:28","modified_gmt":"2026-01-25T18:24:28","slug":"stypendia-granty-zewnetrzne","status":"publish","type":"page","link":"https:\/\/stn.cm.umk.pl\/gb\/stypendia-granty-zewnetrzne\/","title":{"rendered":"Stypendia, Granty zewn\u0119trzne"},"content":{"rendered":"\n<p><strong>L\u2019Or\u00e9al-UNESCO dla Kobiet i Nauki<\/strong><br> Termin zg\u0142osze\u0144: 12.01, 00:01 &#8211; 12.03.2026 23:59 <\/p>\n\n\n\n<p>&#8220;Stypendium dla polskim badaczek reprezentuj\u0105cych szeroko rozumiane nauki o \u017cyciu (nauki przyrodnicze, medyczne i nauki o zdrowiu, rolnicze, \u015bcis\u0142e czy in\u017cynieryjno-techniczne m.in.: medycyna, biologia, fizyka, chemia i biotechnologia) prowadz\u0105cych badania naukowe maj\u0105ce na celu uzyskanie tytu\u0142u magistra, doktora lub doktora habilitowanego.&#8221; <\/p>\n\n\n\n<p>Link po wi\u0119cej informacji:<br><a href=\"https:\/\/www.eurodesk.pl\/granty\/loreal-unesco\">https:\/\/www.eurodesk.pl\/granty\/loreal-unesco<\/a><\/p>\n\n\n\n<hr class=\"wp-block-separator has-alpha-channel-opacity is-style-wide\"\/>\n\n\n\n<p><\/p>\n","protected":false},"excerpt":{"rendered":"<p>L\u2019Or\u00e9al-UNESCO dla Kobiet i Nauki Termin zg\u0142osze\u0144: 12.01, 00:01 &#8211; 12.03.2026 23:59 &#8220;Stypendium dla polskim badaczek reprezentuj\u0105cych szeroko rozumiane nauki o \u017cyciu (nauki przyrodnicze, medyczne i nauki o zdrowiu, rolnicze, \u015bcis\u0142e czy in\u017cynieryjno-techniczne m.in.: medycyna, biologia, fizyka, chemia i biotechnologia) prowadz\u0105cych badania naukowe maj\u0105ce na celu uzyskanie tytu\u0142u magistra, doktora lub doktora habilitowanego.&#8221; Link po &hellip; <a href=\"https:\/\/stn.cm.umk.pl\/gb\/stypendia-granty-zewnetrzne\/\" class=\"more-link\">Continue reading<span class=\"screen-reader-text\"> &#8220;Stypendia, Granty zewn\u0119trzne&#8221;<\/span><\/a><\/p>\n","protected":false},"author":18,"featured_media":0,"parent":0,"menu_order":0,"comment_status":"closed","ping_status":"closed","template":"","meta":{"footnotes":""},"class_list":["post-4889","page","type-page","status-publish","hentry"],"translation":{"provider":"WPGlobus","version":"3.0.0","language":"gb","enabled_languages":["pl","gb"],"languages":{"pl":{"title":true,"content":true,"excerpt":false},"gb":{"title":false,"content":false,"excerpt":false}}},"aioseo_notices":[],"jetpack_sharing_enabled":true,"_links":{"self":[{"href":"https:\/\/stn.cm.umk.pl\/gb\/wp-json\/wp\/v2\/pages\/4889","targetHints":{"allow":["GET"]}}],"collection":[{"href":"https:\/\/stn.cm.umk.pl\/gb\/wp-json\/wp\/v2\/pages"}],"about":[{"href":"https:\/\/stn.cm.umk.pl\/gb\/wp-json\/wp\/v2\/types\/page"}],"author":[{"embeddable":true,"href":"https:\/\/stn.cm.umk.pl\/gb\/wp-json\/wp\/v2\/users\/18"}],"replies":[{"embeddable":true,"href":"https:\/\/stn.cm.umk.pl\/gb\/wp-json\/wp\/v2\/comments?post=4889"}],"version-history":[{"count":2,"href":"https:\/\/stn.cm.umk.pl\/gb\/wp-json\/wp\/v2\/pages\/4889\/revisions"}],"predecessor-version":[{"id":4894,"href":"https:\/\/stn.cm.umk.pl\/gb\/wp-json\/wp\/v2\/pages\/4889\/revisions\/4894"}],"wp:attachment":[{"href":"https:\/\/stn.cm.umk.pl\/gb\/wp-json\/wp\/v2\/media?parent=4889"}],"curies":[{"name":"wp","href":"https:\/\/api.w.org\/{rel}","templated":true}]}}