{"id":4872,"date":"2026-01-17T13:25:24","date_gmt":"2026-01-17T12:25:24","guid":{"rendered":"https:\/\/stn.cm.umk.pl\/?page_id=4872"},"modified":"2026-01-17T13:25:25","modified_gmt":"2026-01-17T12:25:25","slug":"skn-ortodoncji","status":"publish","type":"page","link":"https:\/\/stn.cm.umk.pl\/gb\/skn-ortodoncji\/","title":{"rendered":"SKN Ortodoncji"},"content":{"rendered":"\n<p><\/p>\n\n\n\n<p><strong>Jednostka Organizacyjna: <\/strong>Katedra Ortopedii Szcz\u0119kowej i Ortodoncji <\/p>\n\n\n\n<p><strong>Opiekun:<\/strong> dr n. med. Sylwia Jag\u0142a <\/p>\n\n\n\n<p><strong>Przewodnicz\u0105ca:<\/strong> Patrycja Zamora <\/p>\n\n\n\n<p><strong>Kontakt: <\/strong>patrycja.zamora@cm.umk.pl \/ 324988@stud.umk.pl <\/p>\n\n\n\n<p><strong>Opis dzia\u0142alno\u015bci:<\/strong> Dzia\u0142alno\u015b\u0107 SKN Ortodoncji koncentruje si\u0119 na badawczych dzia\u0142aniach interdyscyplinarnych z zakresu ortodoncji, ze szczeg\u00f3lnym uwzgl\u0119dnieniem populacji doros\u0142ych \u2013 m\u0142odych doros\u0142ych powy\u017cej 18. roku \u017cycia oraz os\u00f3b w wieku 35+ a\u017c do p\u00f3\u017anej staro\u015bci. <\/p>\n\n\n\n<p>Cz\u0142onkowie ko\u0142a maj\u0105 mo\u017cliwo\u015b\u0107 aktywnego uczestnictwa w projektach badawczych, analizie danych klinicznych oraz pracy nad publikacjami naukowymi i doniesieniami konferencyjnymi. Maj\u0105 tak\u017ce mo\u017cliwo\u015b\u0107 aktywnego uczestnictwa w konferencjach naukowo-szkoleniowych zar\u00f3wno w prezentacjach ustnych jak i posterowych przeznaczonych dla student\u00f3w. <\/p>\n\n\n\n<p><strong>W ramach dzia\u0142alno\u015bci ko\u0142a studenci mog\u0105: <\/strong>bra\u0107 udzia\u0142 w projektach badawczych i obserwacjach klinicznych, rozwija\u0107 umiej\u0119tno\u015bci analizy i interpretacji literatury naukowej, wsp\u00f3\u0142uczestniczy\u0107 w przygotowywaniu doniesie\u0144 naukowych, uczy\u0107 si\u0119 planowania i prowadzenia studenckich projekt\u00f3w badawczych, uczestniczy\u0107 w warsztatach i spotkaniach z ekspertami z zakresu ortodoncji i innych dziedzin powi\u0105zanych z zaburzeniami narz\u0105du \u017cucia.<\/p>\n","protected":false},"excerpt":{"rendered":"<p>Jednostka Organizacyjna: Katedra Ortopedii Szcz\u0119kowej i Ortodoncji Opiekun: dr n. med. Sylwia Jag\u0142a Przewodnicz\u0105ca: Patrycja Zamora Kontakt: patrycja.zamora@cm.umk.pl \/ 324988@stud.umk.pl Opis dzia\u0142alno\u015bci: Dzia\u0142alno\u015b\u0107 SKN Ortodoncji koncentruje si\u0119 na badawczych dzia\u0142aniach interdyscyplinarnych z zakresu ortodoncji, ze szczeg\u00f3lnym uwzgl\u0119dnieniem populacji doros\u0142ych \u2013 m\u0142odych doros\u0142ych powy\u017cej 18. roku \u017cycia oraz os\u00f3b w wieku 35+ a\u017c do p\u00f3\u017anej staro\u015bci. &hellip; <a href=\"https:\/\/stn.cm.umk.pl\/gb\/skn-ortodoncji\/\" class=\"more-link\">Continue reading<span class=\"screen-reader-text\"> &#8220;SKN Ortodoncji&#8221;<\/span><\/a><\/p>\n","protected":false},"author":19,"featured_media":0,"parent":0,"menu_order":0,"comment_status":"closed","ping_status":"closed","template":"","meta":{"footnotes":""},"class_list":["post-4872","page","type-page","status-publish","hentry"],"translation":{"provider":"WPGlobus","version":"3.0.0","language":"gb","enabled_languages":["pl","gb"],"languages":{"pl":{"title":true,"content":true,"excerpt":false},"gb":{"title":false,"content":false,"excerpt":false}}},"aioseo_notices":[],"jetpack_sharing_enabled":true,"_links":{"self":[{"href":"https:\/\/stn.cm.umk.pl\/gb\/wp-json\/wp\/v2\/pages\/4872","targetHints":{"allow":["GET"]}}],"collection":[{"href":"https:\/\/stn.cm.umk.pl\/gb\/wp-json\/wp\/v2\/pages"}],"about":[{"href":"https:\/\/stn.cm.umk.pl\/gb\/wp-json\/wp\/v2\/types\/page"}],"author":[{"embeddable":true,"href":"https:\/\/stn.cm.umk.pl\/gb\/wp-json\/wp\/v2\/users\/19"}],"replies":[{"embeddable":true,"href":"https:\/\/stn.cm.umk.pl\/gb\/wp-json\/wp\/v2\/comments?post=4872"}],"version-history":[{"count":1,"href":"https:\/\/stn.cm.umk.pl\/gb\/wp-json\/wp\/v2\/pages\/4872\/revisions"}],"predecessor-version":[{"id":4873,"href":"https:\/\/stn.cm.umk.pl\/gb\/wp-json\/wp\/v2\/pages\/4872\/revisions\/4873"}],"wp:attachment":[{"href":"https:\/\/stn.cm.umk.pl\/gb\/wp-json\/wp\/v2\/media?parent=4872"}],"curies":[{"name":"wp","href":"https:\/\/api.w.org\/{rel}","templated":true}]}}