{"id":4797,"date":"2025-11-20T13:33:30","date_gmt":"2025-11-20T12:33:30","guid":{"rendered":"https:\/\/stn.cm.umk.pl\/?page_id=4797"},"modified":"2025-11-20T13:33:31","modified_gmt":"2025-11-20T12:33:31","slug":"skn-ortopedii-szczekowej","status":"publish","type":"page","link":"https:\/\/stn.cm.umk.pl\/gb\/skn-ortopedii-szczekowej\/","title":{"rendered":"SKN Ortopedii Szcz\u0119kowej"},"content":{"rendered":"\n<p><strong>Jednostka organizacyjna:<\/strong> Katedra Ortopedii Szcz\u0119kowej i Ortodoncji <\/p>\n\n\n\n<p><strong>Opiekun<\/strong>: dr\u00a0n. med. Ma\u0142gorzata \u0141ysiak-Majchrzak<\/p>\n\n\n\n<p><strong>Kontakt:<\/strong> malgoslys@gmail.com<\/p>\n\n\n\n<p><strong>Przewodnicz\u0105ca:<\/strong> Julianna Libura <\/p>\n\n\n\n<p><strong>Kontakt:<\/strong> 330974@stud.umk.pl<\/p>\n\n\n\n<p><strong>Opis dzia\u0142alno\u015bci:<\/strong><\/p>\n\n\n\n<p>Dzia\u0142alno\u015b\u0107 obejmuje badania naukowe i kliniczne dotycz\u0105ce dzieci i m\u0142odzie\u017cy od narodzin do 18 roku \u017cycia. <\/p>\n","protected":false},"excerpt":{"rendered":"<p>Jednostka organizacyjna: Katedra Ortopedii Szcz\u0119kowej i Ortodoncji Opiekun: dr\u00a0n. med. Ma\u0142gorzata \u0141ysiak-Majchrzak Kontakt: malgoslys@gmail.com Przewodnicz\u0105ca: Julianna Libura Kontakt: 330974@stud.umk.pl Opis dzia\u0142alno\u015bci: Dzia\u0142alno\u015b\u0107 obejmuje badania naukowe i kliniczne dotycz\u0105ce dzieci i m\u0142odzie\u017cy od narodzin do 18 roku \u017cycia.<\/p>\n","protected":false},"author":17,"featured_media":0,"parent":0,"menu_order":0,"comment_status":"closed","ping_status":"closed","template":"","meta":{"footnotes":""},"class_list":["post-4797","page","type-page","status-publish","hentry"],"translation":{"provider":"WPGlobus","version":"3.0.0","language":"gb","enabled_languages":["pl","gb"],"languages":{"pl":{"title":true,"content":true,"excerpt":false},"gb":{"title":false,"content":false,"excerpt":false}}},"aioseo_notices":[],"jetpack_sharing_enabled":true,"_links":{"self":[{"href":"https:\/\/stn.cm.umk.pl\/gb\/wp-json\/wp\/v2\/pages\/4797","targetHints":{"allow":["GET"]}}],"collection":[{"href":"https:\/\/stn.cm.umk.pl\/gb\/wp-json\/wp\/v2\/pages"}],"about":[{"href":"https:\/\/stn.cm.umk.pl\/gb\/wp-json\/wp\/v2\/types\/page"}],"author":[{"embeddable":true,"href":"https:\/\/stn.cm.umk.pl\/gb\/wp-json\/wp\/v2\/users\/17"}],"replies":[{"embeddable":true,"href":"https:\/\/stn.cm.umk.pl\/gb\/wp-json\/wp\/v2\/comments?post=4797"}],"version-history":[{"count":1,"href":"https:\/\/stn.cm.umk.pl\/gb\/wp-json\/wp\/v2\/pages\/4797\/revisions"}],"predecessor-version":[{"id":4798,"href":"https:\/\/stn.cm.umk.pl\/gb\/wp-json\/wp\/v2\/pages\/4797\/revisions\/4798"}],"wp:attachment":[{"href":"https:\/\/stn.cm.umk.pl\/gb\/wp-json\/wp\/v2\/media?parent=4797"}],"curies":[{"name":"wp","href":"https:\/\/api.w.org\/{rel}","templated":true}]}}