{"id":4756,"date":"2025-11-03T17:53:31","date_gmt":"2025-11-03T16:53:31","guid":{"rendered":"https:\/\/stn.cm.umk.pl\/?page_id=4756"},"modified":"2025-11-03T20:41:19","modified_gmt":"2025-11-03T19:41:19","slug":"skn-fitofarmakologia","status":"publish","type":"page","link":"https:\/\/stn.cm.umk.pl\/gb\/skn-fitofarmakologia\/","title":{"rendered":"SKN Fitofarmakologii"},"content":{"rendered":"<div class=\"wp-block-image\">\n<figure class=\"alignright size-full is-resized\"><a href=\"https:\/\/stn.cm.umk.pl\/wp-content\/uploads\/2025\/11\/image.png\"><img loading=\"lazy\" decoding=\"async\" width=\"386\" height=\"386\" src=\"https:\/\/stn.cm.umk.pl\/wp-content\/uploads\/2025\/11\/image.png\" alt=\"\" class=\"wp-image-4757\" style=\"width:286px;height:auto\" srcset=\"https:\/\/stn.cm.umk.pl\/wp-content\/uploads\/2025\/11\/image.png 386w, https:\/\/stn.cm.umk.pl\/wp-content\/uploads\/2025\/11\/image-300x300.png 300w, https:\/\/stn.cm.umk.pl\/wp-content\/uploads\/2025\/11\/image-150x150.png 150w\" sizes=\"auto, (max-width: 386px) 85vw, 386px\" \/><\/a><\/figure><\/div>\n\n\n<p><strong>Jednostka organizacyjna<\/strong>: Katedra Botaniki Farmaceutycznej i Farmakognozji<\/p>\n\n\n\n<p><strong> Opiekunowie:<\/strong> dr Jakub G\u0119balski, mgr farm. Milena G\u0119balska <\/p>\n\n\n\n<p><strong>Przewodnicz\u0105cy<\/strong>: Ewa Kie\u0142kowska <strong>kontakt<\/strong>: ewa.kielkowska@cm.umk.pl<\/p>\n\n\n\n<p>SKN Fitofarmakologii dzia\u0142a przy Katedrze Botaniki Farmaceutycznej i Farmakognozji. Ko\u0142o skupia student\u00f3w zainteresowanych badaniem i praktycznym wykorzystaniem substancji pochodzenia ro\u015blinnego w farmacji oraz medycynie. Celem dzia\u0142alno\u015bci jest rozwijanie wiedzy z zakresu fitochemii, farmakognozji i fitoterapii, a tak\u017ce zdobywanie do\u015bwiadczenia w pracy laboratoryjnej i prowadzeniu bada\u0144 naukowych.<\/p>\n\n\n\n<p>Praca w kole odbywa si\u0119 pod opiek\u0105 dra Jakuba G\u0119balskiego, kierownika zespo\u0142u AdaptLAB, co umo\u017cliwia studentom udzia\u0142 w nowoczesnych projektach badawczych i poznawanie metod stosowanych w analizie surowc\u00f3w ro\u015blinnych.<\/p>\n\n\n\n<p>Cz\u0142onkowie SKN Fitofarmakologii uczestnicz\u0105 w konferencjach, warsztatach, grantach oraz pisaniu prac naukowych. To miejsce dla student\u00f3w, kt\u00f3rzy chc\u0105 \u0142\u0105czy\u0107 pasj\u0119 do natury z nauk\u0105 i odkrywa\u0107 terapeutyczny potencja\u0142 ro\u015blin.<\/p>\n","protected":false},"excerpt":{"rendered":"<p>Jednostka organizacyjna: Katedra Botaniki Farmaceutycznej i Farmakognozji Opiekunowie: dr Jakub G\u0119balski, mgr farm. Milena G\u0119balska Przewodnicz\u0105cy: Ewa Kie\u0142kowska kontakt: ewa.kielkowska@cm.umk.pl SKN Fitofarmakologii dzia\u0142a przy Katedrze Botaniki Farmaceutycznej i Farmakognozji. Ko\u0142o skupia student\u00f3w zainteresowanych badaniem i praktycznym wykorzystaniem substancji pochodzenia ro\u015blinnego w farmacji oraz medycynie. Celem dzia\u0142alno\u015bci jest rozwijanie wiedzy z zakresu fitochemii, farmakognozji i fitoterapii, &hellip; <a href=\"https:\/\/stn.cm.umk.pl\/gb\/skn-fitofarmakologia\/\" class=\"more-link\">Continue reading<span class=\"screen-reader-text\"> &#8220;SKN Fitofarmakologii&#8221;<\/span><\/a><\/p>\n","protected":false},"author":14,"featured_media":0,"parent":0,"menu_order":0,"comment_status":"closed","ping_status":"closed","template":"","meta":{"footnotes":""},"class_list":["post-4756","page","type-page","status-publish","hentry"],"translation":{"provider":"WPGlobus","version":"3.0.0","language":"gb","enabled_languages":["pl","gb"],"languages":{"pl":{"title":true,"content":true,"excerpt":false},"gb":{"title":false,"content":false,"excerpt":false}}},"aioseo_notices":[],"jetpack_sharing_enabled":true,"_links":{"self":[{"href":"https:\/\/stn.cm.umk.pl\/gb\/wp-json\/wp\/v2\/pages\/4756","targetHints":{"allow":["GET"]}}],"collection":[{"href":"https:\/\/stn.cm.umk.pl\/gb\/wp-json\/wp\/v2\/pages"}],"about":[{"href":"https:\/\/stn.cm.umk.pl\/gb\/wp-json\/wp\/v2\/types\/page"}],"author":[{"embeddable":true,"href":"https:\/\/stn.cm.umk.pl\/gb\/wp-json\/wp\/v2\/users\/14"}],"replies":[{"embeddable":true,"href":"https:\/\/stn.cm.umk.pl\/gb\/wp-json\/wp\/v2\/comments?post=4756"}],"version-history":[{"count":3,"href":"https:\/\/stn.cm.umk.pl\/gb\/wp-json\/wp\/v2\/pages\/4756\/revisions"}],"predecessor-version":[{"id":4762,"href":"https:\/\/stn.cm.umk.pl\/gb\/wp-json\/wp\/v2\/pages\/4756\/revisions\/4762"}],"wp:attachment":[{"href":"https:\/\/stn.cm.umk.pl\/gb\/wp-json\/wp\/v2\/media?parent=4756"}],"curies":[{"name":"wp","href":"https:\/\/api.w.org\/{rel}","templated":true}]}}