{"id":4717,"date":"2025-10-23T20:06:17","date_gmt":"2025-10-23T18:06:17","guid":{"rendered":"https:\/\/stn.cm.umk.pl\/?page_id=4717"},"modified":"2025-10-23T21:13:53","modified_gmt":"2025-10-23T19:13:53","slug":"emergency-medical-science-skn","status":"publish","type":"page","link":"https:\/\/stn.cm.umk.pl\/gb\/emergency-medical-science-skn\/","title":{"rendered":"Emergency Medical Science SKN"},"content":{"rendered":"\n<p><strong>Jednostka organizacyjna:<\/strong>&nbsp;Katedra Ratownictwa Medycznego <\/p>\n\n\n\n<p><strong>Opiekunowie ko\u0142a:<\/strong>&nbsp;<br>dr Jakub Mierzejewski <br>mgr Micha\u0142 Borowczyk<br>mgr Marta Janowska-Zieniara<\/p>\n\n\n\n<p><strong>Przewodnicz\u0105cy:<\/strong>&nbsp;Weronika Bindek<\/p>\n\n\n\n<p><strong>Kontakt:<\/strong>\u00a0<a href=\"mailto:emergencymedicalscience@gmail.com\">emergencymedicalscience@gmail.com<\/a><\/p>\n\n\n\n<p><strong>Studenckie Ko\u0142o Naukowe Ratownictwa Medycznego &#8220;Emergency Medical Science&#8221;<\/strong> zrzesza student\u00f3w kierunku ratownictwa medycznego, chc\u0105cych poszerza\u0107 umiej\u0119tno\u015bci oraz wiedz\u0119 dotycz\u0105c\u0105 stan\u00f3w nag\u0142ych w warunkach przedszpitalnych. \u0141\u0105cz\u0105c dzia\u0142alno\u015b\u0107 naukow\u0105, praktyczn\u0105 i spo\u0142eczn\u0105 planujemy rozwija\u0107 kompetencje cz\u0142onk\u00f3w \u2013 przysz\u0142ych ratownik\u00f3w medycznych.<\/p>\n\n\n\n<p><strong>Cele i zadania SKN Emergency Medical Science:<\/strong><\/p>\n\n\n\n<ul class=\"wp-block-list\">\n<li>Pog\u0142\u0119bianie wiedzy na temat ratownictwa medycznego cz\u0142onk\u00f3w ko\u0142a<\/li>\n\n\n\n<li>Popularyzacja wiedzy z zakresu ratownictwa medycznego<\/li>\n\n\n\n<li>Prowadzenie bada\u0144 i publikacji naukowych<\/li>\n\n\n\n<li>Organizacja oraz uczestnictwo w warsztatach i konferencjach naukowych<\/li>\n\n\n\n<li>Prowadzenie szkole\u0144 i warsztat\u00f3w z zakresu pierwszej pomocy<\/li>\n\n\n\n<li>Wsp\u00f3\u0142prace mi\u0119dzyuczelniane i mi\u0119dzynarodowe<\/li>\n\n\n\n<li>Uczestnictwo w zawodach z zakresu ratownictwa medycznego<\/li>\n\n\n\n<li>Organizacja oraz uczestnictwo w symulacjach medycznych<\/li>\n\n\n\n<li>Prowadzenie i uczestnictwo w wyjazdach szkoleniowych<\/li>\n<\/ul>\n\n\n\n<p>Wi\u0119cej informacji na stronie ko\u0142a:<br><a href=\"https:\/\/www.wnoz.cm.umk.pl\/kmr\/studenckie-kolo-naukowe-medycyny-ratunkowej\/\" title=\"\">https:\/\/www.wnoz.cm.umk.pl\/kmr\/studenckie-kolo-naukowe-medycyny-ratunkowej\/<\/a><\/p>\n\n\n\n<p><\/p>\n","protected":false},"excerpt":{"rendered":"<p>Jednostka organizacyjna:&nbsp;Katedra Ratownictwa Medycznego Opiekunowie ko\u0142a:&nbsp;dr Jakub Mierzejewski mgr Micha\u0142 Borowczykmgr Marta Janowska-Zieniara Przewodnicz\u0105cy:&nbsp;Weronika Bindek Kontakt:\u00a0emergencymedicalscience@gmail.com Studenckie Ko\u0142o Naukowe Ratownictwa Medycznego &#8220;Emergency Medical Science&#8221; zrzesza student\u00f3w kierunku ratownictwa medycznego, chc\u0105cych poszerza\u0107 umiej\u0119tno\u015bci oraz wiedz\u0119 dotycz\u0105c\u0105 stan\u00f3w nag\u0142ych w warunkach przedszpitalnych. \u0141\u0105cz\u0105c dzia\u0142alno\u015b\u0107 naukow\u0105, praktyczn\u0105 i spo\u0142eczn\u0105 planujemy rozwija\u0107 kompetencje cz\u0142onk\u00f3w \u2013 przysz\u0142ych ratownik\u00f3w medycznych. Cele &hellip; <a href=\"https:\/\/stn.cm.umk.pl\/gb\/emergency-medical-science-skn\/\" class=\"more-link\">Continue reading<span class=\"screen-reader-text\"> &#8220;Emergency Medical Science SKN&#8221;<\/span><\/a><\/p>\n","protected":false},"author":14,"featured_media":0,"parent":0,"menu_order":0,"comment_status":"closed","ping_status":"closed","template":"","meta":{"footnotes":""},"class_list":["post-4717","page","type-page","status-publish","hentry"],"translation":{"provider":"WPGlobus","version":"3.0.0","language":"gb","enabled_languages":["pl","gb"],"languages":{"pl":{"title":true,"content":true,"excerpt":false},"gb":{"title":false,"content":false,"excerpt":false}}},"aioseo_notices":[],"jetpack_sharing_enabled":true,"_links":{"self":[{"href":"https:\/\/stn.cm.umk.pl\/gb\/wp-json\/wp\/v2\/pages\/4717","targetHints":{"allow":["GET"]}}],"collection":[{"href":"https:\/\/stn.cm.umk.pl\/gb\/wp-json\/wp\/v2\/pages"}],"about":[{"href":"https:\/\/stn.cm.umk.pl\/gb\/wp-json\/wp\/v2\/types\/page"}],"author":[{"embeddable":true,"href":"https:\/\/stn.cm.umk.pl\/gb\/wp-json\/wp\/v2\/users\/14"}],"replies":[{"embeddable":true,"href":"https:\/\/stn.cm.umk.pl\/gb\/wp-json\/wp\/v2\/comments?post=4717"}],"version-history":[{"count":3,"href":"https:\/\/stn.cm.umk.pl\/gb\/wp-json\/wp\/v2\/pages\/4717\/revisions"}],"predecessor-version":[{"id":4724,"href":"https:\/\/stn.cm.umk.pl\/gb\/wp-json\/wp\/v2\/pages\/4717\/revisions\/4724"}],"wp:attachment":[{"href":"https:\/\/stn.cm.umk.pl\/gb\/wp-json\/wp\/v2\/media?parent=4717"}],"curies":[{"name":"wp","href":"https:\/\/api.w.org\/{rel}","templated":true}]}}