{"id":4702,"date":"2025-10-18T19:44:34","date_gmt":"2025-10-18T17:44:34","guid":{"rendered":"https:\/\/stn.cm.umk.pl\/?page_id=4702"},"modified":"2025-10-18T19:45:39","modified_gmt":"2025-10-18T17:45:39","slug":"skn-wysilku-fizycznego-i-anatomii-funkcjonalnej","status":"publish","type":"page","link":"https:\/\/stn.cm.umk.pl\/gb\/skn-wysilku-fizycznego-i-anatomii-funkcjonalnej\/","title":{"rendered":"SKN Wysi\u0142ku Fizycznego i Anatomii Funkcjonalnej"},"content":{"rendered":"\n<p><strong>Jednostka organizacyjna:<\/strong> Katedra Fizjologii Wysi\u0142ku Fizycznego i Anatomii Funkcjonalnej   <\/p>\n\n\n\n<p><strong>Opiekun ko\u0142a:<\/strong> mgr Aleksandra Modli\u0144ska <\/p>\n\n\n\n<p><strong>Kontakt:<\/strong> aleksandra.modlinska@cm.umk.pl<\/p>\n\n\n\n<p><strong>Przewodnicz\u0105cy:<\/strong> Olga Soba\u0144ska<\/p>\n\n\n\n<p><strong>Kontakt: <\/strong>sobola@wp.pl<\/p>\n\n\n\n<p><strong>Opis dzia\u0142alno\u015bci SKN:<\/strong><\/p>\n\n\n\n<p>Studenckie Ko\u0142o Fizjologii Wysi\u0142ku Fizycznego skupia si\u0119 na interdyscyplinarnym podej\u015bciu do fizjologii cz\u0142owieka w warunkach obci\u0105\u017cenia wysi\u0142kowego. Zainteresowania obejmuj\u0105 integracj\u0119 proces\u00f3w fizjologicznych z patomechanizmami schorze\u0144 ortopedycznych, neurologicznych i kardiologicznych. Dzia\u0142alno\u015b\u0107 badawcza koncentruje si\u0119 na ocenie parametr\u00f3w uk\u0142adu sercowo-naczyniowego, oddechowego oraz autonomicznego uk\u0142adu nerwowego. Celem ko\u0142a jest rozw\u00f3j kompetencji naukowych student\u00f3w poprzez udzia\u0142 w konferencjach krajowych i mi\u0119dzynarodowych oraz przygotowanie i publikowanie artyku\u0142\u00f3w naukowych w czasopismach medycznych.<\/p>\n","protected":false},"excerpt":{"rendered":"<p>Jednostka organizacyjna: Katedra Fizjologii Wysi\u0142ku Fizycznego i Anatomii Funkcjonalnej Opiekun ko\u0142a: mgr Aleksandra Modli\u0144ska Kontakt: aleksandra.modlinska@cm.umk.pl Przewodnicz\u0105cy: Olga Soba\u0144ska Kontakt: sobola@wp.pl Opis dzia\u0142alno\u015bci SKN: Studenckie Ko\u0142o Fizjologii Wysi\u0142ku Fizycznego skupia si\u0119 na interdyscyplinarnym podej\u015bciu do fizjologii cz\u0142owieka w warunkach obci\u0105\u017cenia wysi\u0142kowego. Zainteresowania obejmuj\u0105 integracj\u0119 proces\u00f3w fizjologicznych z patomechanizmami schorze\u0144 ortopedycznych, neurologicznych i kardiologicznych. Dzia\u0142alno\u015b\u0107 badawcza &hellip; <a href=\"https:\/\/stn.cm.umk.pl\/gb\/skn-wysilku-fizycznego-i-anatomii-funkcjonalnej\/\" class=\"more-link\">Continue reading<span class=\"screen-reader-text\"> &#8220;SKN Wysi\u0142ku Fizycznego i Anatomii Funkcjonalnej&#8221;<\/span><\/a><\/p>\n","protected":false},"author":17,"featured_media":0,"parent":0,"menu_order":0,"comment_status":"closed","ping_status":"closed","template":"","meta":{"footnotes":""},"class_list":["post-4702","page","type-page","status-publish","hentry"],"translation":{"provider":"WPGlobus","version":"3.0.0","language":"gb","enabled_languages":["pl","gb"],"languages":{"pl":{"title":true,"content":true,"excerpt":false},"gb":{"title":false,"content":false,"excerpt":false}}},"aioseo_notices":[],"jetpack_sharing_enabled":true,"_links":{"self":[{"href":"https:\/\/stn.cm.umk.pl\/gb\/wp-json\/wp\/v2\/pages\/4702","targetHints":{"allow":["GET"]}}],"collection":[{"href":"https:\/\/stn.cm.umk.pl\/gb\/wp-json\/wp\/v2\/pages"}],"about":[{"href":"https:\/\/stn.cm.umk.pl\/gb\/wp-json\/wp\/v2\/types\/page"}],"author":[{"embeddable":true,"href":"https:\/\/stn.cm.umk.pl\/gb\/wp-json\/wp\/v2\/users\/17"}],"replies":[{"embeddable":true,"href":"https:\/\/stn.cm.umk.pl\/gb\/wp-json\/wp\/v2\/comments?post=4702"}],"version-history":[{"count":2,"href":"https:\/\/stn.cm.umk.pl\/gb\/wp-json\/wp\/v2\/pages\/4702\/revisions"}],"predecessor-version":[{"id":4704,"href":"https:\/\/stn.cm.umk.pl\/gb\/wp-json\/wp\/v2\/pages\/4702\/revisions\/4704"}],"wp:attachment":[{"href":"https:\/\/stn.cm.umk.pl\/gb\/wp-json\/wp\/v2\/media?parent=4702"}],"curies":[{"name":"wp","href":"https:\/\/api.w.org\/{rel}","templated":true}]}}