{"id":4652,"date":"2025-05-06T12:20:06","date_gmt":"2025-05-06T10:20:06","guid":{"rendered":"https:\/\/stn.cm.umk.pl\/?page_id=4652"},"modified":"2025-05-06T12:20:32","modified_gmt":"2025-05-06T10:20:32","slug":"onkologiczne-kolo-naukowe","status":"publish","type":"page","link":"https:\/\/stn.cm.umk.pl\/gb\/onkologiczne-kolo-naukowe\/","title":{"rendered":"Onkologiczne Ko\u0142o Naukowe"},"content":{"rendered":"\n<div class=\"wp-block-group is-vertical is-layout-flex wp-container-core-group-is-layout-1 wp-block-group-is-layout-flex\">\n<p><strong>Jednostka organizacyjna:<\/strong> Katedra Onkologii<\/p>\n\n\n\n<p><strong>Opiekun:<\/strong> lek. Teresa J\u00f3\u017awicka<\/p>\n\n\n\n<p><strong>Przewodnicz\u0105cy:<\/strong> Konrad Grela<\/p>\n\n\n\n<p><strong>Kontakt: <\/strong>325345@stud.umk.pl<\/p>\n<\/div>\n\n\n\n<p>Opis dzia\u0142alno\u015bci: G\u0142\u00f3wnym celem Onkologicznego Ko\u0142a Naukowego jest zrzeszenie student\u00f3w kierunk\u00f3w medycznych Wydzia\u0142u Nauk o Zdrowiu CM UMK zainteresowanych tematyk\u0105 chor\u00f3b nowotworowych. Nasze dzia\u0142ania koncentruj\u0105 si\u0119 w szczeg\u00f3lno\u015bci na mechanizmach le\u017c\u0105cych u podstaw kszta\u0142towania biologicznej z\u0142o\u015bliwo\u015bci guz\u00f3w nowotworowych w zakresie szlak\u00f3w metabolicznych i \u015bcie\u017cek sygnalizacyjnych. Kluczowym modelem wykorzystywanym do prac badawczych s\u0105 linie kom\u00f3rkowe, utrzymywane w hodowli in vitro, kt\u00f3rych analiza obejmuje badania na poziomie mikroskopowym oraz molekularnym. Przedmiotem naszej aktywno\u015bci jest przygotowywanie, prowadzenie oraz promowanie projekt\u00f3w badawczych, kt\u00f3rych wyniki zostan\u0105 zaprezentowane na konferencjach o tematyce onkologicznej, co pozwoli nam na doskonalenia warsztatu badawczego i rozw\u00f3j zainteresowa\u0144 naukowych. <\/p>\n","protected":false},"excerpt":{"rendered":"<p>Jednostka organizacyjna: Katedra Onkologii Opiekun: lek. Teresa J\u00f3\u017awicka Przewodnicz\u0105cy: Konrad Grela Kontakt: 325345@stud.umk.pl Opis dzia\u0142alno\u015bci: G\u0142\u00f3wnym celem Onkologicznego Ko\u0142a Naukowego jest zrzeszenie student\u00f3w kierunk\u00f3w medycznych Wydzia\u0142u Nauk o Zdrowiu CM UMK zainteresowanych tematyk\u0105 chor\u00f3b nowotworowych. Nasze dzia\u0142ania koncentruj\u0105 si\u0119 w szczeg\u00f3lno\u015bci na mechanizmach le\u017c\u0105cych u podstaw kszta\u0142towania biologicznej z\u0142o\u015bliwo\u015bci guz\u00f3w nowotworowych w zakresie szlak\u00f3w metabolicznych &hellip; <a href=\"https:\/\/stn.cm.umk.pl\/gb\/onkologiczne-kolo-naukowe\/\" class=\"more-link\">Continue reading<span class=\"screen-reader-text\"> &#8220;Onkologiczne Ko\u0142o Naukowe&#8221;<\/span><\/a><\/p>\n","protected":false},"author":12,"featured_media":0,"parent":0,"menu_order":0,"comment_status":"closed","ping_status":"closed","template":"","meta":{"footnotes":""},"class_list":["post-4652","page","type-page","status-publish","hentry"],"translation":{"provider":"WPGlobus","version":"3.0.0","language":"gb","enabled_languages":["pl","gb"],"languages":{"pl":{"title":true,"content":true,"excerpt":false},"gb":{"title":false,"content":false,"excerpt":false}}},"aioseo_notices":[],"jetpack_sharing_enabled":true,"_links":{"self":[{"href":"https:\/\/stn.cm.umk.pl\/gb\/wp-json\/wp\/v2\/pages\/4652","targetHints":{"allow":["GET"]}}],"collection":[{"href":"https:\/\/stn.cm.umk.pl\/gb\/wp-json\/wp\/v2\/pages"}],"about":[{"href":"https:\/\/stn.cm.umk.pl\/gb\/wp-json\/wp\/v2\/types\/page"}],"author":[{"embeddable":true,"href":"https:\/\/stn.cm.umk.pl\/gb\/wp-json\/wp\/v2\/users\/12"}],"replies":[{"embeddable":true,"href":"https:\/\/stn.cm.umk.pl\/gb\/wp-json\/wp\/v2\/comments?post=4652"}],"version-history":[{"count":1,"href":"https:\/\/stn.cm.umk.pl\/gb\/wp-json\/wp\/v2\/pages\/4652\/revisions"}],"predecessor-version":[{"id":4653,"href":"https:\/\/stn.cm.umk.pl\/gb\/wp-json\/wp\/v2\/pages\/4652\/revisions\/4653"}],"wp:attachment":[{"href":"https:\/\/stn.cm.umk.pl\/gb\/wp-json\/wp\/v2\/media?parent=4652"}],"curies":[{"name":"wp","href":"https:\/\/api.w.org\/{rel}","templated":true}]}}