{"id":4646,"date":"2025-05-06T12:07:56","date_gmt":"2025-05-06T10:07:56","guid":{"rendered":"https:\/\/stn.cm.umk.pl\/?page_id=4646"},"modified":"2025-05-06T12:08:10","modified_gmt":"2025-05-06T10:08:10","slug":"skn-medycyny-ratunkowej","status":"publish","type":"page","link":"https:\/\/stn.cm.umk.pl\/gb\/skn-medycyny-ratunkowej\/","title":{"rendered":"SKN Medycyny Ratunkowej"},"content":{"rendered":"\n<div class=\"wp-block-group is-vertical is-layout-flex wp-container-core-group-is-layout-1 wp-block-group-is-layout-flex\">\n<p><strong>Jednostka organizacyjna: <\/strong>Zak\u0142ad Medycyny Ratunkowej w Oddziale Klinicznym Medycyny Ratunkowej Szpitala Uniwersyteckiego nr 2<\/p>\n\n\n\n<p><strong>Opiekun:<\/strong> lek. Stanis\u0142aw Pyzel<\/p>\n\n\n\n<p><strong>Przewodnicz\u0105ca:<\/strong> Inga Szlagor<\/p>\n\n\n\n<p><strong>Kontakt: <\/strong>szlagoringa@gmail.com<\/p>\n<\/div>\n\n\n\n<p>Ko\u0142o skupia student\u00f3w zainteresowanych medycyn\u0105 ratunkow\u0105, medycyn\u0105 katastrof, medycyn\u0105 pola walki. Celem dzia\u0142alno\u015bci jest poszerzenie wiedzy teoretycznej, w szczeg\u00f3lno\u015bci na ww. tematy. <\/p>\n","protected":false},"excerpt":{"rendered":"<p>Jednostka organizacyjna: Zak\u0142ad Medycyny Ratunkowej w Oddziale Klinicznym Medycyny Ratunkowej Szpitala Uniwersyteckiego nr 2 Opiekun: lek. Stanis\u0142aw Pyzel Przewodnicz\u0105ca: Inga Szlagor Kontakt: szlagoringa@gmail.com Ko\u0142o skupia student\u00f3w zainteresowanych medycyn\u0105 ratunkow\u0105, medycyn\u0105 katastrof, medycyn\u0105 pola walki. Celem dzia\u0142alno\u015bci jest poszerzenie wiedzy teoretycznej, w szczeg\u00f3lno\u015bci na ww. tematy.<\/p>\n","protected":false},"author":12,"featured_media":0,"parent":0,"menu_order":0,"comment_status":"closed","ping_status":"closed","template":"","meta":{"footnotes":""},"class_list":["post-4646","page","type-page","status-publish","hentry"],"translation":{"provider":"WPGlobus","version":"3.0.0","language":"gb","enabled_languages":["pl","gb"],"languages":{"pl":{"title":true,"content":true,"excerpt":false},"gb":{"title":false,"content":false,"excerpt":false}}},"aioseo_notices":[],"jetpack_sharing_enabled":true,"_links":{"self":[{"href":"https:\/\/stn.cm.umk.pl\/gb\/wp-json\/wp\/v2\/pages\/4646","targetHints":{"allow":["GET"]}}],"collection":[{"href":"https:\/\/stn.cm.umk.pl\/gb\/wp-json\/wp\/v2\/pages"}],"about":[{"href":"https:\/\/stn.cm.umk.pl\/gb\/wp-json\/wp\/v2\/types\/page"}],"author":[{"embeddable":true,"href":"https:\/\/stn.cm.umk.pl\/gb\/wp-json\/wp\/v2\/users\/12"}],"replies":[{"embeddable":true,"href":"https:\/\/stn.cm.umk.pl\/gb\/wp-json\/wp\/v2\/comments?post=4646"}],"version-history":[{"count":1,"href":"https:\/\/stn.cm.umk.pl\/gb\/wp-json\/wp\/v2\/pages\/4646\/revisions"}],"predecessor-version":[{"id":4647,"href":"https:\/\/stn.cm.umk.pl\/gb\/wp-json\/wp\/v2\/pages\/4646\/revisions\/4647"}],"wp:attachment":[{"href":"https:\/\/stn.cm.umk.pl\/gb\/wp-json\/wp\/v2\/media?parent=4646"}],"curies":[{"name":"wp","href":"https:\/\/api.w.org\/{rel}","templated":true}]}}