{"id":4633,"date":"2025-04-06T18:02:25","date_gmt":"2025-04-06T16:02:25","guid":{"rendered":"https:\/\/stn.cm.umk.pl\/?page_id=4633"},"modified":"2025-11-14T20:32:25","modified_gmt":"2025-11-14T19:32:25","slug":"skn-bromatologii","status":"publish","type":"page","link":"https:\/\/stn.cm.umk.pl\/gb\/skn-bromatologii\/","title":{"rendered":"SKN Bromatologii"},"content":{"rendered":"\n<div class=\"wp-block-group is-vertical is-layout-flex wp-container-core-group-is-layout-1 wp-block-group-is-layout-flex\">\n<p><strong>Jednostka organizacyjna: <\/strong>Katedra Toksykologii i Bromatologii<\/p>\n\n\n\n<p><strong>Opiekunowie:<\/strong> <\/p>\n\n\n\n<p>dr hab. Marcin Gackowski, prof. UMK<\/p>\n\n\n\n<p>dr Beata Sperkowska <\/p>\n\n\n\n<p><strong>Przewodnicz\u0105cy:<\/strong> Jakub Ostrzycki<\/p>\n\n\n\n<p><strong>Kontakt<\/strong>: jostrzycki02@gmail.com<\/p>\n<\/div>\n\n\n\n<div class=\"wp-block-group is-vertical is-layout-flex wp-container-core-group-is-layout-2 wp-block-group-is-layout-flex\">\n<p><strong>Opis dzia\u0142alno\u015bci:<\/strong><\/p>\n\n\n\n<p>Celem dzia\u0142alno\u015bci Ko\u0142a jest poszerzanie wiedzy z zakresu bromatologii, rozwijanie umiej\u0119tno\u015bci analitycznych w badaniach laboratoryjnych oraz popularyzacja zasad zdrowego \u017cywienia i bezpiecze\u0144stwa \u017cywno\u015bci. Cz\u0142onkowie Ko\u0142a bior\u0105 udzia\u0142 w projektach badawczych oraz konferencjach naukowych. <\/p>\n<\/div>\n","protected":false},"excerpt":{"rendered":"<p>Jednostka organizacyjna: Katedra Toksykologii i Bromatologii Opiekunowie: dr hab. Marcin Gackowski, prof. UMK dr Beata Sperkowska Przewodnicz\u0105cy: Jakub Ostrzycki Kontakt: jostrzycki02@gmail.com Opis dzia\u0142alno\u015bci: Celem dzia\u0142alno\u015bci Ko\u0142a jest poszerzanie wiedzy z zakresu bromatologii, rozwijanie umiej\u0119tno\u015bci analitycznych w badaniach laboratoryjnych oraz popularyzacja zasad zdrowego \u017cywienia i bezpiecze\u0144stwa \u017cywno\u015bci. Cz\u0142onkowie Ko\u0142a bior\u0105 udzia\u0142 w projektach badawczych oraz konferencjach &hellip; <a href=\"https:\/\/stn.cm.umk.pl\/gb\/skn-bromatologii\/\" class=\"more-link\">Continue reading<span class=\"screen-reader-text\"> &#8220;SKN Bromatologii&#8221;<\/span><\/a><\/p>\n","protected":false},"author":12,"featured_media":0,"parent":0,"menu_order":0,"comment_status":"closed","ping_status":"closed","template":"","meta":{"footnotes":""},"class_list":["post-4633","page","type-page","status-publish","hentry"],"translation":{"provider":"WPGlobus","version":"3.0.0","language":"gb","enabled_languages":["pl","gb"],"languages":{"pl":{"title":true,"content":true,"excerpt":false},"gb":{"title":false,"content":false,"excerpt":false}}},"aioseo_notices":[],"jetpack_sharing_enabled":true,"_links":{"self":[{"href":"https:\/\/stn.cm.umk.pl\/gb\/wp-json\/wp\/v2\/pages\/4633","targetHints":{"allow":["GET"]}}],"collection":[{"href":"https:\/\/stn.cm.umk.pl\/gb\/wp-json\/wp\/v2\/pages"}],"about":[{"href":"https:\/\/stn.cm.umk.pl\/gb\/wp-json\/wp\/v2\/types\/page"}],"author":[{"embeddable":true,"href":"https:\/\/stn.cm.umk.pl\/gb\/wp-json\/wp\/v2\/users\/12"}],"replies":[{"embeddable":true,"href":"https:\/\/stn.cm.umk.pl\/gb\/wp-json\/wp\/v2\/comments?post=4633"}],"version-history":[{"count":2,"href":"https:\/\/stn.cm.umk.pl\/gb\/wp-json\/wp\/v2\/pages\/4633\/revisions"}],"predecessor-version":[{"id":4769,"href":"https:\/\/stn.cm.umk.pl\/gb\/wp-json\/wp\/v2\/pages\/4633\/revisions\/4769"}],"wp:attachment":[{"href":"https:\/\/stn.cm.umk.pl\/gb\/wp-json\/wp\/v2\/media?parent=4633"}],"curies":[{"name":"wp","href":"https:\/\/api.w.org\/{rel}","templated":true}]}}