{"id":4630,"date":"2025-04-06T17:54:13","date_gmt":"2025-04-06T15:54:13","guid":{"rendered":"https:\/\/stn.cm.umk.pl\/?page_id=4630"},"modified":"2025-04-06T17:54:14","modified_gmt":"2025-04-06T15:54:14","slug":"skn-biochemii-klinicznej-oxygen","status":"publish","type":"page","link":"https:\/\/stn.cm.umk.pl\/gb\/skn-biochemii-klinicznej-oxygen\/","title":{"rendered":"SKN Biochemii Klinicznej &#8220;OxyGEN&#8221;"},"content":{"rendered":"\n<div class=\"wp-block-group is-vertical is-layout-flex wp-container-core-group-is-layout-1 wp-block-group-is-layout-flex\">\n<p><strong>Jednostka organizacyjna:<\/strong> Katedra Biochemii Klinicznej<\/p>\n\n\n\n<p><strong>Opiekunowie: <\/strong>dr hab. Tomasz Dziaman, prof. UMK, dr n. med. i n. o zdr. Maciej Gawro\u0144ski<\/p>\n\n\n\n<p><strong>Przewodnicz\u0105ca: <\/strong>Wiktoria Majkowska<\/p>\n\n\n\n<p><strong>Kontakt:<\/strong> wkantrzonka@wp.pl<\/p>\n<\/div>\n\n\n\n<div class=\"wp-block-group is-vertical is-layout-flex wp-container-core-group-is-layout-2 wp-block-group-is-layout-flex\">\n<p><strong>Opis dzia\u0142alno\u015bci:<\/strong><\/p>\n\n\n\n<p>Nasze Ko\u0142o Naukowe zrzesza student\u00f3w analityki medycznej i biotechnologii medycznej, kt\u00f3rzy zajmuj\u0105 si\u0119 badaniami w obszarze szeroko rozumianej epigenetyki. W szczeg\u00f3lno\u015bci koncentrujemy si\u0119 na analizach modyfikowanych zasad azotowych w DNA o znaczeniu epigenetycznym oraz na roli stresu oksydacyjnego i jego wp\u0142ywie na funkcjonowanie kom\u00f3rek.<\/p>\n\n\n\n<p>Celem dzia\u0142alno\u015bci Ko\u0142a jest poszerzanie wiedzy o mechanizmach epigenetycznych w kontek\u015bcie patogenezy i leczenia chor\u00f3b, w szczeg\u00f3lno\u015bci chor\u00f3b nowotworowych. <\/p>\n<\/div>\n","protected":false},"excerpt":{"rendered":"<p>Jednostka organizacyjna: Katedra Biochemii Klinicznej Opiekunowie: dr hab. Tomasz Dziaman, prof. UMK, dr n. med. i n. o zdr. Maciej Gawro\u0144ski Przewodnicz\u0105ca: Wiktoria Majkowska Kontakt: wkantrzonka@wp.pl Opis dzia\u0142alno\u015bci: Nasze Ko\u0142o Naukowe zrzesza student\u00f3w analityki medycznej i biotechnologii medycznej, kt\u00f3rzy zajmuj\u0105 si\u0119 badaniami w obszarze szeroko rozumianej epigenetyki. W szczeg\u00f3lno\u015bci koncentrujemy si\u0119 na analizach modyfikowanych zasad &hellip; <a href=\"https:\/\/stn.cm.umk.pl\/gb\/skn-biochemii-klinicznej-oxygen\/\" class=\"more-link\">Continue reading<span class=\"screen-reader-text\"> &#8220;SKN Biochemii Klinicznej &#8220;OxyGEN&#8221;&#8221;<\/span><\/a><\/p>\n","protected":false},"author":12,"featured_media":0,"parent":0,"menu_order":0,"comment_status":"closed","ping_status":"closed","template":"","meta":{"footnotes":""},"class_list":["post-4630","page","type-page","status-publish","hentry"],"translation":{"provider":"WPGlobus","version":"3.0.0","language":"gb","enabled_languages":["pl","gb"],"languages":{"pl":{"title":true,"content":true,"excerpt":false},"gb":{"title":false,"content":false,"excerpt":false}}},"aioseo_notices":[],"jetpack_sharing_enabled":true,"_links":{"self":[{"href":"https:\/\/stn.cm.umk.pl\/gb\/wp-json\/wp\/v2\/pages\/4630","targetHints":{"allow":["GET"]}}],"collection":[{"href":"https:\/\/stn.cm.umk.pl\/gb\/wp-json\/wp\/v2\/pages"}],"about":[{"href":"https:\/\/stn.cm.umk.pl\/gb\/wp-json\/wp\/v2\/types\/page"}],"author":[{"embeddable":true,"href":"https:\/\/stn.cm.umk.pl\/gb\/wp-json\/wp\/v2\/users\/12"}],"replies":[{"embeddable":true,"href":"https:\/\/stn.cm.umk.pl\/gb\/wp-json\/wp\/v2\/comments?post=4630"}],"version-history":[{"count":1,"href":"https:\/\/stn.cm.umk.pl\/gb\/wp-json\/wp\/v2\/pages\/4630\/revisions"}],"predecessor-version":[{"id":4631,"href":"https:\/\/stn.cm.umk.pl\/gb\/wp-json\/wp\/v2\/pages\/4630\/revisions\/4631"}],"wp:attachment":[{"href":"https:\/\/stn.cm.umk.pl\/gb\/wp-json\/wp\/v2\/media?parent=4630"}],"curies":[{"name":"wp","href":"https:\/\/api.w.org\/{rel}","templated":true}]}}