{"id":4626,"date":"2025-04-06T17:46:42","date_gmt":"2025-04-06T15:46:42","guid":{"rendered":"https:\/\/stn.cm.umk.pl\/?page_id=4626"},"modified":"2025-04-06T17:46:43","modified_gmt":"2025-04-06T15:46:43","slug":"skn-patobiochemii-i-chemii-klinicznej","status":"publish","type":"page","link":"https:\/\/stn.cm.umk.pl\/gb\/skn-patobiochemii-i-chemii-klinicznej\/","title":{"rendered":"SKN Patobiochemii i Chemii Klinicznej"},"content":{"rendered":"\n<div class=\"wp-block-group is-vertical is-layout-flex wp-container-core-group-is-layout-1 wp-block-group-is-layout-flex\">\n<p><strong>Jednostka organizacyjna:<\/strong> Katedra Patobiochemii i Chemii Klinicznej<\/p>\n\n\n\n<p><strong>Opiekun:<\/strong> dr hab. Iga Ho\u0142y\u0144ska-Iwan, prof. UMK<\/p>\n\n\n\n<p><strong>Przewodnicz\u0105ca:<\/strong> Julia Pawlak<\/p>\n\n\n\n<p><strong>Kontakt:<\/strong> juliapawlak1008@wp.pl<\/p>\n<\/div>\n\n\n\n<p><strong>Opis dzia\u0142alno\u015bci SKN: <\/strong><\/p>\n\n\n\n<p>Poszerzanie wiedzy z zakresu wykonywania do\u015bwiadcze\u0144 laboratoryjnych, badanie wp\u0142ywu substancji na przep\u0142yw jon\u00f3w w sk\u00f3rze, doskonalenia umiej\u0119tno\u015bci pisania artyku\u0142\u00f3w naukowych. <\/p>\n","protected":false},"excerpt":{"rendered":"<p>Jednostka organizacyjna: Katedra Patobiochemii i Chemii Klinicznej Opiekun: dr hab. Iga Ho\u0142y\u0144ska-Iwan, prof. UMK Przewodnicz\u0105ca: Julia Pawlak Kontakt: juliapawlak1008@wp.pl Opis dzia\u0142alno\u015bci SKN: Poszerzanie wiedzy z zakresu wykonywania do\u015bwiadcze\u0144 laboratoryjnych, badanie wp\u0142ywu substancji na przep\u0142yw jon\u00f3w w sk\u00f3rze, doskonalenia umiej\u0119tno\u015bci pisania artyku\u0142\u00f3w naukowych.<\/p>\n","protected":false},"author":12,"featured_media":0,"parent":0,"menu_order":0,"comment_status":"closed","ping_status":"closed","template":"","meta":{"footnotes":""},"class_list":["post-4626","page","type-page","status-publish","hentry"],"translation":{"provider":"WPGlobus","version":"3.0.0","language":"gb","enabled_languages":["pl","gb"],"languages":{"pl":{"title":true,"content":true,"excerpt":false},"gb":{"title":false,"content":false,"excerpt":false}}},"aioseo_notices":[],"jetpack_sharing_enabled":true,"_links":{"self":[{"href":"https:\/\/stn.cm.umk.pl\/gb\/wp-json\/wp\/v2\/pages\/4626","targetHints":{"allow":["GET"]}}],"collection":[{"href":"https:\/\/stn.cm.umk.pl\/gb\/wp-json\/wp\/v2\/pages"}],"about":[{"href":"https:\/\/stn.cm.umk.pl\/gb\/wp-json\/wp\/v2\/types\/page"}],"author":[{"embeddable":true,"href":"https:\/\/stn.cm.umk.pl\/gb\/wp-json\/wp\/v2\/users\/12"}],"replies":[{"embeddable":true,"href":"https:\/\/stn.cm.umk.pl\/gb\/wp-json\/wp\/v2\/comments?post=4626"}],"version-history":[{"count":1,"href":"https:\/\/stn.cm.umk.pl\/gb\/wp-json\/wp\/v2\/pages\/4626\/revisions"}],"predecessor-version":[{"id":4627,"href":"https:\/\/stn.cm.umk.pl\/gb\/wp-json\/wp\/v2\/pages\/4626\/revisions\/4627"}],"wp:attachment":[{"href":"https:\/\/stn.cm.umk.pl\/gb\/wp-json\/wp\/v2\/media?parent=4626"}],"curies":[{"name":"wp","href":"https:\/\/api.w.org\/{rel}","templated":true}]}}