{"id":4582,"date":"2025-03-07T16:02:34","date_gmt":"2025-03-07T15:02:34","guid":{"rendered":"https:\/\/stn.cm.umk.pl\/?page_id=4582"},"modified":"2025-11-19T20:13:38","modified_gmt":"2025-11-19T19:13:38","slug":"skn-neurologia-i-neurorehabilitacja","status":"publish","type":"page","link":"https:\/\/stn.cm.umk.pl\/gb\/skn-neurologia-i-neurorehabilitacja\/","title":{"rendered":"SKN Neurologii i Neurorehabilitacji"},"content":{"rendered":"\n<p><strong>Jednostka organizacyjna: <\/strong> Katedra Neurologii i Neurofizjologii Klinicznej CM UMK<br><strong>Opiekun Ko\u0142a: <\/strong>dr hab. Milena \u015awito\u0144ska, prof. UMK, mgr Alicja Szulc, mgr Oliwia Jarosz<br><strong>Przewodnicz\u0105cy:<\/strong> Magdalena Pitek<br><strong>Kontakt:<\/strong> madzialenapitek@gmail.com<\/p>\n\n\n<div class=\"wp-block-image\">\n<figure class=\"alignright size-large is-resized\"><a href=\"https:\/\/stn.cm.umk.pl\/wp-content\/uploads\/2025\/11\/75c7f173-8096-4f6e-af4a-c65b86671e6b.jpeg\"><img loading=\"lazy\" decoding=\"async\" width=\"1009\" height=\"1024\" src=\"https:\/\/stn.cm.umk.pl\/wp-content\/uploads\/2025\/11\/75c7f173-8096-4f6e-af4a-c65b86671e6b-1009x1024.jpeg\" alt=\"\" class=\"wp-image-4777\" style=\"width:304px;height:auto\" srcset=\"https:\/\/stn.cm.umk.pl\/wp-content\/uploads\/2025\/11\/75c7f173-8096-4f6e-af4a-c65b86671e6b-1009x1024.jpeg 1009w, https:\/\/stn.cm.umk.pl\/wp-content\/uploads\/2025\/11\/75c7f173-8096-4f6e-af4a-c65b86671e6b-296x300.jpeg 296w, https:\/\/stn.cm.umk.pl\/wp-content\/uploads\/2025\/11\/75c7f173-8096-4f6e-af4a-c65b86671e6b-768x779.jpeg 768w, https:\/\/stn.cm.umk.pl\/wp-content\/uploads\/2025\/11\/75c7f173-8096-4f6e-af4a-c65b86671e6b.jpeg 1158w\" sizes=\"auto, (max-width: 709px) 85vw, (max-width: 909px) 67vw, (max-width: 1362px) 62vw, 840px\" \/><\/a><\/figure><\/div>\n\n\n<p><strong>Opis dzia\u0142alno\u015bci:<\/strong> <br>Celem Ko\u0142a jest inicjowanie i rozwijanie zagadnie\u0144 zwi\u0105zanych z neurologi\u0105 koncentruj\u0105c si\u0119 na diagnostyce, leczeniu i profilaktyce chor\u00f3b m\u00f3zgu, a tak\u017ce propagowanie wiedzy na temat chor\u00f3b neurodegeneracyjnych. Studenci uczestnicz\u0105 w warsztatach, konferencjach oraz dzia\u0142aniach integracyjnych. Celem Ko\u0142a jest tak\u017ce integracja \u015brodowiska studenckiego z organizacjami pacjenckimi. Cz\u0142onkowie SKN maj\u0105 mo\u017cliwo\u015b\u0107 rozwoju naukowego oraz zdobywanie do\u015bwiadczenia w pracy naukowo-badawczej.<\/p>\n","protected":false},"excerpt":{"rendered":"<p>Jednostka organizacyjna: Katedra Neurologii i Neurofizjologii Klinicznej CM UMKOpiekun Ko\u0142a: dr hab. Milena \u015awito\u0144ska, prof. UMK, mgr Alicja Szulc, mgr Oliwia JaroszPrzewodnicz\u0105cy: Magdalena PitekKontakt: madzialenapitek@gmail.com Opis dzia\u0142alno\u015bci: Celem Ko\u0142a jest inicjowanie i rozwijanie zagadnie\u0144 zwi\u0105zanych z neurologi\u0105 koncentruj\u0105c si\u0119 na diagnostyce, leczeniu i profilaktyce chor\u00f3b m\u00f3zgu, a tak\u017ce propagowanie wiedzy na temat chor\u00f3b neurodegeneracyjnych. Studenci &hellip; <a href=\"https:\/\/stn.cm.umk.pl\/gb\/skn-neurologia-i-neurorehabilitacja\/\" class=\"more-link\">Continue reading<span class=\"screen-reader-text\"> &#8220;SKN Neurologii i Neurorehabilitacji&#8221;<\/span><\/a><\/p>\n","protected":false},"author":12,"featured_media":0,"parent":0,"menu_order":0,"comment_status":"closed","ping_status":"closed","template":"","meta":{"footnotes":""},"class_list":["post-4582","page","type-page","status-publish","hentry"],"translation":{"provider":"WPGlobus","version":"3.0.0","language":"gb","enabled_languages":["pl","gb"],"languages":{"pl":{"title":true,"content":true,"excerpt":false},"gb":{"title":false,"content":false,"excerpt":false}}},"aioseo_notices":[],"jetpack_sharing_enabled":true,"_links":{"self":[{"href":"https:\/\/stn.cm.umk.pl\/gb\/wp-json\/wp\/v2\/pages\/4582","targetHints":{"allow":["GET"]}}],"collection":[{"href":"https:\/\/stn.cm.umk.pl\/gb\/wp-json\/wp\/v2\/pages"}],"about":[{"href":"https:\/\/stn.cm.umk.pl\/gb\/wp-json\/wp\/v2\/types\/page"}],"author":[{"embeddable":true,"href":"https:\/\/stn.cm.umk.pl\/gb\/wp-json\/wp\/v2\/users\/12"}],"replies":[{"embeddable":true,"href":"https:\/\/stn.cm.umk.pl\/gb\/wp-json\/wp\/v2\/comments?post=4582"}],"version-history":[{"count":5,"href":"https:\/\/stn.cm.umk.pl\/gb\/wp-json\/wp\/v2\/pages\/4582\/revisions"}],"predecessor-version":[{"id":4779,"href":"https:\/\/stn.cm.umk.pl\/gb\/wp-json\/wp\/v2\/pages\/4582\/revisions\/4779"}],"wp:attachment":[{"href":"https:\/\/stn.cm.umk.pl\/gb\/wp-json\/wp\/v2\/media?parent=4582"}],"curies":[{"name":"wp","href":"https:\/\/api.w.org\/{rel}","templated":true}]}}