{"id":4574,"date":"2025-03-06T16:42:53","date_gmt":"2025-03-06T15:42:53","guid":{"rendered":"https:\/\/stn.cm.umk.pl\/?page_id=4574"},"modified":"2026-01-14T22:34:34","modified_gmt":"2026-01-14T21:34:34","slug":"miedzyuczelniane-kolo-psychologii-zdrowia","status":"publish","type":"page","link":"https:\/\/stn.cm.umk.pl\/gb\/miedzyuczelniane-kolo-psychologii-zdrowia\/","title":{"rendered":"Mi\u0119dzyuczelniane Ko\u0142o Psychologii Zdrowia"},"content":{"rendered":"<div class=\"wp-block-image\">\n<figure class=\"alignright size-large is-resized\"><a href=\"https:\/\/stn.cm.umk.pl\/wp-content\/uploads\/2026\/01\/logo-kolo-psychologii-Oliwia-Skonieczna-1.png\"><img loading=\"lazy\" decoding=\"async\" width=\"1024\" height=\"1021\" src=\"https:\/\/stn.cm.umk.pl\/wp-content\/uploads\/2026\/01\/logo-kolo-psychologii-Oliwia-Skonieczna-1-1024x1021.png\" alt=\"\" class=\"wp-image-4855\" style=\"width:302px;height:auto\" srcset=\"https:\/\/stn.cm.umk.pl\/wp-content\/uploads\/2026\/01\/logo-kolo-psychologii-Oliwia-Skonieczna-1-1024x1021.png 1024w, https:\/\/stn.cm.umk.pl\/wp-content\/uploads\/2026\/01\/logo-kolo-psychologii-Oliwia-Skonieczna-1-300x300.png 300w, https:\/\/stn.cm.umk.pl\/wp-content\/uploads\/2026\/01\/logo-kolo-psychologii-Oliwia-Skonieczna-1-150x150.png 150w, https:\/\/stn.cm.umk.pl\/wp-content\/uploads\/2026\/01\/logo-kolo-psychologii-Oliwia-Skonieczna-1-768x766.png 768w, https:\/\/stn.cm.umk.pl\/wp-content\/uploads\/2026\/01\/logo-kolo-psychologii-Oliwia-Skonieczna-1-1536x1532.png 1536w, https:\/\/stn.cm.umk.pl\/wp-content\/uploads\/2026\/01\/logo-kolo-psychologii-Oliwia-Skonieczna-1-2048x2042.png 2048w, https:\/\/stn.cm.umk.pl\/wp-content\/uploads\/2026\/01\/logo-kolo-psychologii-Oliwia-Skonieczna-1-1200x1197.png 1200w\" sizes=\"auto, (max-width: 709px) 85vw, (max-width: 909px) 67vw, (max-width: 1362px) 62vw, 840px\" \/><\/a><\/figure><\/div>\n\n\n<p>Jednostka organizacyjna: Katedra Psychiatrii CM UMK<\/p>\n\n\n\n<p>Opiekun SKN: dr hab. Monika Wi\u0142ko\u015b\u0107-D\u0119bczy\u0144ska, prof. UKW i UMK<\/p>\n\n\n\n<p>Przewodnicz\u0105ca: Oliwia Skonieczna<\/p>\n\n\n\n<p>Kontakt: o.skonieczna@interia.pl  <\/p>\n\n\n\n<p><\/p>\n\n\n\n<p>Mi\u0119dzyuczelniane Ko\u0142o Psychologii Zdrowia (MKPZ) b\u0119dzie koncentrowa\u0107 si\u0119 na badaniu jako\u015bci \u017cycia os\u00f3b z chorobami somatycznymi, funkcjonowaniu seksualnym w kontek\u015bcie zdrowotnym, edukacji zdrowotnej pacjent\u00f3w oraz komunikacji lekarz-pacjent. W planach ko\u0142a znajduje si\u0119 dzia\u0142alno\u015b\u0107 w ramach trzech sekcji: naukowej, warsztatowej i social media. Sekcja naukowa b\u0119dzie organizowa\u0107 badania i cykliczne wyk\u0142ady, sekcja warsztatowa przeprowadzi szkolenia z edukacji zdrowotnej oraz warsztaty dla student\u00f3w i uczni\u00f3w, a sekcja social media zajmie si\u0119 promocj\u0105 \u015bwiadomo\u015bci zdrowotnej i informowaniem o wydarzeniach. Ko\u0142o planuje wsp\u00f3\u0142prac\u0119 z ekspertami oraz anga\u017cowanie spo\u0142eczno\u015bci w zdrowotne inicjatywy. <\/p>\n","protected":false},"excerpt":{"rendered":"<p>Jednostka organizacyjna: Katedra Psychiatrii CM UMK Opiekun SKN: dr hab. Monika Wi\u0142ko\u015b\u0107-D\u0119bczy\u0144ska, prof. UKW i UMK Przewodnicz\u0105ca: Oliwia Skonieczna Kontakt: o.skonieczna@interia.pl Mi\u0119dzyuczelniane Ko\u0142o Psychologii Zdrowia (MKPZ) b\u0119dzie koncentrowa\u0107 si\u0119 na badaniu jako\u015bci \u017cycia os\u00f3b z chorobami somatycznymi, funkcjonowaniu seksualnym w kontek\u015bcie zdrowotnym, edukacji zdrowotnej pacjent\u00f3w oraz komunikacji lekarz-pacjent. W planach ko\u0142a znajduje si\u0119 dzia\u0142alno\u015b\u0107 w &hellip; <a href=\"https:\/\/stn.cm.umk.pl\/gb\/miedzyuczelniane-kolo-psychologii-zdrowia\/\" class=\"more-link\">Continue reading<span class=\"screen-reader-text\"> &#8220;Mi\u0119dzyuczelniane Ko\u0142o Psychologii Zdrowia&#8221;<\/span><\/a><\/p>\n","protected":false},"author":12,"featured_media":0,"parent":0,"menu_order":0,"comment_status":"closed","ping_status":"closed","template":"","meta":{"footnotes":""},"class_list":["post-4574","page","type-page","status-publish","hentry"],"translation":{"provider":"WPGlobus","version":"3.0.0","language":"gb","enabled_languages":["pl","gb"],"languages":{"pl":{"title":true,"content":true,"excerpt":false},"gb":{"title":false,"content":false,"excerpt":false}}},"aioseo_notices":[],"jetpack_sharing_enabled":true,"_links":{"self":[{"href":"https:\/\/stn.cm.umk.pl\/gb\/wp-json\/wp\/v2\/pages\/4574","targetHints":{"allow":["GET"]}}],"collection":[{"href":"https:\/\/stn.cm.umk.pl\/gb\/wp-json\/wp\/v2\/pages"}],"about":[{"href":"https:\/\/stn.cm.umk.pl\/gb\/wp-json\/wp\/v2\/types\/page"}],"author":[{"embeddable":true,"href":"https:\/\/stn.cm.umk.pl\/gb\/wp-json\/wp\/v2\/users\/12"}],"replies":[{"embeddable":true,"href":"https:\/\/stn.cm.umk.pl\/gb\/wp-json\/wp\/v2\/comments?post=4574"}],"version-history":[{"count":3,"href":"https:\/\/stn.cm.umk.pl\/gb\/wp-json\/wp\/v2\/pages\/4574\/revisions"}],"predecessor-version":[{"id":4857,"href":"https:\/\/stn.cm.umk.pl\/gb\/wp-json\/wp\/v2\/pages\/4574\/revisions\/4857"}],"wp:attachment":[{"href":"https:\/\/stn.cm.umk.pl\/gb\/wp-json\/wp\/v2\/media?parent=4574"}],"curies":[{"name":"wp","href":"https:\/\/api.w.org\/{rel}","templated":true}]}}