{"id":4547,"date":"2025-02-17T09:38:08","date_gmt":"2025-02-17T08:38:08","guid":{"rendered":"https:\/\/stn.cm.umk.pl\/?page_id=4547"},"modified":"2025-02-17T09:38:19","modified_gmt":"2025-02-17T08:38:19","slug":"skn-zdrowia-publicznego","status":"publish","type":"page","link":"https:\/\/stn.cm.umk.pl\/gb\/skn-zdrowia-publicznego\/","title":{"rendered":"SKN Zdrowia Publicznego"},"content":{"rendered":"\n<div class=\"wp-block-group is-vertical is-layout-flex wp-container-core-group-is-layout-1 wp-block-group-is-layout-flex\">\n<p><strong>Jednostka organizacyjna<\/strong>: Katedra Podstaw Prawa Medycznego <\/p>\n\n\n\n<p><strong>Opiekun SKN<\/strong>: dr Wioletta Tomaszewicz<\/p>\n\n\n\n<p><strong>Przewodnicz\u0105ca<\/strong>: Gabriela Leszczy\u0144ska<\/p>\n\n\n\n<p><strong>Kontakt<\/strong>: gabriela.leszczynska@outlook.com<\/p>\n<\/div>\n\n\n\n<p>G\u0142\u00f3wnym celem SKN Zdrowia Publicznego b\u0119dzie propagowanie wiedzy z zakresu promocji zdrowia, profilaktyki chor\u00f3b, organizacji systemu ochrony zdrowia oraz analizy problem\u00f3w zdrowotnych spo\u0142ecze\u0144stwa. Wa\u017cnym elementem dzia\u0142alno\u015bci ko\u0142a stanie zg\u0142ebianie zagadnie\u0144 zwi\u0105zanych z etyk\u0105 i prawem w ochronie zdrowia, takich jak prawa pacjenta, dost\u0119p do \u015bwiadcze\u0144 czy aspekty prawne i etyczne. Cz\u0142onkowie SKN b\u0119d\u0105 mieli mo\u017cliwo\u015b\u0107 rozwijania swoich umiej\u0119tno\u015bci praktycznych poprzed udzia\u0142 w kampaniach edukacyjnychh, projektach badawczych oraz wsp\u00f3\u0142prac\u0119 z instytucjami zdrowotnymi. Studenci b\u0119d\u0105 mieli mo\u017cliwo\u015b\u0107: udzia\u0142u w konferencjach naukowych, przygotowywania publikacji naukowych oraz zdobywania do\u015bwiadczenia w prowadzeniu dzia\u0142a\u0144 profilaktycznych i edukacyjnych, wp\u0142ywaj\u0105cych na popraw\u0119 zdrowia spo\u0142ecze\u0144stwa  i \u015bwiadomo\u015bci zdrowotnej. <\/p>\n","protected":false},"excerpt":{"rendered":"<p>Jednostka organizacyjna: Katedra Podstaw Prawa Medycznego Opiekun SKN: dr Wioletta Tomaszewicz Przewodnicz\u0105ca: Gabriela Leszczy\u0144ska Kontakt: gabriela.leszczynska@outlook.com G\u0142\u00f3wnym celem SKN Zdrowia Publicznego b\u0119dzie propagowanie wiedzy z zakresu promocji zdrowia, profilaktyki chor\u00f3b, organizacji systemu ochrony zdrowia oraz analizy problem\u00f3w zdrowotnych spo\u0142ecze\u0144stwa. Wa\u017cnym elementem dzia\u0142alno\u015bci ko\u0142a stanie zg\u0142ebianie zagadnie\u0144 zwi\u0105zanych z etyk\u0105 i prawem w ochronie zdrowia, takich &hellip; <a href=\"https:\/\/stn.cm.umk.pl\/gb\/skn-zdrowia-publicznego\/\" class=\"more-link\">Continue reading<span class=\"screen-reader-text\"> &#8220;SKN Zdrowia Publicznego&#8221;<\/span><\/a><\/p>\n","protected":false},"author":12,"featured_media":0,"parent":0,"menu_order":0,"comment_status":"closed","ping_status":"closed","template":"","meta":{"footnotes":""},"class_list":["post-4547","page","type-page","status-publish","hentry"],"translation":{"provider":"WPGlobus","version":"3.0.0","language":"gb","enabled_languages":["pl","gb"],"languages":{"pl":{"title":true,"content":true,"excerpt":false},"gb":{"title":false,"content":false,"excerpt":false}}},"aioseo_notices":[],"jetpack_sharing_enabled":true,"_links":{"self":[{"href":"https:\/\/stn.cm.umk.pl\/gb\/wp-json\/wp\/v2\/pages\/4547","targetHints":{"allow":["GET"]}}],"collection":[{"href":"https:\/\/stn.cm.umk.pl\/gb\/wp-json\/wp\/v2\/pages"}],"about":[{"href":"https:\/\/stn.cm.umk.pl\/gb\/wp-json\/wp\/v2\/types\/page"}],"author":[{"embeddable":true,"href":"https:\/\/stn.cm.umk.pl\/gb\/wp-json\/wp\/v2\/users\/12"}],"replies":[{"embeddable":true,"href":"https:\/\/stn.cm.umk.pl\/gb\/wp-json\/wp\/v2\/comments?post=4547"}],"version-history":[{"count":1,"href":"https:\/\/stn.cm.umk.pl\/gb\/wp-json\/wp\/v2\/pages\/4547\/revisions"}],"predecessor-version":[{"id":4548,"href":"https:\/\/stn.cm.umk.pl\/gb\/wp-json\/wp\/v2\/pages\/4547\/revisions\/4548"}],"wp:attachment":[{"href":"https:\/\/stn.cm.umk.pl\/gb\/wp-json\/wp\/v2\/media?parent=4547"}],"curies":[{"name":"wp","href":"https:\/\/api.w.org\/{rel}","templated":true}]}}