{"id":4458,"date":"2025-01-13T12:15:08","date_gmt":"2025-01-13T11:15:08","guid":{"rendered":"https:\/\/stn.cm.umk.pl\/?page_id=4458"},"modified":"2026-01-14T22:44:01","modified_gmt":"2026-01-14T21:44:01","slug":"skn-patologii-nowotworow","status":"publish","type":"page","link":"https:\/\/stn.cm.umk.pl\/gb\/skn-patologii-nowotworow\/","title":{"rendered":"SKN Patologii Nowotwor\u00f3w"},"content":{"rendered":"\n<p>Jednostka organizacyjna: Katedra Po\u0142o\u017cnictwa, Chor\u00f3b Kobiecych i Ginekologii Onkologicznej<\/p>\n\n\n\n<p><strong>Opiekunowie:<\/strong><\/p>\n\n\n\n<div class=\"wp-block-group\"><div class=\"wp-block-group__inner-container is-layout-constrained wp-block-group-is-layout-constrained\">\n<div class=\"wp-block-group\"><div class=\"wp-block-group__inner-container is-layout-constrained wp-block-group-is-layout-constrained\">\n<div class=\"wp-block-group is-vertical is-layout-flex wp-container-core-group-is-layout-1 wp-block-group-is-layout-flex\">\n<p>prof. dr hab. \u0141ukasz Szylberg,<\/p>\n\n\n\n<p> l.szylberg@cm.umk.pl  <\/p>\n\n\n\n<p>dr hab. Magdalena Bodnar, prof. UMK <\/p>\n\n\n\n<p>magdalena.bodnar@cm.umk.pl  <\/p>\n\n\n\n<p><strong>Przewodnicz\u0105cy:<\/strong><\/p>\n\n\n\n<p>Ma\u0142gorzata \u017bulicka<\/p>\n\n\n\n<p>malgorzatazulicka@gmail.com<\/p>\n<\/div>\n\n\n\n<p>Opis dzia\u0142alno\u015bci:<\/p>\n\n\n\n<p>Studenckie Ko\u0142o Naukowe Patologii Nowotwor\u00f3w zrzesza student\u00f3w zainteresowanych onkologi\u0105, koncentruj\u0105c si\u0119 na diagnostyce, leczeniu i profilaktyce nowotwor\u00f3w. Celem Ko\u0142a jest rozwijanie wiedzy i umiej\u0119tno\u015bci student\u00f3w poprzez wsp\u00f3\u0142prac\u0119 z wiod\u0105cymi klinikami i o\u015brodkami badawczymi. Studenci uczestnicz\u0105 w warsztatach, szkoleniach, konferencjach oraz dzia\u0142aniach edukacyjnych i profilaktycznych. Dzi\u0119ki temu zdobywaj\u0105 cenne do\u015bwiadczenie kliniczne i naukowe, nawi\u0105zuj\u0105 kontakty zawodowe i poszerzaj\u0105 horyzonty. <\/p>\n<\/div><\/div>\n<\/div><\/div>\n","protected":false},"excerpt":{"rendered":"<p>Jednostka organizacyjna: Katedra Po\u0142o\u017cnictwa, Chor\u00f3b Kobiecych i Ginekologii Onkologicznej Opiekunowie: prof. dr hab. \u0141ukasz Szylberg, l.szylberg@cm.umk.pl dr hab. Magdalena Bodnar, prof. UMK magdalena.bodnar@cm.umk.pl Przewodnicz\u0105cy: Ma\u0142gorzata \u017bulicka malgorzatazulicka@gmail.com Opis dzia\u0142alno\u015bci: Studenckie Ko\u0142o Naukowe Patologii Nowotwor\u00f3w zrzesza student\u00f3w zainteresowanych onkologi\u0105, koncentruj\u0105c si\u0119 na diagnostyce, leczeniu i profilaktyce nowotwor\u00f3w. Celem Ko\u0142a jest rozwijanie wiedzy i umiej\u0119tno\u015bci student\u00f3w poprzez &hellip; <a href=\"https:\/\/stn.cm.umk.pl\/gb\/skn-patologii-nowotworow\/\" class=\"more-link\">Continue reading<span class=\"screen-reader-text\"> &#8220;SKN Patologii Nowotwor\u00f3w&#8221;<\/span><\/a><\/p>\n","protected":false},"author":12,"featured_media":0,"parent":0,"menu_order":0,"comment_status":"closed","ping_status":"closed","template":"","meta":{"footnotes":""},"class_list":["post-4458","page","type-page","status-publish","hentry"],"translation":{"provider":"WPGlobus","version":"3.0.0","language":"gb","enabled_languages":["pl","gb"],"languages":{"pl":{"title":true,"content":true,"excerpt":false},"gb":{"title":false,"content":false,"excerpt":false}}},"aioseo_notices":[],"jetpack_sharing_enabled":true,"_links":{"self":[{"href":"https:\/\/stn.cm.umk.pl\/gb\/wp-json\/wp\/v2\/pages\/4458","targetHints":{"allow":["GET"]}}],"collection":[{"href":"https:\/\/stn.cm.umk.pl\/gb\/wp-json\/wp\/v2\/pages"}],"about":[{"href":"https:\/\/stn.cm.umk.pl\/gb\/wp-json\/wp\/v2\/types\/page"}],"author":[{"embeddable":true,"href":"https:\/\/stn.cm.umk.pl\/gb\/wp-json\/wp\/v2\/users\/12"}],"replies":[{"embeddable":true,"href":"https:\/\/stn.cm.umk.pl\/gb\/wp-json\/wp\/v2\/comments?post=4458"}],"version-history":[{"count":2,"href":"https:\/\/stn.cm.umk.pl\/gb\/wp-json\/wp\/v2\/pages\/4458\/revisions"}],"predecessor-version":[{"id":4862,"href":"https:\/\/stn.cm.umk.pl\/gb\/wp-json\/wp\/v2\/pages\/4458\/revisions\/4862"}],"wp:attachment":[{"href":"https:\/\/stn.cm.umk.pl\/gb\/wp-json\/wp\/v2\/media?parent=4458"}],"curies":[{"name":"wp","href":"https:\/\/api.w.org\/{rel}","templated":true}]}}