{"id":4032,"date":"2023-12-05T20:24:48","date_gmt":"2023-12-05T19:24:48","guid":{"rendered":"https:\/\/stn.cm.umk.pl\/?page_id=4032"},"modified":"2024-01-10T12:29:43","modified_gmt":"2024-01-10T11:29:43","slug":"src-vascular-biology","status":"publish","type":"page","link":"https:\/\/stn.cm.umk.pl\/gb\/src-vascular-biology\/","title":{"rendered":"SRC Vascular Biology"},"content":{"rendered":"\n<div class=\"wp-block-group is-vertical is-layout-flex wp-container-core-group-is-layout-1 wp-block-group-is-layout-flex\">\n<p><strong>Supervisor:<\/strong> dr hab. Maciej Gagat, prof. UMK<\/p>\n\n\n\n<p><strong>E-mail: <\/strong>mgagat@cm.umk.pl   <\/p>\n\n\n\n<p><strong>Chairman:<\/strong> Lauryn Akeme<\/p>\n\n\n\n<p><strong>E-mail:<\/strong> akemelauryn@gmail.com<\/p>\n\n\n\n<p><\/p>\n<\/div>\n\n\n\n<p>The Vascular Biology Student Scientific Club, founded in 2021 within the<br>Department of Histology and Embryology, is a vibrant and interdisciplinary<br>community committed to students with a keen interest in vascular biology.<br>The club actively engages in research pertaining to the intricacies of<br>blood vessel structure and function, as well as the processes integral to<br>their development and evolution.<\/p>\n\n\n\n<p>The Club&#8217;s mission is to foster the scientific growth and collaboration of<br>both Polish- and English-speaking students, providing a platform for the<br>exchange of knowledge and experiences. Circle members have the chance to<br>engage in diverse research projects, attend scientific conferences, and<br>participate in workshops, thereby enhancing their competencies and honing<br>their research skills.<\/p>\n\n\n\n<p>Furthermore, club members play an active role in research projects<br>dedicated to analyzing cellular responses to inflammatory factors. This<br>research involves observing changes in cell morphology induced by<br>inflammatory stress and analyzing alterations in vital functions, such as<br>gene expression, cytokine production, and modifications in cellular<br>structure.<\/p>\n\n\n\n<p><strong>Current research projects:<\/strong><\/p>\n\n\n\n<p>1. Assessment of the impact of the activity of tyrosine kinase inhibitors<br>on the secretory potential of coronary artery endothelial cells under<br>inflammatory response conditions &#8211; in vitro studies.<\/p>\n\n\n\n<p>2. Cytoimmunological changes in bronchoalveolar lavage fluid (BAL) after<br>COVID-19 infection.<\/p>\n\n\n\n<p>3. Evaluation of the effect of transcription factor KLF11 expression on<br>the inflammatory response of endothelial and smooth muscle cells of<br>coronary arteries induced by TNF-beta; and disruption of the<br>TGF-alpha;-SMAD signaling pathway.<\/p>\n\n\n\n<p>4. Mechanobiology of the endothelial cell migration as a basis for the use<br>of biodegradable aliphatic polyester copolymers containing naturally<br>bioactive components in the design of cell scaffolds with increased<br>angiogenic potential of regenerated tissues.<\/p>\n\n\n\n<p><strong>Previous publications, presentations, other scientific achievements:<\/strong><\/p>\n\n\n\n<p>1. Miko\u0142ajczyk Klaudia, Spyt Dominika, Zieli\u0144ska Wioletta, \u017bury\u0144<br>Agnieszka, Faisal Inaz*,Qamar Murtaz*, \u015awiniarski Piotr, Grzanka Alina,<br>Gagat Maciej. The important role of endothelium and extracellular vesicles<br>in the cellular mechanism of aortic aneurysm formation. Int. J. Mol. Sci.<br>2021 : Vol. 22, nr 23, s. 1-15;, 13157.<\/p>\n\n\n\n<p>2. Bonowicz Klaudia*, Miko\u0142ajczyk Klaudia*, Faisal Inaz*, Qamar Murtaz*,<br>Steinbrink K., Kleszczy\u0144ski K., Grzanka Alina, Gagat Maciej. Mechanism of<br>extracellular vesicle secretion associated with TGF-beta-dependent<br>inflammatory response in the tumor microenvironment. Int. J.<br>Mol. Sci. 2022 : Vol. 23, nr 23, s. 1-12, 15335.<\/p>\n\n\n\n<p>3. Piekarska Klaudia, Bonowicz Klaudia, Grzanka Alina, Jaworski \u0141ukasz<br>M.*, Reiter R.J., S\u0142omi\u0144ski A.T., Steinbrink K., Kleszczy\u0144ski K., Gagat<br>Maciej. Melatonin and TGF-beta mediated release of extracellular<br>vesicles. Metabolites. 2023: Vol. 13, nr 4, s. 1-20, 575.<\/p>\n\n\n\n<p><strong>Saving mode to SKN:<\/strong><br>To join the group of active members of the Student Scientific Club of<br>Vascular Biology, please contact the chairman of the club and the<br>supervisor, and then complete the membership form available on the website<br>of the Student Scientific Society of the Collegium Medicum of the Nicolaus<br>Copernicus University.<\/p>\n","protected":false},"excerpt":{"rendered":"<p>Supervisor: dr hab. Maciej Gagat, prof. UMK E-mail: mgagat@cm.umk.pl Chairman: Lauryn Akeme E-mail: akemelauryn@gmail.com The Vascular Biology Student Scientific Club, founded in 2021 within theDepartment of Histology and Embryology, is a vibrant and interdisciplinarycommunity committed to students with a keen interest in vascular biology.The club actively engages in research pertaining to the intricacies ofblood vessel &hellip; <a href=\"https:\/\/stn.cm.umk.pl\/gb\/src-vascular-biology\/\" class=\"more-link\">Continue reading<span class=\"screen-reader-text\"> &#8220;SRC Vascular Biology&#8221;<\/span><\/a><\/p>\n","protected":false},"author":12,"featured_media":0,"parent":0,"menu_order":0,"comment_status":"closed","ping_status":"closed","template":"","meta":{"footnotes":""},"class_list":["post-4032","page","type-page","status-publish","hentry"],"translation":{"provider":"WPGlobus","version":"3.0.0","language":"gb","enabled_languages":["pl","gb"],"languages":{"pl":{"title":true,"content":true,"excerpt":false},"gb":{"title":false,"content":false,"excerpt":false}}},"aioseo_notices":[],"jetpack_sharing_enabled":true,"_links":{"self":[{"href":"https:\/\/stn.cm.umk.pl\/gb\/wp-json\/wp\/v2\/pages\/4032","targetHints":{"allow":["GET"]}}],"collection":[{"href":"https:\/\/stn.cm.umk.pl\/gb\/wp-json\/wp\/v2\/pages"}],"about":[{"href":"https:\/\/stn.cm.umk.pl\/gb\/wp-json\/wp\/v2\/types\/page"}],"author":[{"embeddable":true,"href":"https:\/\/stn.cm.umk.pl\/gb\/wp-json\/wp\/v2\/users\/12"}],"replies":[{"embeddable":true,"href":"https:\/\/stn.cm.umk.pl\/gb\/wp-json\/wp\/v2\/comments?post=4032"}],"version-history":[{"count":6,"href":"https:\/\/stn.cm.umk.pl\/gb\/wp-json\/wp\/v2\/pages\/4032\/revisions"}],"predecessor-version":[{"id":4067,"href":"https:\/\/stn.cm.umk.pl\/gb\/wp-json\/wp\/v2\/pages\/4032\/revisions\/4067"}],"wp:attachment":[{"href":"https:\/\/stn.cm.umk.pl\/gb\/wp-json\/wp\/v2\/media?parent=4032"}],"curies":[{"name":"wp","href":"https:\/\/api.w.org\/{rel}","templated":true}]}}