{"id":3976,"date":"2023-11-14T15:16:03","date_gmt":"2023-11-14T14:16:03","guid":{"rendered":"https:\/\/stn.cm.umk.pl\/?page_id=3976"},"modified":"2026-04-11T18:27:45","modified_gmt":"2026-04-11T16:27:45","slug":"skn-chirurgii-bariatrycznej-i-maloinwazyjnej","status":"publish","type":"page","link":"https:\/\/stn.cm.umk.pl\/gb\/skn-chirurgii-bariatrycznej-i-maloinwazyjnej\/","title":{"rendered":"SKN Chirurgii Bariatrycznej i Ma\u0142oinwazyjnej"},"content":{"rendered":"\n<p><strong>Jednostka organizacyjna: <\/strong>Katedra Chirurgii Og\u00f3lnej i Ma\u0142oinwazyjnej <br><br><strong>Opiekun:<\/strong> lek. Tomasz Zwoli\u0144ski <br><br><strong>Przewodnicz\u0105cy:<\/strong> Natalia Weso\u0142owska<br><br><strong>Kontakt:<\/strong> n.wesolowska03@gmail.com<\/p>\n\n\n\n<p><strong>Opis dzia\u0142alno\u015bci: <\/strong><br>Poszerzenie wiedzy i rozwijanie umiej\u0119tno\u015bci z zakresu chirurgii og\u00f3lnej i bariatrycznej w postaci uczestnictwa w operacjach, organizacji warsztat\u00f3w z laparoskopii w Centrum Symulacji Medycznych.<\/p>\n","protected":false},"excerpt":{"rendered":"<p>Jednostka organizacyjna: Katedra Chirurgii Og\u00f3lnej i Ma\u0142oinwazyjnej Opiekun: lek. Tomasz Zwoli\u0144ski Przewodnicz\u0105cy: Natalia Weso\u0142owska Kontakt: n.wesolowska03@gmail.com Opis dzia\u0142alno\u015bci: Poszerzenie wiedzy i rozwijanie umiej\u0119tno\u015bci z zakresu chirurgii og\u00f3lnej i bariatrycznej w postaci uczestnictwa w operacjach, organizacji warsztat\u00f3w z laparoskopii w Centrum Symulacji Medycznych.<\/p>\n","protected":false},"author":13,"featured_media":0,"parent":0,"menu_order":0,"comment_status":"closed","ping_status":"closed","template":"","meta":{"footnotes":""},"class_list":["post-3976","page","type-page","status-publish","hentry"],"translation":{"provider":"WPGlobus","version":"3.0.0","language":"gb","enabled_languages":["pl","gb"],"languages":{"pl":{"title":true,"content":true,"excerpt":false},"gb":{"title":false,"content":false,"excerpt":false}}},"aioseo_notices":[],"jetpack_sharing_enabled":true,"_links":{"self":[{"href":"https:\/\/stn.cm.umk.pl\/gb\/wp-json\/wp\/v2\/pages\/3976","targetHints":{"allow":["GET"]}}],"collection":[{"href":"https:\/\/stn.cm.umk.pl\/gb\/wp-json\/wp\/v2\/pages"}],"about":[{"href":"https:\/\/stn.cm.umk.pl\/gb\/wp-json\/wp\/v2\/types\/page"}],"author":[{"embeddable":true,"href":"https:\/\/stn.cm.umk.pl\/gb\/wp-json\/wp\/v2\/users\/13"}],"replies":[{"embeddable":true,"href":"https:\/\/stn.cm.umk.pl\/gb\/wp-json\/wp\/v2\/comments?post=3976"}],"version-history":[{"count":4,"href":"https:\/\/stn.cm.umk.pl\/gb\/wp-json\/wp\/v2\/pages\/3976\/revisions"}],"predecessor-version":[{"id":5096,"href":"https:\/\/stn.cm.umk.pl\/gb\/wp-json\/wp\/v2\/pages\/3976\/revisions\/5096"}],"wp:attachment":[{"href":"https:\/\/stn.cm.umk.pl\/gb\/wp-json\/wp\/v2\/media?parent=3976"}],"curies":[{"name":"wp","href":"https:\/\/api.w.org\/{rel}","templated":true}]}}