{"id":3954,"date":"2023-10-27T19:59:51","date_gmt":"2023-10-27T17:59:51","guid":{"rendered":"https:\/\/stn.cm.umk.pl\/?page_id=3954"},"modified":"2024-01-12T20:51:14","modified_gmt":"2024-01-12T19:51:14","slug":"skn-audiologii-i-foniatrii","status":"publish","type":"page","link":"https:\/\/stn.cm.umk.pl\/gb\/skn-audiologii-i-foniatrii\/","title":{"rendered":"SKN Audiologii i Foniatrii"},"content":{"rendered":"\n<figure class=\"wp-block-image size-full is-resized\"><a href=\"https:\/\/stn.cm.umk.pl\/wp-content\/uploads\/2024\/01\/LOGO-SKNAIFCMUMK-Agata-M.png\"><img loading=\"lazy\" decoding=\"async\" src=\"https:\/\/stn.cm.umk.pl\/wp-content\/uploads\/2024\/01\/LOGO-SKNAIFCMUMK-Agata-M.png\" alt=\"\" class=\"wp-image-4083\" style=\"width:287px;height:194px\" width=\"287\" height=\"194\" srcset=\"https:\/\/stn.cm.umk.pl\/wp-content\/uploads\/2024\/01\/LOGO-SKNAIFCMUMK-Agata-M.png 780w, https:\/\/stn.cm.umk.pl\/wp-content\/uploads\/2024\/01\/LOGO-SKNAIFCMUMK-Agata-M-300x203.png 300w, https:\/\/stn.cm.umk.pl\/wp-content\/uploads\/2024\/01\/LOGO-SKNAIFCMUMK-Agata-M-768x519.png 768w\" sizes=\"auto, (max-width: 287px) 85vw, 287px\" \/><\/a><\/figure>\n\n\n\n<p><strong>Jednostka organizacyjna: <\/strong>Katedra Fizjologii Cz\u0142owieka<br><strong>Opiekun ko\u0142a<\/strong>: prof. dr hab. Wojciech Ka\u017amierczak<br><strong>Przewodnicz\u0105cy:<\/strong> Agata Maciejewska<br><strong>Kontakt: <\/strong>sknaudiofoniatrii@gmail.com<\/p>\n\n\n\n<p><strong><a href=\"https:\/\/www.facebook.com\/profile.php?id=61553903464084\" target=\"_blank\" rel=\"noopener\" title=\"\">Profil na Facebooku<\/a><\/strong><\/p>\n\n\n\n<p><strong>Opis dzia\u0142alno\u015bci <\/strong><br>1. Badania naukowe z zakresu audiologii i foniatrii z elementami fizjologii. <br>2. Poszerzanie wiedzy z zakresu specjalno\u015bci lekarskiej Audiologii i Foniatrii. <br>3. Praktyczna nauka wykonywania bada\u0144 z zakresu audiofonologii. <br>4. Wsp\u00f3\u0142praca z innymi jednostkami naukowymi i stowarzyszeniami pacjent\u00f3w w Polsce, np. nauka j\u0119zyka migowego.<\/p>\n","protected":false},"excerpt":{"rendered":"<p>Jednostka organizacyjna: Katedra Fizjologii Cz\u0142owiekaOpiekun ko\u0142a: prof. dr hab. Wojciech Ka\u017amierczakPrzewodnicz\u0105cy: Agata MaciejewskaKontakt: sknaudiofoniatrii@gmail.com Profil na Facebooku Opis dzia\u0142alno\u015bci 1. Badania naukowe z zakresu audiologii i foniatrii z elementami fizjologii. 2. Poszerzanie wiedzy z zakresu specjalno\u015bci lekarskiej Audiologii i Foniatrii. 3. Praktyczna nauka wykonywania bada\u0144 z zakresu audiofonologii. 4. Wsp\u00f3\u0142praca z innymi jednostkami naukowymi i &hellip; <a href=\"https:\/\/stn.cm.umk.pl\/gb\/skn-audiologii-i-foniatrii\/\" class=\"more-link\">Continue reading<span class=\"screen-reader-text\"> &#8220;SKN Audiologii i Foniatrii&#8221;<\/span><\/a><\/p>\n","protected":false},"author":13,"featured_media":0,"parent":0,"menu_order":0,"comment_status":"closed","ping_status":"closed","template":"","meta":{"footnotes":""},"class_list":["post-3954","page","type-page","status-publish","hentry"],"translation":{"provider":"WPGlobus","version":"3.0.0","language":"gb","enabled_languages":["pl","gb"],"languages":{"pl":{"title":true,"content":true,"excerpt":false},"gb":{"title":false,"content":false,"excerpt":false}}},"aioseo_notices":[],"jetpack_sharing_enabled":true,"_links":{"self":[{"href":"https:\/\/stn.cm.umk.pl\/gb\/wp-json\/wp\/v2\/pages\/3954","targetHints":{"allow":["GET"]}}],"collection":[{"href":"https:\/\/stn.cm.umk.pl\/gb\/wp-json\/wp\/v2\/pages"}],"about":[{"href":"https:\/\/stn.cm.umk.pl\/gb\/wp-json\/wp\/v2\/types\/page"}],"author":[{"embeddable":true,"href":"https:\/\/stn.cm.umk.pl\/gb\/wp-json\/wp\/v2\/users\/13"}],"replies":[{"embeddable":true,"href":"https:\/\/stn.cm.umk.pl\/gb\/wp-json\/wp\/v2\/comments?post=3954"}],"version-history":[{"count":2,"href":"https:\/\/stn.cm.umk.pl\/gb\/wp-json\/wp\/v2\/pages\/3954\/revisions"}],"predecessor-version":[{"id":4084,"href":"https:\/\/stn.cm.umk.pl\/gb\/wp-json\/wp\/v2\/pages\/3954\/revisions\/4084"}],"wp:attachment":[{"href":"https:\/\/stn.cm.umk.pl\/gb\/wp-json\/wp\/v2\/media?parent=3954"}],"curies":[{"name":"wp","href":"https:\/\/api.w.org\/{rel}","templated":true}]}}