{"id":3951,"date":"2023-10-27T19:56:12","date_gmt":"2023-10-27T17:56:12","guid":{"rendered":"https:\/\/stn.cm.umk.pl\/?page_id=3951"},"modified":"2026-04-02T12:59:13","modified_gmt":"2026-04-02T10:59:13","slug":"skn-endokrynologii","status":"publish","type":"page","link":"https:\/\/stn.cm.umk.pl\/gb\/skn-endokrynologii\/","title":{"rendered":"SKN Endokrynologii"},"content":{"rendered":"\n<div class=\"wp-block-group is-nowrap is-layout-flex wp-container-core-group-is-layout-1 wp-block-group-is-layout-flex\">\n<p><strong>Jednostka organizacyjna:<\/strong> Katedra Endokrynologii i Diabetologii<br><strong>Opiekun ko\u0142a:<\/strong> dr hab.\u00a0Marcin Gierach, prof. UMK, lek. Dorota \u0141ukasiewicz<br><strong>Przewodnicz\u0105cy:<\/strong> Patrycja Czaj<br><strong>Kontakt: <\/strong>czaj.patrycja@gmail.com<\/p>\n\n\n\n<figure class=\"wp-block-image size-large is-resized\"><a href=\"https:\/\/stn.cm.umk.pl\/wp-content\/uploads\/2026\/04\/kolo-Endo-3-2.png\"><img loading=\"lazy\" decoding=\"async\" width=\"1024\" height=\"1024\" src=\"https:\/\/stn.cm.umk.pl\/wp-content\/uploads\/2026\/04\/kolo-Endo-3-2-1024x1024.png\" alt=\"\" class=\"wp-image-5079\" style=\"width:345px;height:auto\" srcset=\"https:\/\/stn.cm.umk.pl\/wp-content\/uploads\/2026\/04\/kolo-Endo-3-2-1024x1024.png 1024w, https:\/\/stn.cm.umk.pl\/wp-content\/uploads\/2026\/04\/kolo-Endo-3-2-300x300.png 300w, https:\/\/stn.cm.umk.pl\/wp-content\/uploads\/2026\/04\/kolo-Endo-3-2-150x150.png 150w, https:\/\/stn.cm.umk.pl\/wp-content\/uploads\/2026\/04\/kolo-Endo-3-2-768x768.png 768w, https:\/\/stn.cm.umk.pl\/wp-content\/uploads\/2026\/04\/kolo-Endo-3-2-1536x1536.png 1536w, https:\/\/stn.cm.umk.pl\/wp-content\/uploads\/2026\/04\/kolo-Endo-3-2-1200x1200.png 1200w, https:\/\/stn.cm.umk.pl\/wp-content\/uploads\/2026\/04\/kolo-Endo-3-2.png 2000w\" sizes=\"auto, (max-width: 709px) 85vw, (max-width: 909px) 67vw, (max-width: 1362px) 62vw, 840px\" \/><\/a><\/figure>\n<\/div>\n\n\n\n<p><strong>Opis dzia\u0142alno\u015bci: <\/strong><br>SKN Endokrynologii skupia si\u0119 na szerokim spektrum dziedzin endokrynologii, obejmuj\u0105c hormony, ich wp\u0142yw na organizm oraz zwi\u0105zane z nimi choroby i zaburzenia. Nasze obszary zainteresowa\u0144 to m.in choroby tarczycy i przysadki, metody diagnostyczne oraz nowoczesne terapie hormonalne. Celujemy w poszerzenie wiedzy teoretycznej oraz zdobycie umiej\u0119tno\u015bci praktycznych dotycz\u0105cych diagnostyki i leczenia endokrynologicznego. <\/p>\n\n\n\n<p>SKN Endokrynologii zajmuje si\u0119 r\u00f3wnie\u017c omawianiem przypadk\u00f3w klinicznych oraz przygotowywaniem prac naukowych.<\/p>\n\n\n\n<p><\/p>\n","protected":false},"excerpt":{"rendered":"<p>Jednostka organizacyjna: Katedra Endokrynologii i DiabetologiiOpiekun ko\u0142a: dr hab.\u00a0Marcin Gierach, prof. UMK, lek. Dorota \u0141ukasiewiczPrzewodnicz\u0105cy: Patrycja CzajKontakt: czaj.patrycja@gmail.com Opis dzia\u0142alno\u015bci: SKN Endokrynologii skupia si\u0119 na szerokim spektrum dziedzin endokrynologii, obejmuj\u0105c hormony, ich wp\u0142yw na organizm oraz zwi\u0105zane z nimi choroby i zaburzenia. Nasze obszary zainteresowa\u0144 to m.in choroby tarczycy i przysadki, metody diagnostyczne oraz nowoczesne &hellip; <a href=\"https:\/\/stn.cm.umk.pl\/gb\/skn-endokrynologii\/\" class=\"more-link\">Continue reading<span class=\"screen-reader-text\"> &#8220;SKN Endokrynologii&#8221;<\/span><\/a><\/p>\n","protected":false},"author":13,"featured_media":0,"parent":0,"menu_order":0,"comment_status":"closed","ping_status":"closed","template":"","meta":{"footnotes":""},"class_list":["post-3951","page","type-page","status-publish","hentry"],"translation":{"provider":"WPGlobus","version":"3.0.0","language":"gb","enabled_languages":["pl","gb"],"languages":{"pl":{"title":true,"content":true,"excerpt":false},"gb":{"title":false,"content":false,"excerpt":false}}},"aioseo_notices":[],"jetpack_sharing_enabled":true,"_links":{"self":[{"href":"https:\/\/stn.cm.umk.pl\/gb\/wp-json\/wp\/v2\/pages\/3951","targetHints":{"allow":["GET"]}}],"collection":[{"href":"https:\/\/stn.cm.umk.pl\/gb\/wp-json\/wp\/v2\/pages"}],"about":[{"href":"https:\/\/stn.cm.umk.pl\/gb\/wp-json\/wp\/v2\/types\/page"}],"author":[{"embeddable":true,"href":"https:\/\/stn.cm.umk.pl\/gb\/wp-json\/wp\/v2\/users\/13"}],"replies":[{"embeddable":true,"href":"https:\/\/stn.cm.umk.pl\/gb\/wp-json\/wp\/v2\/comments?post=3951"}],"version-history":[{"count":4,"href":"https:\/\/stn.cm.umk.pl\/gb\/wp-json\/wp\/v2\/pages\/3951\/revisions"}],"predecessor-version":[{"id":5080,"href":"https:\/\/stn.cm.umk.pl\/gb\/wp-json\/wp\/v2\/pages\/3951\/revisions\/5080"}],"wp:attachment":[{"href":"https:\/\/stn.cm.umk.pl\/gb\/wp-json\/wp\/v2\/media?parent=3951"}],"curies":[{"name":"wp","href":"https:\/\/api.w.org\/{rel}","templated":true}]}}