{"id":3873,"date":"2023-10-02T15:13:18","date_gmt":"2023-10-02T13:13:18","guid":{"rendered":"https:\/\/stn.cm.umk.pl\/?page_id=3873"},"modified":"2026-04-11T13:42:17","modified_gmt":"2026-04-11T11:42:17","slug":"skn-humanistyki-medycznej","status":"publish","type":"page","link":"https:\/\/stn.cm.umk.pl\/gb\/skn-humanistyki-medycznej\/","title":{"rendered":"SKN Humanistyki Medycznej"},"content":{"rendered":"\n<p><strong>Jednostka organizacyjna:<\/strong> Katedra Komunikacji Medycznej i Humanistyki Medycznej <br><br><strong>Opiekunowie:<\/strong> dr Andrzej Doma\u0144ski, dr Maja \u0141o\u015b<br><br><strong>Przewodnicz\u0105ca<\/strong>: Lena Pruszkowska <br><br><strong>Kontakt: <\/strong>320699@stud.umk.pl<br><br><strong>Opis dzia\u0142alno\u015bci:<\/strong><br>Humanistyka medyczna to interdyscyplinarna dziedzina medycyny, kt\u00f3ra odwo\u0142uje si\u0119 do nauk humanistycznych (filozofii medycyny, etyki medycznej i bioetyki, historii medycyny, literaturoznawstwa i religioznawstwa), nauk spo\u0142ecznych (psychologii, socjologii medycyny, antropologii medycznej) i sztuki. Humanistyka medyczna wykorzystuje interdyscyplinarn\u0105 perspektyw\u0119 do badania do\u015bwiadcze\u0144 zwi\u0105zanych ze zdrowiem i chorob\u0105 <br><br><strong>Celem SKN Humanistyki Medycznej jest:<\/strong><br>a) pog\u0142\u0119bianie i upowszechnianie wiedzy z zakresu humanistycznych aspekt\u00f3w medycyny<br>b) kszta\u0142towanie postaw etycznych i profesjonalnych<br>c) rozwijanie kompetencji komunikacyjnych <br>d) promowanie podej\u015bcia holistycznego w medycynie <br>e)prowadzenie dzia\u0142alno\u015bci naukowej i badawczej <br>f) organizacja wydarze\u0144 naukowych i dydaktycznym <br><\/p>\n\n\n\n<p><\/p>\n","protected":false},"excerpt":{"rendered":"<p>Jednostka organizacyjna: Katedra Komunikacji Medycznej i Humanistyki Medycznej Opiekunowie: dr Andrzej Doma\u0144ski, dr Maja \u0141o\u015b Przewodnicz\u0105ca: Lena Pruszkowska Kontakt: 320699@stud.umk.pl Opis dzia\u0142alno\u015bci:Humanistyka medyczna to interdyscyplinarna dziedzina medycyny, kt\u00f3ra odwo\u0142uje si\u0119 do nauk humanistycznych (filozofii medycyny, etyki medycznej i bioetyki, historii medycyny, literaturoznawstwa i religioznawstwa), nauk spo\u0142ecznych (psychologii, socjologii medycyny, antropologii medycznej) i sztuki. Humanistyka medyczna &hellip; <a href=\"https:\/\/stn.cm.umk.pl\/gb\/skn-humanistyki-medycznej\/\" class=\"more-link\">Continue reading<span class=\"screen-reader-text\"> &#8220;SKN Humanistyki Medycznej&#8221;<\/span><\/a><\/p>\n","protected":false},"author":13,"featured_media":0,"parent":0,"menu_order":0,"comment_status":"closed","ping_status":"closed","template":"","meta":{"footnotes":""},"class_list":["post-3873","page","type-page","status-publish","hentry"],"translation":{"provider":"WPGlobus","version":"3.0.0","language":"gb","enabled_languages":["pl","gb"],"languages":{"pl":{"title":true,"content":true,"excerpt":false},"gb":{"title":false,"content":false,"excerpt":false}}},"aioseo_notices":[],"jetpack_sharing_enabled":true,"_links":{"self":[{"href":"https:\/\/stn.cm.umk.pl\/gb\/wp-json\/wp\/v2\/pages\/3873","targetHints":{"allow":["GET"]}}],"collection":[{"href":"https:\/\/stn.cm.umk.pl\/gb\/wp-json\/wp\/v2\/pages"}],"about":[{"href":"https:\/\/stn.cm.umk.pl\/gb\/wp-json\/wp\/v2\/types\/page"}],"author":[{"embeddable":true,"href":"https:\/\/stn.cm.umk.pl\/gb\/wp-json\/wp\/v2\/users\/13"}],"replies":[{"embeddable":true,"href":"https:\/\/stn.cm.umk.pl\/gb\/wp-json\/wp\/v2\/comments?post=3873"}],"version-history":[{"count":2,"href":"https:\/\/stn.cm.umk.pl\/gb\/wp-json\/wp\/v2\/pages\/3873\/revisions"}],"predecessor-version":[{"id":5089,"href":"https:\/\/stn.cm.umk.pl\/gb\/wp-json\/wp\/v2\/pages\/3873\/revisions\/5089"}],"wp:attachment":[{"href":"https:\/\/stn.cm.umk.pl\/gb\/wp-json\/wp\/v2\/media?parent=3873"}],"curies":[{"name":"wp","href":"https:\/\/api.w.org\/{rel}","templated":true}]}}