{"id":3831,"date":"2023-09-15T19:28:08","date_gmt":"2023-09-15T17:28:08","guid":{"rendered":"https:\/\/stn.cm.umk.pl\/?page_id=3831"},"modified":"2025-11-14T20:38:48","modified_gmt":"2025-11-14T19:38:48","slug":"skn-ortopedii-rekonstrukcyjnej-i-artoskopii","status":"publish","type":"page","link":"https:\/\/stn.cm.umk.pl\/gb\/skn-ortopedii-rekonstrukcyjnej-i-artoskopii\/","title":{"rendered":"SKN Ortopedii Rekonstrukcyjnej i Artoskopii"},"content":{"rendered":"<div class=\"wp-block-image\">\n<figure class=\"alignright size-full is-resized\"><a href=\"https:\/\/stn.cm.umk.pl\/wp-content\/uploads\/2023\/09\/inbound3331856304115680837-Michelle.jpg\"><img loading=\"lazy\" decoding=\"async\" width=\"500\" height=\"500\" src=\"https:\/\/stn.cm.umk.pl\/wp-content\/uploads\/2023\/09\/inbound3331856304115680837-Michelle.jpg\" alt=\"\" class=\"wp-image-3832\" style=\"width:252px;height:252px\" srcset=\"https:\/\/stn.cm.umk.pl\/wp-content\/uploads\/2023\/09\/inbound3331856304115680837-Michelle.jpg 500w, https:\/\/stn.cm.umk.pl\/wp-content\/uploads\/2023\/09\/inbound3331856304115680837-Michelle-300x300.jpg 300w, https:\/\/stn.cm.umk.pl\/wp-content\/uploads\/2023\/09\/inbound3331856304115680837-Michelle-150x150.jpg 150w\" sizes=\"auto, (max-width: 500px) 85vw, 500px\" \/><\/a><\/figure><\/div>\n\n\n<p><strong>Jednostka organizacyjna:<\/strong> Oddzia\u0142 Kliniczny Ortopedii i Traumatologii Narz\u0105du Ruchu<br><strong>Opiekunowie:<\/strong>                                                                  dr hab. n. med. i n. o zdr. Jan Zabrzy\u0144ski, prof. UMK                                                                                                                         lek. med. Jakub Erdmann<br><strong>Przewodnicz\u0105cy: <\/strong>Szymon Krzykowski <br><strong>Kontakt: <\/strong>szymonkrzykowski@gmail.com<\/p>\n","protected":false},"excerpt":{"rendered":"<p>Jednostka organizacyjna: Oddzia\u0142 Kliniczny Ortopedii i Traumatologii Narz\u0105du RuchuOpiekunowie: dr hab. n. med. i n. o zdr. Jan Zabrzy\u0144ski, prof. UMK lek. med. Jakub ErdmannPrzewodnicz\u0105cy: Szymon Krzykowski Kontakt: szymonkrzykowski@gmail.com<\/p>\n","protected":false},"author":13,"featured_media":0,"parent":0,"menu_order":0,"comment_status":"closed","ping_status":"closed","template":"","meta":{"footnotes":""},"class_list":["post-3831","page","type-page","status-publish","hentry"],"translation":{"provider":"WPGlobus","version":"3.0.0","language":"gb","enabled_languages":["pl","gb"],"languages":{"pl":{"title":true,"content":true,"excerpt":false},"gb":{"title":false,"content":false,"excerpt":false}}},"aioseo_notices":[],"jetpack_sharing_enabled":true,"_links":{"self":[{"href":"https:\/\/stn.cm.umk.pl\/gb\/wp-json\/wp\/v2\/pages\/3831","targetHints":{"allow":["GET"]}}],"collection":[{"href":"https:\/\/stn.cm.umk.pl\/gb\/wp-json\/wp\/v2\/pages"}],"about":[{"href":"https:\/\/stn.cm.umk.pl\/gb\/wp-json\/wp\/v2\/types\/page"}],"author":[{"embeddable":true,"href":"https:\/\/stn.cm.umk.pl\/gb\/wp-json\/wp\/v2\/users\/13"}],"replies":[{"embeddable":true,"href":"https:\/\/stn.cm.umk.pl\/gb\/wp-json\/wp\/v2\/comments?post=3831"}],"version-history":[{"count":3,"href":"https:\/\/stn.cm.umk.pl\/gb\/wp-json\/wp\/v2\/pages\/3831\/revisions"}],"predecessor-version":[{"id":4771,"href":"https:\/\/stn.cm.umk.pl\/gb\/wp-json\/wp\/v2\/pages\/3831\/revisions\/4771"}],"wp:attachment":[{"href":"https:\/\/stn.cm.umk.pl\/gb\/wp-json\/wp\/v2\/media?parent=3831"}],"curies":[{"name":"wp","href":"https:\/\/api.w.org\/{rel}","templated":true}]}}