{"id":3776,"date":"2023-08-27T12:46:22","date_gmt":"2023-08-27T10:46:22","guid":{"rendered":"https:\/\/stn.cm.umk.pl\/?page_id=3776"},"modified":"2025-11-14T20:09:36","modified_gmt":"2025-11-14T19:09:36","slug":"skn-interdyscyplinarnego-rozwoju-nauki","status":"publish","type":"page","link":"https:\/\/stn.cm.umk.pl\/gb\/skn-interdyscyplinarnego-rozwoju-nauki\/","title":{"rendered":"SKN Interdyscyplinarnego Rozwoju i Nauki"},"content":{"rendered":"\n<p><strong>Jednostka organizacyjna:<\/strong> Katedra Ekonomiki Zdrowia<br><strong>Opiekun: <\/strong>dr Katarzyna Bia\u0142czyk, mgr Katarzyna Szmyt-Cebula, dr Milena Wojciechowska, dr Monika Betyna-Bia\u0142ek, dr Mateusz W\u0119drowski, dr Przemys\u0142aw \u017buraty\u0144ski<br><strong>Przewodnicz\u0105cy: <\/strong>Grzegorz Janowski<br><strong>Kontakt:<\/strong> grzegorzjano.01@gmail.com<\/p>\n","protected":false},"excerpt":{"rendered":"<p>Jednostka organizacyjna: Katedra Ekonomiki ZdrowiaOpiekun: dr Katarzyna Bia\u0142czyk, mgr Katarzyna Szmyt-Cebula, dr Milena Wojciechowska, dr Monika Betyna-Bia\u0142ek, dr Mateusz W\u0119drowski, dr Przemys\u0142aw \u017buraty\u0144skiPrzewodnicz\u0105cy: Grzegorz JanowskiKontakt: grzegorzjano.01@gmail.com<\/p>\n","protected":false},"author":13,"featured_media":0,"parent":0,"menu_order":0,"comment_status":"closed","ping_status":"closed","template":"","meta":{"footnotes":""},"class_list":["post-3776","page","type-page","status-publish","hentry"],"translation":{"provider":"WPGlobus","version":"3.0.0","language":"gb","enabled_languages":["pl","gb"],"languages":{"pl":{"title":true,"content":true,"excerpt":false},"gb":{"title":false,"content":false,"excerpt":false}}},"aioseo_notices":[],"jetpack_sharing_enabled":true,"_links":{"self":[{"href":"https:\/\/stn.cm.umk.pl\/gb\/wp-json\/wp\/v2\/pages\/3776","targetHints":{"allow":["GET"]}}],"collection":[{"href":"https:\/\/stn.cm.umk.pl\/gb\/wp-json\/wp\/v2\/pages"}],"about":[{"href":"https:\/\/stn.cm.umk.pl\/gb\/wp-json\/wp\/v2\/types\/page"}],"author":[{"embeddable":true,"href":"https:\/\/stn.cm.umk.pl\/gb\/wp-json\/wp\/v2\/users\/13"}],"replies":[{"embeddable":true,"href":"https:\/\/stn.cm.umk.pl\/gb\/wp-json\/wp\/v2\/comments?post=3776"}],"version-history":[{"count":8,"href":"https:\/\/stn.cm.umk.pl\/gb\/wp-json\/wp\/v2\/pages\/3776\/revisions"}],"predecessor-version":[{"id":4765,"href":"https:\/\/stn.cm.umk.pl\/gb\/wp-json\/wp\/v2\/pages\/3776\/revisions\/4765"}],"wp:attachment":[{"href":"https:\/\/stn.cm.umk.pl\/gb\/wp-json\/wp\/v2\/media?parent=3776"}],"curies":[{"name":"wp","href":"https:\/\/api.w.org\/{rel}","templated":true}]}}