{"id":3762,"date":"2023-08-27T11:04:39","date_gmt":"2023-08-27T09:04:39","guid":{"rendered":"https:\/\/stn.cm.umk.pl\/?page_id=3762"},"modified":"2024-11-15T16:37:14","modified_gmt":"2024-11-15T15:37:14","slug":"skn-medycyny-gorskiej-i-ekstremalnej","status":"publish","type":"page","link":"https:\/\/stn.cm.umk.pl\/gb\/skn-medycyny-gorskiej-i-ekstremalnej\/","title":{"rendered":"SKN Medycyny G\u00f3rskiej i Ekstremalnej"},"content":{"rendered":"\n<p><strong>Opiekun:<\/strong> dr Agnieszka Kujawska<br><strong>Przewodnicz\u0105cy: <\/strong>Martyna Lis-Kujawska<br><strong>Kontakt:<\/strong> skn.mgie@gmail.com<\/p>\n\n\n\n<p>Dzia\u0142alno\u015b\u0107 w SKN umo\u017cliwia uczestnictwo w spotkaniach \u201emedycyna przy kawie\u201d, podczas kt\u00f3rych poruszamy r\u00f3\u017cne zagadnienia medyczne, opisy przypadk\u00f3w, lub rozmawiamy z zaproszonymi go\u015b\u0107mi. Bierzemy r\u00f3wnie\u017c udzia\u0142 w warsztatach tematycznych, konferencjach, \u00a0spotkaniach z go\u015b\u0107mi, a wsp\u00f3\u0142praca z ko\u0142ami innych uczelni oraz fundacjami i organizacjami pozarz\u0105dowymi otwiera perspektywy na ciekawe dyskusje i znajomo\u015bci, oraz poszerza nasze perspektywy. <\/p>\n","protected":false},"excerpt":{"rendered":"<p>Opiekun: dr Agnieszka KujawskaPrzewodnicz\u0105cy: Martyna Lis-KujawskaKontakt: skn.mgie@gmail.com Dzia\u0142alno\u015b\u0107 w SKN umo\u017cliwia uczestnictwo w spotkaniach \u201emedycyna przy kawie\u201d, podczas kt\u00f3rych poruszamy r\u00f3\u017cne zagadnienia medyczne, opisy przypadk\u00f3w, lub rozmawiamy z zaproszonymi go\u015b\u0107mi. Bierzemy r\u00f3wnie\u017c udzia\u0142 w warsztatach tematycznych, konferencjach, \u00a0spotkaniach z go\u015b\u0107mi, a wsp\u00f3\u0142praca z ko\u0142ami innych uczelni oraz fundacjami i organizacjami pozarz\u0105dowymi otwiera perspektywy na ciekawe &hellip; <a href=\"https:\/\/stn.cm.umk.pl\/gb\/skn-medycyny-gorskiej-i-ekstremalnej\/\" class=\"more-link\">Continue reading<span class=\"screen-reader-text\"> &#8220;SKN Medycyny G\u00f3rskiej i Ekstremalnej&#8221;<\/span><\/a><\/p>\n","protected":false},"author":13,"featured_media":0,"parent":0,"menu_order":0,"comment_status":"closed","ping_status":"closed","template":"","meta":{"footnotes":""},"class_list":["post-3762","page","type-page","status-publish","hentry"],"translation":{"provider":"WPGlobus","version":"3.0.0","language":"gb","enabled_languages":["pl","gb"],"languages":{"pl":{"title":true,"content":true,"excerpt":false},"gb":{"title":false,"content":false,"excerpt":false}}},"aioseo_notices":[],"jetpack_sharing_enabled":true,"_links":{"self":[{"href":"https:\/\/stn.cm.umk.pl\/gb\/wp-json\/wp\/v2\/pages\/3762","targetHints":{"allow":["GET"]}}],"collection":[{"href":"https:\/\/stn.cm.umk.pl\/gb\/wp-json\/wp\/v2\/pages"}],"about":[{"href":"https:\/\/stn.cm.umk.pl\/gb\/wp-json\/wp\/v2\/types\/page"}],"author":[{"embeddable":true,"href":"https:\/\/stn.cm.umk.pl\/gb\/wp-json\/wp\/v2\/users\/13"}],"replies":[{"embeddable":true,"href":"https:\/\/stn.cm.umk.pl\/gb\/wp-json\/wp\/v2\/comments?post=3762"}],"version-history":[{"count":4,"href":"https:\/\/stn.cm.umk.pl\/gb\/wp-json\/wp\/v2\/pages\/3762\/revisions"}],"predecessor-version":[{"id":4378,"href":"https:\/\/stn.cm.umk.pl\/gb\/wp-json\/wp\/v2\/pages\/3762\/revisions\/4378"}],"wp:attachment":[{"href":"https:\/\/stn.cm.umk.pl\/gb\/wp-json\/wp\/v2\/media?parent=3762"}],"curies":[{"name":"wp","href":"https:\/\/api.w.org\/{rel}","templated":true}]}}