{"id":3659,"date":"2023-03-03T16:57:18","date_gmt":"2023-03-03T15:57:18","guid":{"rendered":"https:\/\/stn.cm.umk.pl\/?page_id=3659"},"modified":"2026-01-14T22:16:45","modified_gmt":"2026-01-14T21:16:45","slug":"skn-chemii-medycznej","status":"publish","type":"page","link":"https:\/\/stn.cm.umk.pl\/gb\/skn-chemii-medycznej\/","title":{"rendered":"SKN Chemii Medycznej"},"content":{"rendered":"\n<p><strong>Jednostka organizacyjna<\/strong>: Katedra Technologii Chemicznej \u015arodk\u00f3w Leczniczych<br><strong>Opiekun: <\/strong>dr Joanna Cytarska<br><strong>Przewodnicz\u0105cy:<\/strong> Weronika Snopkowska<br><strong>Kontakt:<\/strong> 315692@stud.umk.pl<\/p>\n","protected":false},"excerpt":{"rendered":"<p>Jednostka organizacyjna: Katedra Technologii Chemicznej \u015arodk\u00f3w LeczniczychOpiekun: dr Joanna CytarskaPrzewodnicz\u0105cy: Weronika SnopkowskaKontakt: 315692@stud.umk.pl<\/p>\n","protected":false},"author":10,"featured_media":0,"parent":0,"menu_order":0,"comment_status":"closed","ping_status":"closed","template":"","meta":{"footnotes":""},"class_list":["post-3659","page","type-page","status-publish","hentry"],"translation":{"provider":"WPGlobus","version":"3.0.0","language":"gb","enabled_languages":["pl","gb"],"languages":{"pl":{"title":true,"content":true,"excerpt":false},"gb":{"title":false,"content":false,"excerpt":false}}},"aioseo_notices":[],"jetpack_sharing_enabled":true,"_links":{"self":[{"href":"https:\/\/stn.cm.umk.pl\/gb\/wp-json\/wp\/v2\/pages\/3659","targetHints":{"allow":["GET"]}}],"collection":[{"href":"https:\/\/stn.cm.umk.pl\/gb\/wp-json\/wp\/v2\/pages"}],"about":[{"href":"https:\/\/stn.cm.umk.pl\/gb\/wp-json\/wp\/v2\/types\/page"}],"author":[{"embeddable":true,"href":"https:\/\/stn.cm.umk.pl\/gb\/wp-json\/wp\/v2\/users\/10"}],"replies":[{"embeddable":true,"href":"https:\/\/stn.cm.umk.pl\/gb\/wp-json\/wp\/v2\/comments?post=3659"}],"version-history":[{"count":5,"href":"https:\/\/stn.cm.umk.pl\/gb\/wp-json\/wp\/v2\/pages\/3659\/revisions"}],"predecessor-version":[{"id":4852,"href":"https:\/\/stn.cm.umk.pl\/gb\/wp-json\/wp\/v2\/pages\/3659\/revisions\/4852"}],"wp:attachment":[{"href":"https:\/\/stn.cm.umk.pl\/gb\/wp-json\/wp\/v2\/media?parent=3659"}],"curies":[{"name":"wp","href":"https:\/\/api.w.org\/{rel}","templated":true}]}}