{"id":3521,"date":"2022-06-20T12:04:00","date_gmt":"2022-06-20T10:04:00","guid":{"rendered":"https:\/\/stn.cm.umk.pl\/?page_id=3521"},"modified":"2022-06-20T12:04:00","modified_gmt":"2022-06-20T10:04:00","slug":"skn-metod-obliczeniowych-2","status":"publish","type":"page","link":"https:\/\/stn.cm.umk.pl\/gb\/skn-metod-obliczeniowych-2\/","title":{"rendered":"SKN Metod Obliczeniowych"},"content":{"rendered":"\n<p><strong>Jednostka organizacyjna: <\/strong> Katedra Chemii Organicznej<br><strong>Opiekun Ko\u0142a: <\/strong>dr hab. Alicja Nowaczyk, prof. UMK<br><strong>Przewodnicz\u0105cy:<\/strong> Jakub Kopczy\u0144ski<br><strong>Kontakt:<\/strong> 310556@stud.umk.pl<\/p>\n\n\n\n<p><strong>Opis dzia\u0142alno\u015bci:<\/strong><br>Zakres dzia\u0142alno\u015bci SKN Metod Obliczeniowych skupia si\u0119 wok\u00f3\u0142 zagadnie\u0144 zwi\u0105zanych z bioinformatycznymi metodami bada\u0144 r\u00f3\u017cnych grup zwi\u0105zk\u00f3w chemicznych. Cz\u0142onkowie Ko\u0142a wykonuj\u0105 badania in silico, w tym modelowanie molekularne i badania zale\u017cno\u015bci struktura-aktywno\u015b\u0107 z wykorzystaniem aparatury i oprogramowania dost\u0119pnego w Katedrze Chemii Organicznej.<\/p>\n","protected":false},"excerpt":{"rendered":"<p>Jednostka organizacyjna: Katedra Chemii OrganicznejOpiekun Ko\u0142a: dr hab. Alicja Nowaczyk, prof. UMKPrzewodnicz\u0105cy: Jakub Kopczy\u0144skiKontakt: 310556@stud.umk.pl Opis dzia\u0142alno\u015bci:Zakres dzia\u0142alno\u015bci SKN Metod Obliczeniowych skupia si\u0119 wok\u00f3\u0142 zagadnie\u0144 zwi\u0105zanych z bioinformatycznymi metodami bada\u0144 r\u00f3\u017cnych grup zwi\u0105zk\u00f3w chemicznych. Cz\u0142onkowie Ko\u0142a wykonuj\u0105 badania in silico, w tym modelowanie molekularne i badania zale\u017cno\u015bci struktura-aktywno\u015b\u0107 z wykorzystaniem aparatury i oprogramowania dost\u0119pnego w &hellip; <a href=\"https:\/\/stn.cm.umk.pl\/gb\/skn-metod-obliczeniowych-2\/\" class=\"more-link\">Continue reading<span class=\"screen-reader-text\"> &#8220;SKN Metod Obliczeniowych&#8221;<\/span><\/a><\/p>\n","protected":false},"author":12,"featured_media":0,"parent":0,"menu_order":0,"comment_status":"closed","ping_status":"closed","template":"","meta":{"footnotes":""},"class_list":["post-3521","page","type-page","status-publish","hentry"],"translation":{"provider":"WPGlobus","version":"3.0.0","language":"gb","enabled_languages":["pl","gb"],"languages":{"pl":{"title":true,"content":true,"excerpt":false},"gb":{"title":false,"content":false,"excerpt":false}}},"aioseo_notices":[],"jetpack_sharing_enabled":true,"_links":{"self":[{"href":"https:\/\/stn.cm.umk.pl\/gb\/wp-json\/wp\/v2\/pages\/3521","targetHints":{"allow":["GET"]}}],"collection":[{"href":"https:\/\/stn.cm.umk.pl\/gb\/wp-json\/wp\/v2\/pages"}],"about":[{"href":"https:\/\/stn.cm.umk.pl\/gb\/wp-json\/wp\/v2\/types\/page"}],"author":[{"embeddable":true,"href":"https:\/\/stn.cm.umk.pl\/gb\/wp-json\/wp\/v2\/users\/12"}],"replies":[{"embeddable":true,"href":"https:\/\/stn.cm.umk.pl\/gb\/wp-json\/wp\/v2\/comments?post=3521"}],"version-history":[{"count":1,"href":"https:\/\/stn.cm.umk.pl\/gb\/wp-json\/wp\/v2\/pages\/3521\/revisions"}],"predecessor-version":[{"id":3522,"href":"https:\/\/stn.cm.umk.pl\/gb\/wp-json\/wp\/v2\/pages\/3521\/revisions\/3522"}],"wp:attachment":[{"href":"https:\/\/stn.cm.umk.pl\/gb\/wp-json\/wp\/v2\/media?parent=3521"}],"curies":[{"name":"wp","href":"https:\/\/api.w.org\/{rel}","templated":true}]}}