{"id":3485,"date":"2022-03-20T20:41:54","date_gmt":"2022-03-20T19:41:54","guid":{"rendered":"https:\/\/stn.cm.umk.pl\/?page_id=3485"},"modified":"2025-12-19T13:36:06","modified_gmt":"2025-12-19T12:36:06","slug":"skn-kardiologii-i-farmakologii-klinicznej","status":"publish","type":"page","link":"https:\/\/stn.cm.umk.pl\/gb\/skn-kardiologii-i-farmakologii-klinicznej\/","title":{"rendered":"SKN Kardiologii i Farmakologii Klinicznej"},"content":{"rendered":"\n<p><strong>Jednostka organizacyjna: <\/strong> Katedra Kardiologii i Farmakologii Klinicznej<br><strong>Opiekun Ko\u0142a: <\/strong>dr n. med. \u0141ukasz Wo\u0142owiec<br><strong>Przewodnicz\u0105cy:<\/strong> Julia Warecka<br><strong>Kontakt:<\/strong> juliawarecka@wp.pl<\/p>\n\n\n\n<p><strong>Opis dzia\u0142alno\u015bci:<\/strong><br>Prowadzenie bada\u0144 naukowych z zakresu kardiologii eksperymentalnej oraz farmakologii klinicznej. Publikowanie kilku artyku\u0142\u00f3w oryginalnych i prac pogl\u0105dowych rocznie w czasopismach z listy filadelfijskiej.<\/p>\n","protected":false},"excerpt":{"rendered":"<p>Jednostka organizacyjna: Katedra Kardiologii i Farmakologii KlinicznejOpiekun Ko\u0142a: dr n. med. \u0141ukasz Wo\u0142owiecPrzewodnicz\u0105cy: Julia WareckaKontakt: juliawarecka@wp.pl Opis dzia\u0142alno\u015bci:Prowadzenie bada\u0144 naukowych z zakresu kardiologii eksperymentalnej oraz farmakologii klinicznej. Publikowanie kilku artyku\u0142\u00f3w oryginalnych i prac pogl\u0105dowych rocznie w czasopismach z listy filadelfijskiej.<\/p>\n","protected":false},"author":12,"featured_media":0,"parent":0,"menu_order":0,"comment_status":"closed","ping_status":"closed","template":"","meta":{"footnotes":""},"class_list":["post-3485","page","type-page","status-publish","hentry"],"translation":{"provider":"WPGlobus","version":"3.0.0","language":"gb","enabled_languages":["pl","gb"],"languages":{"pl":{"title":true,"content":true,"excerpt":false},"gb":{"title":false,"content":false,"excerpt":false}}},"aioseo_notices":[],"jetpack_sharing_enabled":true,"_links":{"self":[{"href":"https:\/\/stn.cm.umk.pl\/gb\/wp-json\/wp\/v2\/pages\/3485","targetHints":{"allow":["GET"]}}],"collection":[{"href":"https:\/\/stn.cm.umk.pl\/gb\/wp-json\/wp\/v2\/pages"}],"about":[{"href":"https:\/\/stn.cm.umk.pl\/gb\/wp-json\/wp\/v2\/types\/page"}],"author":[{"embeddable":true,"href":"https:\/\/stn.cm.umk.pl\/gb\/wp-json\/wp\/v2\/users\/12"}],"replies":[{"embeddable":true,"href":"https:\/\/stn.cm.umk.pl\/gb\/wp-json\/wp\/v2\/comments?post=3485"}],"version-history":[{"count":5,"href":"https:\/\/stn.cm.umk.pl\/gb\/wp-json\/wp\/v2\/pages\/3485\/revisions"}],"predecessor-version":[{"id":4819,"href":"https:\/\/stn.cm.umk.pl\/gb\/wp-json\/wp\/v2\/pages\/3485\/revisions\/4819"}],"wp:attachment":[{"href":"https:\/\/stn.cm.umk.pl\/gb\/wp-json\/wp\/v2\/media?parent=3485"}],"curies":[{"name":"wp","href":"https:\/\/api.w.org\/{rel}","templated":true}]}}