{"id":3479,"date":"2022-03-16T19:13:23","date_gmt":"2022-03-16T18:13:23","guid":{"rendered":"https:\/\/stn.cm.umk.pl\/?page_id=3479"},"modified":"2024-11-09T18:41:47","modified_gmt":"2024-11-09T17:41:47","slug":"interdyscyplinarne-studenckie-kolo-naukowe-komunikacji-klinicznej","status":"publish","type":"page","link":"https:\/\/stn.cm.umk.pl\/gb\/interdyscyplinarne-studenckie-kolo-naukowe-komunikacji-klinicznej\/","title":{"rendered":"Interdyscyplinarne Studenckie Ko\u0142o Naukowe Komunikacji Klinicznej i Interpersonalnej"},"content":{"rendered":"\n<p><strong>Jednostka organizacyjna: <\/strong> Katedra Onkologii (Wydzia\u0142 Nauk o Zdrowiu)<br><strong>Opiekun Ko\u0142a: <\/strong>dr n. hum. Oliwia Kowalczyk, dr n. o zdr. Kosma Ko\u0142odziej<br><strong>Przewodnicz\u0105cy:<\/strong> Paulina Lewi\u0144ska<br><strong>Kontakt:<\/strong> 308949@stud.umk.pl<\/p>\n\n\n\n<p><strong>Opis dzia\u0142alno\u015bci:<\/strong> <br><br>Interdyscyplinarne Studenckie Ko\u0142o Naukowe Komunikacji Klinicznej i Interpersonalnej wyr\u00f3\u017cnia to, \u017ce skupia student\u00f3w wszystkich kierunk\u00f3w CM UMK zainteresowanych rozwijaniem kompetencji i umiej\u0119tno\u015bci skutecznego porozumiewania si\u0119 z pacjentami w codziennej praktyce klinicznej. Szybki post\u0119p w medycynie i technice wprowadzi\u0142 wiele usprawnie\u0144 w zakresie diagnostyki i leczenia chorych, jednocze\u015bnie oddalaj\u0105c od siebie podopiecznych i cz\u0142onk\u00f3w zespo\u0142u terapeutycznego. Dzia\u0142alno\u015b\u0107 naszego ko\u0142a ma stworzy\u0107 przestrze\u0144 dla rozwoju kompetencji spo\u0142ecznych niezb\u0119dnych w przysz\u0142ej pracy zawodowej, samodzielnej aktywno\u015bci badawczo-naukowej, otwartej postawy poznawczej wobec r\u00f3\u017cnic i odmienno\u015bci oraz tolerancji dla siebie i innych.<\/p>\n","protected":false},"excerpt":{"rendered":"<p>Jednostka organizacyjna: Katedra Onkologii (Wydzia\u0142 Nauk o Zdrowiu)Opiekun Ko\u0142a: dr n. hum. Oliwia Kowalczyk, dr n. o zdr. Kosma Ko\u0142odziejPrzewodnicz\u0105cy: Paulina Lewi\u0144skaKontakt: 308949@stud.umk.pl Opis dzia\u0142alno\u015bci: Interdyscyplinarne Studenckie Ko\u0142o Naukowe Komunikacji Klinicznej i Interpersonalnej wyr\u00f3\u017cnia to, \u017ce skupia student\u00f3w wszystkich kierunk\u00f3w CM UMK zainteresowanych rozwijaniem kompetencji i umiej\u0119tno\u015bci skutecznego porozumiewania si\u0119 z pacjentami w codziennej praktyce &hellip; <a href=\"https:\/\/stn.cm.umk.pl\/gb\/interdyscyplinarne-studenckie-kolo-naukowe-komunikacji-klinicznej\/\" class=\"more-link\">Continue reading<span class=\"screen-reader-text\"> &#8220;Interdyscyplinarne Studenckie Ko\u0142o Naukowe Komunikacji Klinicznej i Interpersonalnej&#8221;<\/span><\/a><\/p>\n","protected":false},"author":12,"featured_media":0,"parent":0,"menu_order":0,"comment_status":"closed","ping_status":"closed","template":"","meta":{"footnotes":""},"class_list":["post-3479","page","type-page","status-publish","hentry"],"translation":{"provider":"WPGlobus","version":"3.0.0","language":"gb","enabled_languages":["pl","gb"],"languages":{"pl":{"title":true,"content":true,"excerpt":false},"gb":{"title":false,"content":false,"excerpt":false}}},"aioseo_notices":[],"jetpack_sharing_enabled":true,"_links":{"self":[{"href":"https:\/\/stn.cm.umk.pl\/gb\/wp-json\/wp\/v2\/pages\/3479","targetHints":{"allow":["GET"]}}],"collection":[{"href":"https:\/\/stn.cm.umk.pl\/gb\/wp-json\/wp\/v2\/pages"}],"about":[{"href":"https:\/\/stn.cm.umk.pl\/gb\/wp-json\/wp\/v2\/types\/page"}],"author":[{"embeddable":true,"href":"https:\/\/stn.cm.umk.pl\/gb\/wp-json\/wp\/v2\/users\/12"}],"replies":[{"embeddable":true,"href":"https:\/\/stn.cm.umk.pl\/gb\/wp-json\/wp\/v2\/comments?post=3479"}],"version-history":[{"count":5,"href":"https:\/\/stn.cm.umk.pl\/gb\/wp-json\/wp\/v2\/pages\/3479\/revisions"}],"predecessor-version":[{"id":4373,"href":"https:\/\/stn.cm.umk.pl\/gb\/wp-json\/wp\/v2\/pages\/3479\/revisions\/4373"}],"wp:attachment":[{"href":"https:\/\/stn.cm.umk.pl\/gb\/wp-json\/wp\/v2\/media?parent=3479"}],"curies":[{"name":"wp","href":"https:\/\/api.w.org\/{rel}","templated":true}]}}