{"id":3473,"date":"2022-03-11T16:40:21","date_gmt":"2022-03-11T15:40:21","guid":{"rendered":"https:\/\/stn.cm.umk.pl\/?page_id=3473"},"modified":"2026-03-13T19:35:46","modified_gmt":"2026-03-13T18:35:46","slug":"skn-fizjologii-czlowieka","status":"publish","type":"page","link":"https:\/\/stn.cm.umk.pl\/gb\/skn-fizjologii-czlowieka\/","title":{"rendered":"SKN Fizjologii Cz\u0142owieka"},"content":{"rendered":"\n<p><strong>Jednostka organizacyjna: <\/strong> Katedra Fizjologii Cz\u0142owieka<br><br><strong>Opiekun Ko\u0142a: <\/strong>dr n. med. Blanka Dwojaczny<br><br><strong>Przewodnicz\u0105cy:<\/strong> Marcel Wiechecki<br><br><strong>Kontakt:<\/strong> wiech311@gmail.com<\/p>\n\n\n\n<p><strong>Opis dzia\u0142alno\u015bci:<\/strong><br>Cz\u0142onkostwo w SKN Fizjologii Cz\u0142owieka umo\u017cliwi studentom udzia\u0142 w spotkaniach naukowych podczas kt\u00f3rych b\u0119d\u0105 omawiane najnowsze publikacje naukowe oraz planowane b\u0119d\u0105 badania w\u0142asne. Studenci b\u0119d\u0105 bra\u0107 udzia\u0142 w przygotowaniu projekt\u00f3w badawczych, w przeprowadzeniu bada\u0144, analizie uzyskanych wynik\u00f3w, a nast\u0119pnie w pisaniu publikacji naukowych.<\/p>\n","protected":false},"excerpt":{"rendered":"<p>Jednostka organizacyjna: Katedra Fizjologii Cz\u0142owieka Opiekun Ko\u0142a: dr n. med. Blanka Dwojaczny Przewodnicz\u0105cy: Marcel Wiechecki Kontakt: wiech311@gmail.com Opis dzia\u0142alno\u015bci:Cz\u0142onkostwo w SKN Fizjologii Cz\u0142owieka umo\u017cliwi studentom udzia\u0142 w spotkaniach naukowych podczas kt\u00f3rych b\u0119d\u0105 omawiane najnowsze publikacje naukowe oraz planowane b\u0119d\u0105 badania w\u0142asne. Studenci b\u0119d\u0105 bra\u0107 udzia\u0142 w przygotowaniu projekt\u00f3w badawczych, w przeprowadzeniu bada\u0144, analizie uzyskanych wynik\u00f3w, &hellip; <a href=\"https:\/\/stn.cm.umk.pl\/gb\/skn-fizjologii-czlowieka\/\" class=\"more-link\">Continue reading<span class=\"screen-reader-text\"> &#8220;SKN Fizjologii Cz\u0142owieka&#8221;<\/span><\/a><\/p>\n","protected":false},"author":12,"featured_media":0,"parent":0,"menu_order":0,"comment_status":"closed","ping_status":"closed","template":"","meta":{"footnotes":""},"class_list":["post-3473","page","type-page","status-publish","hentry"],"translation":{"provider":"WPGlobus","version":"3.0.0","language":"gb","enabled_languages":["pl","gb"],"languages":{"pl":{"title":true,"content":true,"excerpt":false},"gb":{"title":false,"content":false,"excerpt":false}}},"aioseo_notices":[],"jetpack_sharing_enabled":true,"_links":{"self":[{"href":"https:\/\/stn.cm.umk.pl\/gb\/wp-json\/wp\/v2\/pages\/3473","targetHints":{"allow":["GET"]}}],"collection":[{"href":"https:\/\/stn.cm.umk.pl\/gb\/wp-json\/wp\/v2\/pages"}],"about":[{"href":"https:\/\/stn.cm.umk.pl\/gb\/wp-json\/wp\/v2\/types\/page"}],"author":[{"embeddable":true,"href":"https:\/\/stn.cm.umk.pl\/gb\/wp-json\/wp\/v2\/users\/12"}],"replies":[{"embeddable":true,"href":"https:\/\/stn.cm.umk.pl\/gb\/wp-json\/wp\/v2\/comments?post=3473"}],"version-history":[{"count":6,"href":"https:\/\/stn.cm.umk.pl\/gb\/wp-json\/wp\/v2\/pages\/3473\/revisions"}],"predecessor-version":[{"id":4971,"href":"https:\/\/stn.cm.umk.pl\/gb\/wp-json\/wp\/v2\/pages\/3473\/revisions\/4971"}],"wp:attachment":[{"href":"https:\/\/stn.cm.umk.pl\/gb\/wp-json\/wp\/v2\/media?parent=3473"}],"curies":[{"name":"wp","href":"https:\/\/api.w.org\/{rel}","templated":true}]}}