{"id":3467,"date":"2022-03-07T17:19:17","date_gmt":"2022-03-07T16:19:17","guid":{"rendered":"https:\/\/stn.cm.umk.pl\/?page_id=3467"},"modified":"2024-12-29T23:36:41","modified_gmt":"2024-12-29T22:36:41","slug":"regulaminy","status":"publish","type":"page","link":"https:\/\/stn.cm.umk.pl\/gb\/regulaminy\/","title":{"rendered":"Regulaminy"},"content":{"rendered":"\n<p>rok akademicki 2024\/25<\/p>\n\n\n\n<p><a href=\"https:\/\/drive.google.com\/file\/d\/1KeCTlAFpPFcfpvRAKbLei3bdNwyst9e0\/view?usp=sharing\" title=\"\">Regulamin \u015awi\u0105teczne Scrubsobranie z Louis Lanier<\/a><\/p>\n\n\n\n<p><a href=\"https:\/\/drive.google.com\/file\/d\/1rJsiCKLaXwu-1NPWLNJt04cNlpGltuK2\/view?usp=sharing\" title=\"\">Regulamin konkursu &#8220;Rozpocznij nowy rok z ksi\u0105\u017ck\u0105 od STN i PZWL!&#8221; &#8211; edycja 2024<\/a><\/p>\n\n\n\n<p><a href=\"https:\/\/drive.google.com\/file\/d\/1b20-7HykYgrcD9YNHoxh537b9oSdWXpi\/view?usp=sharing\" title=\"\">Regulamin konkursu &#8220;Najlepsze Studenckie Ko\u0142o Naukowe CM UMK 2023\/24 oraz &#8220;Najwy\u017cej punktowana praca naukowa 2023\/24&#8221;<\/a><\/p>\n\n\n\n<p><a href=\"https:\/\/drive.google.com\/file\/d\/1ZvSwhHcO6bBYZ7zpoSOtQcDCPWTgkQ87\/view?usp=sharing\" title=\"\">Za\u0142. nr 1 do Regulaminu konkursu &#8220;Najlepsze Studenckie Ko\u0142o Naukowe CM UMK 2023\/24 oraz &#8220;Najwy\u017cej punktowana praca naukowa 2023\/24&#8221;<\/a><\/p>\n\n\n\n<p><a href=\"https:\/\/drive.google.com\/file\/d\/1xrzXrc2YQxPIlcoLucXINfeVHz4O4tG_\/view?usp=sharing\" title=\"\">Regulamin Studenckich Bada\u0144 Naukowych<\/a><\/p>\n\n\n\n<hr class=\"wp-block-separator has-alpha-channel-opacity\"\/>\n\n\n\n<p><\/p>\n\n\n\n<p><\/p>\n","protected":false},"excerpt":{"rendered":"<p>rok akademicki 2024\/25 Regulamin \u015awi\u0105teczne Scrubsobranie z Louis Lanier Regulamin konkursu &#8220;Rozpocznij nowy rok z ksi\u0105\u017ck\u0105 od STN i PZWL!&#8221; &#8211; edycja 2024 Regulamin konkursu &#8220;Najlepsze Studenckie Ko\u0142o Naukowe CM UMK 2023\/24 oraz &#8220;Najwy\u017cej punktowana praca naukowa 2023\/24&#8221; Za\u0142. nr 1 do Regulaminu konkursu &#8220;Najlepsze Studenckie Ko\u0142o Naukowe CM UMK 2023\/24 oraz &#8220;Najwy\u017cej punktowana praca &hellip; <a href=\"https:\/\/stn.cm.umk.pl\/gb\/regulaminy\/\" class=\"more-link\">Continue reading<span class=\"screen-reader-text\"> &#8220;Regulaminy&#8221;<\/span><\/a><\/p>\n","protected":false},"author":12,"featured_media":0,"parent":0,"menu_order":0,"comment_status":"closed","ping_status":"closed","template":"","meta":{"footnotes":""},"class_list":["post-3467","page","type-page","status-publish","hentry"],"translation":{"provider":"WPGlobus","version":"3.0.0","language":"gb","enabled_languages":["pl","gb"],"languages":{"pl":{"title":true,"content":true,"excerpt":false},"gb":{"title":false,"content":false,"excerpt":false}}},"aioseo_notices":[],"jetpack_sharing_enabled":true,"_links":{"self":[{"href":"https:\/\/stn.cm.umk.pl\/gb\/wp-json\/wp\/v2\/pages\/3467","targetHints":{"allow":["GET"]}}],"collection":[{"href":"https:\/\/stn.cm.umk.pl\/gb\/wp-json\/wp\/v2\/pages"}],"about":[{"href":"https:\/\/stn.cm.umk.pl\/gb\/wp-json\/wp\/v2\/types\/page"}],"author":[{"embeddable":true,"href":"https:\/\/stn.cm.umk.pl\/gb\/wp-json\/wp\/v2\/users\/12"}],"replies":[{"embeddable":true,"href":"https:\/\/stn.cm.umk.pl\/gb\/wp-json\/wp\/v2\/comments?post=3467"}],"version-history":[{"count":12,"href":"https:\/\/stn.cm.umk.pl\/gb\/wp-json\/wp\/v2\/pages\/3467\/revisions"}],"predecessor-version":[{"id":4446,"href":"https:\/\/stn.cm.umk.pl\/gb\/wp-json\/wp\/v2\/pages\/3467\/revisions\/4446"}],"wp:attachment":[{"href":"https:\/\/stn.cm.umk.pl\/gb\/wp-json\/wp\/v2\/media?parent=3467"}],"curies":[{"name":"wp","href":"https:\/\/api.w.org\/{rel}","templated":true}]}}