{"id":3452,"date":"2022-02-28T21:53:57","date_gmt":"2022-02-28T20:53:57","guid":{"rendered":"https:\/\/stn.cm.umk.pl\/?page_id=3452"},"modified":"2024-10-10T16:19:59","modified_gmt":"2024-10-10T14:19:59","slug":"skn-pediatrii-i-hematoonkologii-dzieciecej","status":"publish","type":"page","link":"https:\/\/stn.cm.umk.pl\/gb\/skn-pediatrii-i-hematoonkologii-dzieciecej\/","title":{"rendered":"SKN Pediatrii i Hematoonkologii Dzieci\u0119cej"},"content":{"rendered":"<div class=\"wp-block-image is-style-circle-mask\">\n<figure class=\"alignright size-large is-resized\"><img loading=\"lazy\" decoding=\"async\" width=\"1024\" height=\"1022\" src=\"https:\/\/stn.cm.umk.pl\/wp-content\/uploads\/2022\/10\/logo-skn-kopia-1024x1022.png\" alt=\"\" class=\"wp-image-3582\" style=\"width:197px;height:196px\" srcset=\"https:\/\/stn.cm.umk.pl\/wp-content\/uploads\/2022\/10\/logo-skn-kopia-1024x1022.png 1024w, https:\/\/stn.cm.umk.pl\/wp-content\/uploads\/2022\/10\/logo-skn-kopia-300x300.png 300w, https:\/\/stn.cm.umk.pl\/wp-content\/uploads\/2022\/10\/logo-skn-kopia-150x150.png 150w, https:\/\/stn.cm.umk.pl\/wp-content\/uploads\/2022\/10\/logo-skn-kopia-768x767.png 768w, https:\/\/stn.cm.umk.pl\/wp-content\/uploads\/2022\/10\/logo-skn-kopia-1200x1198.png 1200w, https:\/\/stn.cm.umk.pl\/wp-content\/uploads\/2022\/10\/logo-skn-kopia.png 1280w\" sizes=\"auto, (max-width: 709px) 85vw, (max-width: 909px) 67vw, (max-width: 1362px) 62vw, 840px\" \/><\/figure><\/div>\n\n\n<p><strong>Jednostka organizacyjna: <\/strong> Katedra Pediatrii, Hematologii i Onkologii<br><strong>Opiekun Ko\u0142a: <\/strong>dr n. med. Monika Richert-Przygo\u0144ska, dr hab. n. med. Krzysztof Czy\u017cewski, prof. UMK <br><strong>Przewodnicz\u0105cy:<\/strong> Magdalena Milewska<br><strong>Kontakt:<\/strong> skn.phd.cm@outlook.com<br>milewskamhm@gmail.com<br><strong><a href=\"https:\/\/www.facebook.com\/groups\/276478280998495\/\" title=\"Facebook \">Facebook <\/a><\/strong><\/p>\n\n\n\n<p><strong>Opis dzia\u0142alno\u015bci:<\/strong><br>SKN Pediatrii i Hematoonkologii Dzieci\u0119cej skupia swoj\u0105 dzia\u0142alno\u015b\u0107 wok\u00f3\u0142 aspektu naukowego, dydaktycznego, praktycznego oraz wolontariackiego. <br>Cz\u0142onkowie SKN zajmuj\u0105 si\u0119 przygotowaniem abstrakt\u00f3w na studenckie konferencje naukowe, przygotowaniem wyst\u0105pie\u0144 ustnych na naukowe spotkania studenckie, pisaniem prac pogl\u0105dowych, oryginalnych i opis\u00f3w przypadk\u00f3w do publikacji w czasopismach naukowych. Dzia\u0142alno\u015b\u0107 SKN skupia si\u0119 r\u00f3wnie\u017c na aspekcie dydaktycznym, organizuj\u0105c cykliczne wyk\u0142ady, seminaria i dyskusje o tematyce pediatrycznej i hematoonkologicznej. Cz\u0142onkowie SKN maj\u0105 ponadto mo\u017cliwo\u015b\u0107 uczestnictwa w dy\u017curach towarzysz\u0105cych w pediatrycznej izbie przyj\u0119\u0107. Wspieraj\u0105 tak\u017ce rodzic\u00f3w i opiekun\u00f3w pacjent\u00f3w przebywaj\u0105cych w Klinice Pediatrii, Hematologii i Onkologii w bie\u017c\u0105cych potrzebach. <\/p>\n","protected":false},"excerpt":{"rendered":"<p>Jednostka organizacyjna: Katedra Pediatrii, Hematologii i OnkologiiOpiekun Ko\u0142a: dr n. med. Monika Richert-Przygo\u0144ska, dr hab. n. med. Krzysztof Czy\u017cewski, prof. UMK Przewodnicz\u0105cy: Magdalena MilewskaKontakt: skn.phd.cm@outlook.commilewskamhm@gmail.comFacebook Opis dzia\u0142alno\u015bci:SKN Pediatrii i Hematoonkologii Dzieci\u0119cej skupia swoj\u0105 dzia\u0142alno\u015b\u0107 wok\u00f3\u0142 aspektu naukowego, dydaktycznego, praktycznego oraz wolontariackiego. Cz\u0142onkowie SKN zajmuj\u0105 si\u0119 przygotowaniem abstrakt\u00f3w na studenckie konferencje naukowe, przygotowaniem wyst\u0105pie\u0144 ustnych na &hellip; <a href=\"https:\/\/stn.cm.umk.pl\/gb\/skn-pediatrii-i-hematoonkologii-dzieciecej\/\" class=\"more-link\">Continue reading<span class=\"screen-reader-text\"> &#8220;SKN Pediatrii i Hematoonkologii Dzieci\u0119cej&#8221;<\/span><\/a><\/p>\n","protected":false},"author":12,"featured_media":0,"parent":0,"menu_order":0,"comment_status":"closed","ping_status":"closed","template":"","meta":{"footnotes":""},"class_list":["post-3452","page","type-page","status-publish","hentry"],"translation":{"provider":"WPGlobus","version":"3.0.0","language":"gb","enabled_languages":["pl","gb"],"languages":{"pl":{"title":true,"content":true,"excerpt":false},"gb":{"title":false,"content":false,"excerpt":false}}},"aioseo_notices":[],"jetpack_sharing_enabled":true,"_links":{"self":[{"href":"https:\/\/stn.cm.umk.pl\/gb\/wp-json\/wp\/v2\/pages\/3452","targetHints":{"allow":["GET"]}}],"collection":[{"href":"https:\/\/stn.cm.umk.pl\/gb\/wp-json\/wp\/v2\/pages"}],"about":[{"href":"https:\/\/stn.cm.umk.pl\/gb\/wp-json\/wp\/v2\/types\/page"}],"author":[{"embeddable":true,"href":"https:\/\/stn.cm.umk.pl\/gb\/wp-json\/wp\/v2\/users\/12"}],"replies":[{"embeddable":true,"href":"https:\/\/stn.cm.umk.pl\/gb\/wp-json\/wp\/v2\/comments?post=3452"}],"version-history":[{"count":10,"href":"https:\/\/stn.cm.umk.pl\/gb\/wp-json\/wp\/v2\/pages\/3452\/revisions"}],"predecessor-version":[{"id":4298,"href":"https:\/\/stn.cm.umk.pl\/gb\/wp-json\/wp\/v2\/pages\/3452\/revisions\/4298"}],"wp:attachment":[{"href":"https:\/\/stn.cm.umk.pl\/gb\/wp-json\/wp\/v2\/media?parent=3452"}],"curies":[{"name":"wp","href":"https:\/\/api.w.org\/{rel}","templated":true}]}}