{"id":3440,"date":"2022-02-28T17:26:28","date_gmt":"2022-02-28T16:26:28","guid":{"rendered":"https:\/\/stn.cm.umk.pl\/?page_id=3440"},"modified":"2024-11-22T18:39:03","modified_gmt":"2024-11-22T17:39:03","slug":"skn-hematologii","status":"publish","type":"page","link":"https:\/\/stn.cm.umk.pl\/gb\/skn-hematologii\/","title":{"rendered":"SKN Hematologii"},"content":{"rendered":"<div class=\"wp-block-image\">\n<figure class=\"alignright size-full is-resized\"><a href=\"https:\/\/stn.cm.umk.pl\/wp-content\/uploads\/2023\/09\/skn_hematologii-Alpaka-Justysia.png\"><img loading=\"lazy\" decoding=\"async\" width=\"661\" height=\"661\" src=\"https:\/\/stn.cm.umk.pl\/wp-content\/uploads\/2023\/09\/skn_hematologii-Alpaka-Justysia.png\" alt=\"\" class=\"wp-image-3849\" style=\"width:197px;height:197px\" srcset=\"https:\/\/stn.cm.umk.pl\/wp-content\/uploads\/2023\/09\/skn_hematologii-Alpaka-Justysia.png 661w, https:\/\/stn.cm.umk.pl\/wp-content\/uploads\/2023\/09\/skn_hematologii-Alpaka-Justysia-300x300.png 300w, https:\/\/stn.cm.umk.pl\/wp-content\/uploads\/2023\/09\/skn_hematologii-Alpaka-Justysia-150x150.png 150w\" sizes=\"auto, (max-width: 661px) 85vw, 661px\" \/><\/a><\/figure><\/div>\n\n\n<p><strong>Jednostka organizacyjna:<\/strong> Katedra Hematologii <br><strong>Opiekun:<\/strong> lek. Karolina Kaczorowska-Bilska<br><strong>Przewodnicz\u0105cy:<\/strong> Wies\u0142aw Chmielewski<br><strong>Kontakt:<\/strong> nosted95@gmail.com<\/p>\n\n\n\n<p><strong>Opis dzia\u0142alno\u015bci:<\/strong><br>Studenckie Ko\u0142o Naukowe Hematologii ma na celu poszerzanie wiedzy  internistycznej oraz specjalistycznej z zakresu hematologii, nauki  praktycznego zawodu, dialogu z pacjentem. W ramach zada\u0144 Ko\u0142a  przewidziano omawianie przypadk\u00f3w klinicznych,  przygotowywanie referat\u00f3w oraz prac naukowych celem prezentowania  zagadnie\u0144 na konferencjach naukowych, a tak\u017ce w miar\u0119 mo\u017cliwo\u015bci aktywny  udzia\u0142 w &#8220;codziennym \u017cyciu&#8221; Kliniki Hematologii.&nbsp; <\/p>\n\n\n\n<p><\/p>\n","protected":false},"excerpt":{"rendered":"<p>Jednostka organizacyjna: Katedra Hematologii Opiekun: lek. Karolina Kaczorowska-BilskaPrzewodnicz\u0105cy: Wies\u0142aw ChmielewskiKontakt: nosted95@gmail.com Opis dzia\u0142alno\u015bci:Studenckie Ko\u0142o Naukowe Hematologii ma na celu poszerzanie wiedzy internistycznej oraz specjalistycznej z zakresu hematologii, nauki praktycznego zawodu, dialogu z pacjentem. W ramach zada\u0144 Ko\u0142a przewidziano omawianie przypadk\u00f3w klinicznych, przygotowywanie referat\u00f3w oraz prac naukowych celem prezentowania zagadnie\u0144 na konferencjach naukowych, a tak\u017ce w &hellip; <a href=\"https:\/\/stn.cm.umk.pl\/gb\/skn-hematologii\/\" class=\"more-link\">Continue reading<span class=\"screen-reader-text\"> &#8220;SKN Hematologii&#8221;<\/span><\/a><\/p>\n","protected":false},"author":10,"featured_media":0,"parent":0,"menu_order":0,"comment_status":"closed","ping_status":"closed","template":"","meta":{"footnotes":""},"class_list":["post-3440","page","type-page","status-publish","hentry"],"translation":{"provider":"WPGlobus","version":"3.0.0","language":"gb","enabled_languages":["pl","gb"],"languages":{"pl":{"title":true,"content":true,"excerpt":false},"gb":{"title":false,"content":false,"excerpt":false}}},"aioseo_notices":[],"jetpack_sharing_enabled":true,"_links":{"self":[{"href":"https:\/\/stn.cm.umk.pl\/gb\/wp-json\/wp\/v2\/pages\/3440","targetHints":{"allow":["GET"]}}],"collection":[{"href":"https:\/\/stn.cm.umk.pl\/gb\/wp-json\/wp\/v2\/pages"}],"about":[{"href":"https:\/\/stn.cm.umk.pl\/gb\/wp-json\/wp\/v2\/types\/page"}],"author":[{"embeddable":true,"href":"https:\/\/stn.cm.umk.pl\/gb\/wp-json\/wp\/v2\/users\/10"}],"replies":[{"embeddable":true,"href":"https:\/\/stn.cm.umk.pl\/gb\/wp-json\/wp\/v2\/comments?post=3440"}],"version-history":[{"count":7,"href":"https:\/\/stn.cm.umk.pl\/gb\/wp-json\/wp\/v2\/pages\/3440\/revisions"}],"predecessor-version":[{"id":4390,"href":"https:\/\/stn.cm.umk.pl\/gb\/wp-json\/wp\/v2\/pages\/3440\/revisions\/4390"}],"wp:attachment":[{"href":"https:\/\/stn.cm.umk.pl\/gb\/wp-json\/wp\/v2\/media?parent=3440"}],"curies":[{"name":"wp","href":"https:\/\/api.w.org\/{rel}","templated":true}]}}