{"id":3436,"date":"2022-02-28T16:55:05","date_gmt":"2022-02-28T15:55:05","guid":{"rendered":"https:\/\/stn.cm.umk.pl\/?page_id=3436"},"modified":"2024-11-15T16:31:45","modified_gmt":"2024-11-15T15:31:45","slug":"skn-anatomii-prawidlowej","status":"publish","type":"page","link":"https:\/\/stn.cm.umk.pl\/gb\/skn-anatomii-prawidlowej\/","title":{"rendered":"SKN Anatomii Prawid\u0142owej"},"content":{"rendered":"\n<p><strong>Jednostka organizacyjna: <\/strong>Katedra Anatomii Prawid\u0142owej<br><strong>Opiekun: <\/strong>dr Monika Paruszewska-Achtel<br><strong>Przewodnicz\u0105cy:<\/strong> Alicja Szcz\u0119sna<br><strong>Kontakt:<\/strong> <\/p>\n\n\n\n<p><strong>Opis dzia\u0142alno\u015bci:<\/strong> <\/p>\n","protected":false},"excerpt":{"rendered":"<p>Jednostka organizacyjna: Katedra Anatomii Prawid\u0142owejOpiekun: dr Monika Paruszewska-AchtelPrzewodnicz\u0105cy: Alicja Szcz\u0119snaKontakt: Opis dzia\u0142alno\u015bci:<\/p>\n","protected":false},"author":10,"featured_media":0,"parent":0,"menu_order":0,"comment_status":"closed","ping_status":"closed","template":"","meta":{"footnotes":""},"class_list":["post-3436","page","type-page","status-publish","hentry"],"translation":{"provider":"WPGlobus","version":"3.0.0","language":"gb","enabled_languages":["pl","gb"],"languages":{"pl":{"title":true,"content":true,"excerpt":false},"gb":{"title":false,"content":false,"excerpt":false}}},"aioseo_notices":[],"jetpack_sharing_enabled":true,"_links":{"self":[{"href":"https:\/\/stn.cm.umk.pl\/gb\/wp-json\/wp\/v2\/pages\/3436","targetHints":{"allow":["GET"]}}],"collection":[{"href":"https:\/\/stn.cm.umk.pl\/gb\/wp-json\/wp\/v2\/pages"}],"about":[{"href":"https:\/\/stn.cm.umk.pl\/gb\/wp-json\/wp\/v2\/types\/page"}],"author":[{"embeddable":true,"href":"https:\/\/stn.cm.umk.pl\/gb\/wp-json\/wp\/v2\/users\/10"}],"replies":[{"embeddable":true,"href":"https:\/\/stn.cm.umk.pl\/gb\/wp-json\/wp\/v2\/comments?post=3436"}],"version-history":[{"count":3,"href":"https:\/\/stn.cm.umk.pl\/gb\/wp-json\/wp\/v2\/pages\/3436\/revisions"}],"predecessor-version":[{"id":4375,"href":"https:\/\/stn.cm.umk.pl\/gb\/wp-json\/wp\/v2\/pages\/3436\/revisions\/4375"}],"wp:attachment":[{"href":"https:\/\/stn.cm.umk.pl\/gb\/wp-json\/wp\/v2\/media?parent=3436"}],"curies":[{"name":"wp","href":"https:\/\/api.w.org\/{rel}","templated":true}]}}