{"id":3432,"date":"2022-02-09T12:12:33","date_gmt":"2022-02-09T11:12:33","guid":{"rendered":"https:\/\/stn.cm.umk.pl\/?page_id=3432"},"modified":"2024-01-10T12:31:38","modified_gmt":"2024-01-10T11:31:38","slug":"skn-biologii-naczyniowej","status":"publish","type":"page","link":"https:\/\/stn.cm.umk.pl\/gb\/skn-biologii-naczyniowej\/","title":{"rendered":"SKN Biologii Naczyniowej"},"content":{"rendered":"\n<div class=\"wp-block-group is-vertical is-layout-flex wp-container-core-group-is-layout-3 wp-block-group-is-layout-flex\">\n<div class=\"wp-block-group\"><div class=\"wp-block-group__inner-container is-layout-constrained wp-block-group-is-layout-constrained\">\n<p><strong>Opiekun:<\/strong> dr hab. Maciej Gagat, prof. UMK<\/p>\n\n\n\n<div class=\"wp-block-group\"><div class=\"wp-block-group__inner-container is-layout-constrained wp-block-group-is-layout-constrained\">\n<p><strong>E-mail:<\/strong> mgagat@cm.umk.pl<\/p>\n\n\n\n<p><br><strong>Przewodnicz\u0105cy<\/strong>: Lauryn Akeme<\/p>\n\n\n\n<p><strong>E-mail: <\/strong>akemelauryn@gmail.com<\/p>\n<\/div><\/div>\n<\/div><\/div>\n<\/div>\n\n\n\n<p>Studenckie Ko\u0142o Naukowe Biologii Naczyniowej, utworzone w 2021 roku przy<br>Katedrze Histologii i Embriologii, stanowi dynamiczn\u0105 i interdyscyplinarn\u0105<br>spo\u0142eczno\u015b\u0107 dedykowan\u0105 studentom zainteresowanym zagadnieniami biologii<br>naczyniowej. Ko\u0142o skupia si\u0119 na badaniach zwi\u0105zanych z struktur\u0105 i funkcj\u0105<br>naczy\u0144 krwiono\u015bnych oraz procesami zwi\u0105zanymi z ich rozwojem i ewolucj\u0105.<\/p>\n\n\n\n<p>Misj\u0105 Ko\u0142a jest wspieranie rozwoju naukowego oraz integracja student\u00f3w<br>polsko- i angloj\u0119zycznych, tworz\u0105c platform\u0119 do wymiany wiedzy i<br>do\u015bwiadcze\u0144. Cz\u0142onkowie Ko\u0142a maj\u0105 okazj\u0119 uczestniczy\u0107 w r\u00f3\u017cnorodnych<br>projektach badawczych, konferencjach naukowych i warsztatach, co umo\u017cliwia<br>im poszerzanie swoich kompetencji oraz rozwijanie umiej\u0119tno\u015bci badawczych.<\/p>\n\n\n\n<p>Ponadto, cz\u0142onkowie ko\u0142a aktywnie uczestnicz\u0105 w projektach badawczych<br>skoncentrowanych na analizie odpowiedzi kom\u00f3rek na czynniki zapalne.<br>Badania obejmuj\u0105 obserwacje morfologii kom\u00f3rek pod wp\u0142ywem stresu<br>zapalnego oraz analiz\u0119 zmian w ich czynno\u015bciach \u017cyciowych, takich jak<br>ekspresja gen\u00f3w, produkcja cytokin czy zmiany w strukturze kom\u00f3rkowej.<\/p>\n\n\n\n<p><strong>Aktualnie prowadzone projekty badawcze:<\/strong><\/p>\n\n\n\n<p>1.Ocena wp\u0142ywu aktywno\u015bci inhibitor\u00f3w kinaz tyrozynowych na potencja\u0142<br>sekrecyjny kom\u00f3rek \u015br\u00f3db\u0142onka naczy\u0144 t\u0119tnicy wie\u0144cowej w warunkach<br>odpowiedzi zapalnej &amp;#8211; badania in vitro.<\/p>\n\n\n\n<p>2.Zmiany cytoimmunologiczne w p\u0142ynie z p\u0142ukania oskrzelowo &#8211;<br>p\u0119cherzykowego (BAL) po przebytym zaka\u017ceniu COVID-19.<\/p>\n\n\n\n<p>3.Evaluation of the effect of transcription factor KLF11 expression on the<br>inflammatory response of endothelial and smooth muscle cells of coronary<br>arteries induced by TNF-beta and disruption of the TGF-alpha-SMAD<br>signaling pathway.<\/p>\n\n\n\n<p>4.Mechanobiology of the endothelial cell migration as a basis for the use<br>of biodegradable aliphatic polyester copolymers containing naturally<br>bioactive components in the design of cell scaffolds with increased<br>angiogenic potential of regenerated tissues.<\/p>\n\n\n\n<p><strong>Dotychczasowe publikacje, prezentacje, inny dorobek naukowy:<\/strong><\/p>\n\n\n\n<p>1. Miko\u0142ajczyk Klaudia, Spyt Dominika, Zieli\u0144ska Wioletta, \u017bury\u0144<br>Agnieszka, Faisal Inaz*, Qamar Murtaz*, \u015awiniarski Piotr, Grzanka Alina,<br>Gagat Maciej. The important role of endothelium and extracellular vesicles<br>in the cellular mechanism of aortic aneurysm formation. Int. J. Mol. Sci.<br>2021 : Vol. 22, nr 23, s. 1-15;, 13157.<\/p>\n\n\n\n<p>2. Bonowicz Klaudia*, Miko\u0142ajczyk Klaudia*, Faisal Inaz*, Qamar Murtaz*,<br>Steinbrink K., Kleszczy\u0144ski K., Grzanka Alina, Gagat Maciej. Mechanism of<br>extracellular vesicle secretion associated with TGF-beta-dependent<br>inflammatory response in the tumor microenvironment. Int. J. Mol. Sci.<br>2022 : Vol. 23, nr 23, s. 1-12, 15335.<\/p>\n\n\n\n<p>3. Piekarska Klaudia, Bonowicz Klaudia, Grzanka Alina, Jaworski \u0141ukasz<br>M.*, Reiter R.J., S\u0142omi\u0144ski A.T., Steinbrink K., Kleszczy\u0144ski K., Gagat<br>Maciej. Melatonin and TGF-beta mediated release of extracellular<br>vesicles. Metabolites. 2023: Vol. 13, nr 4, s. 1-20, 575<\/p>\n\n\n\n<p><strong>Tryb zapisu do SKN:<\/strong><\/p>\n\n\n\n<p>Aby do\u0142\u0105czy\u0107 do grona aktywnych cz\u0142onk\u00f3w Studenckiego Ko\u0142a Naukowego<br>Biologii Naczyniowej, nale\u017cy nawi\u0105za\u0107 kontakt z przewodnicz\u0105cym ko\u0142a i<br>opiekunem, a nast\u0119pnie wype\u0142ni\u0107 formularz cz\u0142onkostwa dost\u0119pny na stronie<br>Studenckiego Towarzystwa Naukowego Collegium Medicum Uniwersytetu Miko\u0142aja<br>Kopernika.<\/p>\n","protected":false},"excerpt":{"rendered":"<p>Opiekun: dr hab. Maciej Gagat, prof. UMK E-mail: mgagat@cm.umk.pl Przewodnicz\u0105cy: Lauryn Akeme E-mail: akemelauryn@gmail.com Studenckie Ko\u0142o Naukowe Biologii Naczyniowej, utworzone w 2021 roku przyKatedrze Histologii i Embriologii, stanowi dynamiczn\u0105 i interdyscyplinarn\u0105spo\u0142eczno\u015b\u0107 dedykowan\u0105 studentom zainteresowanym zagadnieniami biologiinaczyniowej. Ko\u0142o skupia si\u0119 na badaniach zwi\u0105zanych z struktur\u0105 i funkcj\u0105naczy\u0144 krwiono\u015bnych oraz procesami zwi\u0105zanymi z ich rozwojem i ewolucj\u0105. &hellip; <a href=\"https:\/\/stn.cm.umk.pl\/gb\/skn-biologii-naczyniowej\/\" class=\"more-link\">Continue reading<span class=\"screen-reader-text\"> &#8220;SKN Biologii Naczyniowej&#8221;<\/span><\/a><\/p>\n","protected":false},"author":10,"featured_media":0,"parent":0,"menu_order":0,"comment_status":"closed","ping_status":"closed","template":"","meta":{"footnotes":""},"class_list":["post-3432","page","type-page","status-publish","hentry"],"translation":{"provider":"WPGlobus","version":"3.0.0","language":"gb","enabled_languages":["pl","gb"],"languages":{"pl":{"title":true,"content":true,"excerpt":false},"gb":{"title":false,"content":false,"excerpt":false}}},"aioseo_notices":[],"jetpack_sharing_enabled":true,"_links":{"self":[{"href":"https:\/\/stn.cm.umk.pl\/gb\/wp-json\/wp\/v2\/pages\/3432","targetHints":{"allow":["GET"]}}],"collection":[{"href":"https:\/\/stn.cm.umk.pl\/gb\/wp-json\/wp\/v2\/pages"}],"about":[{"href":"https:\/\/stn.cm.umk.pl\/gb\/wp-json\/wp\/v2\/types\/page"}],"author":[{"embeddable":true,"href":"https:\/\/stn.cm.umk.pl\/gb\/wp-json\/wp\/v2\/users\/10"}],"replies":[{"embeddable":true,"href":"https:\/\/stn.cm.umk.pl\/gb\/wp-json\/wp\/v2\/comments?post=3432"}],"version-history":[{"count":5,"href":"https:\/\/stn.cm.umk.pl\/gb\/wp-json\/wp\/v2\/pages\/3432\/revisions"}],"predecessor-version":[{"id":4068,"href":"https:\/\/stn.cm.umk.pl\/gb\/wp-json\/wp\/v2\/pages\/3432\/revisions\/4068"}],"wp:attachment":[{"href":"https:\/\/stn.cm.umk.pl\/gb\/wp-json\/wp\/v2\/media?parent=3432"}],"curies":[{"name":"wp","href":"https:\/\/api.w.org\/{rel}","templated":true}]}}