{"id":3362,"date":"2022-01-10T21:29:49","date_gmt":"2022-01-10T20:29:49","guid":{"rendered":"https:\/\/stn.cm.umk.pl\/?page_id=3362"},"modified":"2026-01-14T20:01:26","modified_gmt":"2026-01-14T19:01:26","slug":"ranking-studenckich-kol-naukowych","status":"publish","type":"page","link":"https:\/\/stn.cm.umk.pl\/gb\/ranking-studenckich-kol-naukowych\/","title":{"rendered":"Ranking Studenckich K\u00f3\u0142 Naukowych"},"content":{"rendered":"\n<p>Najlepsze SKN na Wydziale Farmaceutycznym w roku akademickim 2024\/25:<\/p>\n\n\n\n<ol class=\"wp-block-list\">\n<li>SKN Chemii Medycznej<\/li>\n\n\n\n<li>SKN Diagnostyki Laboratoryjnej<\/li>\n\n\n\n<li>SKN Chemii Organicznej<\/li>\n<\/ol>\n\n\n\n<p>Najlepsze SKN na Wydziale Lekarskim w roku akademickim 2024\/25:<\/p>\n\n\n\n<ol class=\"wp-block-list\">\n<li>SKN Biologii i Biochemii Medycznej<\/li>\n\n\n\n<li>SKN Immunologii Klinicznej i Chor\u00f3b Wewn\u0119trznych<\/li>\n\n\n\n<li>SKN Urologii Og\u00f3lnej i Onkologicznej<\/li>\n<\/ol>\n\n\n\n<p>Najlepsze SKN na Wydziale Nauk o Zdrowiu w roku akademickim 2024\/25:<\/p>\n\n\n\n<ol class=\"wp-block-list\">\n<li>Interdyscyplinarne SKN Geriatrii i Chor\u00f3b Wewn\u0119trznych<\/li>\n\n\n\n<li>SKN Kardiologii i Farmakologii Klinicznej<\/li>\n\n\n\n<li>SKN Historii Nauk Medycznych<\/li>\n<\/ol>\n\n\n\n<p>Best English Division Student Research Club in academic year 2024\/25:<\/p>\n\n\n\n<ol class=\"wp-block-list\">\n<li>ENT Scientific Club<\/li>\n<\/ol>\n\n\n\n<p>Najlepsze Nowe SKN CM UMK w roku akademickim 2024\/25:<\/p>\n\n\n\n<ol class=\"wp-block-list\">\n<li>SKN Biochemii i Chemii Bioorganicznej<\/li>\n<\/ol>\n\n\n\n<p>Najwy\u017cej punktowany studencki artyku\u0142 naukowy w roku akademickim 2024\/25:<br><br>1. SKN Biochemii i Chemii Bioorganicznej<\/p>\n\n\n\n<p>Ko\u0142odziejska R., Wo\u017aniak A., Bilski R., Weso\u0142owski R., Kupczyk D., Porzych M., Wr\u00f3blewska W., Pawluk H.: Melatonin-a powerful antioxidant in neurodegenerative diseases &#8220;Antioxidants&#8221;, 2025, t.14, s. 1-36.<\/p>\n\n\n\n<p>Najlepsze SKN na Collegium Medicum UMK w roku akademickim 2024\/25:<\/p>\n\n\n\n<ol class=\"wp-block-list\">\n<li>SKN Biologii i Biochemii Medycznej<\/li>\n\n\n\n<li>SKN Immunologii Klinicznej i Chor\u00f3b Wewn\u0119trznych<\/li>\n\n\n\n<li>SKN Urologii Og\u00f3lnej i Onkologicznej<\/li>\n<\/ol>\n\n\n\n<p> Ranking K\u00f3\u0142 Naukowych:<\/p>\n\n\n\n<p>1. SKN Biologii i Biochemii Medycznej<br>2. SKN Immunologii Klinicznej i Chor\u00f3b Wewn\u0119trznych<br>3. SKN Urologii Og\u00f3lnej i Onkologicznej<br>4. SKN Biochemii i Chemii Bioorganicznej<br>5. SKN Geriatrii<br>6. SKN Kardiologii i Farmakologii Klinicznej<br>7. SKN Patomorfologii Klinicznej<br>8. SKN Ortopedii<br>9. ex aequo SKN Endokrynologii i SKN Alergologii i Gastroenterologii Dzieci\u0119cej<br>10. Chemii Organicznej<\/p>\n\n\n\n<ol class=\"wp-block-list\"><\/ol>\n\n\n\n<p>Punkty przydzielono na podstawie regulaminu kt\u00f3ry mo\u017cna znale\u017a\u0107<a href=\"https:\/\/stn.cm.umk.pl\/regulaminy\/\" title=\"\"> tutaj <\/a><\/p>\n","protected":false},"excerpt":{"rendered":"<p>Najlepsze SKN na Wydziale Farmaceutycznym w roku akademickim 2024\/25: Najlepsze SKN na Wydziale Lekarskim w roku akademickim 2024\/25: Najlepsze SKN na Wydziale Nauk o Zdrowiu w roku akademickim 2024\/25: Best English Division Student Research Club in academic year 2024\/25: Najlepsze Nowe SKN CM UMK w roku akademickim 2024\/25: Najwy\u017cej punktowany studencki artyku\u0142 naukowy w roku &hellip; <a href=\"https:\/\/stn.cm.umk.pl\/gb\/ranking-studenckich-kol-naukowych\/\" class=\"more-link\">Continue reading<span class=\"screen-reader-text\"> &#8220;Ranking Studenckich K\u00f3\u0142 Naukowych&#8221;<\/span><\/a><\/p>\n","protected":false},"author":12,"featured_media":0,"parent":0,"menu_order":0,"comment_status":"closed","ping_status":"closed","template":"","meta":{"footnotes":""},"class_list":["post-3362","page","type-page","status-publish","hentry"],"translation":{"provider":"WPGlobus","version":"3.0.0","language":"gb","enabled_languages":["pl","gb"],"languages":{"pl":{"title":true,"content":true,"excerpt":false},"gb":{"title":false,"content":false,"excerpt":false}}},"aioseo_notices":[],"jetpack_sharing_enabled":true,"_links":{"self":[{"href":"https:\/\/stn.cm.umk.pl\/gb\/wp-json\/wp\/v2\/pages\/3362","targetHints":{"allow":["GET"]}}],"collection":[{"href":"https:\/\/stn.cm.umk.pl\/gb\/wp-json\/wp\/v2\/pages"}],"about":[{"href":"https:\/\/stn.cm.umk.pl\/gb\/wp-json\/wp\/v2\/types\/page"}],"author":[{"embeddable":true,"href":"https:\/\/stn.cm.umk.pl\/gb\/wp-json\/wp\/v2\/users\/12"}],"replies":[{"embeddable":true,"href":"https:\/\/stn.cm.umk.pl\/gb\/wp-json\/wp\/v2\/comments?post=3362"}],"version-history":[{"count":9,"href":"https:\/\/stn.cm.umk.pl\/gb\/wp-json\/wp\/v2\/pages\/3362\/revisions"}],"predecessor-version":[{"id":4848,"href":"https:\/\/stn.cm.umk.pl\/gb\/wp-json\/wp\/v2\/pages\/3362\/revisions\/4848"}],"wp:attachment":[{"href":"https:\/\/stn.cm.umk.pl\/gb\/wp-json\/wp\/v2\/media?parent=3362"}],"curies":[{"name":"wp","href":"https:\/\/api.w.org\/{rel}","templated":true}]}}