{"id":3358,"date":"2022-01-10T17:31:36","date_gmt":"2022-01-10T16:31:36","guid":{"rendered":"https:\/\/stn.cm.umk.pl\/?page_id=3358"},"modified":"2026-04-01T19:57:37","modified_gmt":"2026-04-01T17:57:37","slug":"skn-biochemia-zywienie-zdrowie-psychiczne","status":"publish","type":"page","link":"https:\/\/stn.cm.umk.pl\/gb\/skn-biochemia-zywienie-zdrowie-psychiczne\/","title":{"rendered":"SKN Biochemia-\u017bywienie-Zdrowie Psychiczne"},"content":{"rendered":"\n<p><strong>Jednostka organizacyjna: <\/strong> Katedra Pielegniarstwa Zachowawczego, Zak\u0142ad Piel\u0119gniarstwa Psychiatrycznego<br><strong>Opiekun Ko\u0142a: <\/strong>dr n. o zdr. Damian Czarnecki, Dr. n. o zdr. Beata Grodzka<br><strong>Przewodnicz\u0105ca:<\/strong> Marta Pietruszy\u0144ska<br><strong>Kontakt:<\/strong> marta.pietruszynska@onet.pl<\/p>\n\n\n\n<p><strong>Opis dzia\u0142alno\u015bci:<\/strong><br><strong>&#8211; <\/strong>Ocena stanu zdrowia pajent\u00f3w z zaburzeniami psychicznymi w tym pacjent\u00f3w uzale\u017cnionych od substancji psychoaktywnych pod k\u0105tem proces\u00f3w biochemicznych, \u017cywienia oraz zmian klinicznych<br>&#8211; Promowanie zdrowia psychicznego w\u015br\u00f3d pacjent\u00f3w i populacji og\u00f3lnej<br>&#8211; Wsp\u00f3\u0142praca wieloo\u015brodkowa w zakresie bada\u0144 naukowych  i do\u015bwiadcze\u0144 klinicznych<br>&#8211;  Ko\u0142o swoj\u0105 dzia\u0142alno\u015b\u0107 badawcz\u0105 i popularyzacyjn\u0105 nauki opiera na wsp\u00f3\u0142pracy z nauczycielem akademickim dr hab. in\u017c. Ann\u0105 D\u0142ugosz, prof. PB\u015a (Zak\u0142ad Technologii i In\u017cynierii Przemys\u0142u Spo\u017cywczego, Wydzia\u0142u Technologii i In\u017cynierii Chemicznej) oraz studentami Politechniki Bydgoskiej <\/p>\n","protected":false},"excerpt":{"rendered":"<p>Jednostka organizacyjna: Katedra Pielegniarstwa Zachowawczego, Zak\u0142ad Piel\u0119gniarstwa PsychiatrycznegoOpiekun Ko\u0142a: dr n. o zdr. Damian Czarnecki, Dr. n. o zdr. Beata GrodzkaPrzewodnicz\u0105ca: Marta Pietruszy\u0144skaKontakt: marta.pietruszynska@onet.pl Opis dzia\u0142alno\u015bci:&#8211; Ocena stanu zdrowia pajent\u00f3w z zaburzeniami psychicznymi w tym pacjent\u00f3w uzale\u017cnionych od substancji psychoaktywnych pod k\u0105tem proces\u00f3w biochemicznych, \u017cywienia oraz zmian klinicznych&#8211; Promowanie zdrowia psychicznego w\u015br\u00f3d pacjent\u00f3w i populacji &hellip; <a href=\"https:\/\/stn.cm.umk.pl\/gb\/skn-biochemia-zywienie-zdrowie-psychiczne\/\" class=\"more-link\">Continue reading<span class=\"screen-reader-text\"> &#8220;SKN Biochemia-\u017bywienie-Zdrowie Psychiczne&#8221;<\/span><\/a><\/p>\n","protected":false},"author":12,"featured_media":0,"parent":0,"menu_order":0,"comment_status":"closed","ping_status":"closed","template":"","meta":{"footnotes":""},"class_list":["post-3358","page","type-page","status-publish","hentry"],"translation":{"provider":"WPGlobus","version":"3.0.0","language":"gb","enabled_languages":["pl","gb"],"languages":{"pl":{"title":true,"content":true,"excerpt":false},"gb":{"title":false,"content":false,"excerpt":false}}},"aioseo_notices":[],"jetpack_sharing_enabled":true,"_links":{"self":[{"href":"https:\/\/stn.cm.umk.pl\/gb\/wp-json\/wp\/v2\/pages\/3358","targetHints":{"allow":["GET"]}}],"collection":[{"href":"https:\/\/stn.cm.umk.pl\/gb\/wp-json\/wp\/v2\/pages"}],"about":[{"href":"https:\/\/stn.cm.umk.pl\/gb\/wp-json\/wp\/v2\/types\/page"}],"author":[{"embeddable":true,"href":"https:\/\/stn.cm.umk.pl\/gb\/wp-json\/wp\/v2\/users\/12"}],"replies":[{"embeddable":true,"href":"https:\/\/stn.cm.umk.pl\/gb\/wp-json\/wp\/v2\/comments?post=3358"}],"version-history":[{"count":3,"href":"https:\/\/stn.cm.umk.pl\/gb\/wp-json\/wp\/v2\/pages\/3358\/revisions"}],"predecessor-version":[{"id":5071,"href":"https:\/\/stn.cm.umk.pl\/gb\/wp-json\/wp\/v2\/pages\/3358\/revisions\/5071"}],"wp:attachment":[{"href":"https:\/\/stn.cm.umk.pl\/gb\/wp-json\/wp\/v2\/media?parent=3358"}],"curies":[{"name":"wp","href":"https:\/\/api.w.org\/{rel}","templated":true}]}}