{"id":3334,"date":"2021-12-15T13:48:57","date_gmt":"2021-12-15T12:48:57","guid":{"rendered":"https:\/\/stn.cm.umk.pl\/?page_id=3334"},"modified":"2025-12-04T14:38:23","modified_gmt":"2025-12-04T13:38:23","slug":"skn-immunologii-klinicznej-i-chorob-wewnetrznych","status":"publish","type":"page","link":"https:\/\/stn.cm.umk.pl\/gb\/skn-immunologii-klinicznej-i-chorob-wewnetrznych\/","title":{"rendered":"SKN Immunologii Klinicznej i Chor\u00f3b Wewn\u0119trznych"},"content":{"rendered":"\n<div class=\"wp-block-group\"><div class=\"wp-block-group__inner-container is-layout-flow wp-block-group-is-layout-flow\">\n<p><strong>Jednostka organizacyjna<\/strong>: Klinika Alergologii, Immunologii Klinicznej i Chor\u00f3b Wewn\u0119trznych<br><strong>Opiekun Ko\u0142a<\/strong>: lek. Tomasz Rosada, dr n. med. Katarzyna Napi\u00f3rkowska-Baran, lek. Ewa Alska <br><strong>Przewodnicz\u0105cy: <\/strong>Karolina Osi\u0144ska <br><strong>Kontakt: <\/strong>osinska.karolinax@gmail.com<\/p>\n<\/div><\/div>\n\n\n\n<p><strong>Opis dzia\u0142alno\u015bci ko\u0142a:<\/strong><br>G\u0142\u00f3wnym za\u0142o\u017ceniem Studenckiego Ko\u0142a Naukowego Immunologii Klinicznej i Chor\u00f3b Wewn\u0119trznych jest umo\u017cliwienie studentom i absolwentom Collegium Medicum w Bydgoszczy rozwoju naukowego, zdobycia do\u015bwiadczenia oraz publikowania\/prezentowania wynik\u00f3w swoich bada\u0144 zw\u0142aszcza w zakresie immunologii klinicznej i chor\u00f3b wewn\u0119trznych.  Cz\u0142onkowie b\u0119d\u0105 mieli r\u00f3wnie\u017c mo\u017cliwo\u015b\u0107 pog\u0142\u0119bienia wiedzy w zakresie interny i rozwoju umiej\u0119tno\u015bci klinicznych niezb\u0119dnych w codziennej praktyce lekarskiej, bez wzgl\u0119du na dalszy kierunek specjalizacji. Opiekunowie Ko\u0142a s\u0105 otwarci na dalsze propozycje i pomys\u0142y dot. dalszego rozwoju Ko\u0142a, aby jak najbardziej odpowiada\u0142o ono wymaganiom i potrzebom student\u00f3w. <\/p>\n","protected":false},"excerpt":{"rendered":"<p>Jednostka organizacyjna: Klinika Alergologii, Immunologii Klinicznej i Chor\u00f3b Wewn\u0119trznychOpiekun Ko\u0142a: lek. Tomasz Rosada, dr n. med. Katarzyna Napi\u00f3rkowska-Baran, lek. Ewa Alska Przewodnicz\u0105cy: Karolina Osi\u0144ska Kontakt: osinska.karolinax@gmail.com Opis dzia\u0142alno\u015bci ko\u0142a:G\u0142\u00f3wnym za\u0142o\u017ceniem Studenckiego Ko\u0142a Naukowego Immunologii Klinicznej i Chor\u00f3b Wewn\u0119trznych jest umo\u017cliwienie studentom i absolwentom Collegium Medicum w Bydgoszczy rozwoju naukowego, zdobycia do\u015bwiadczenia oraz publikowania\/prezentowania wynik\u00f3w swoich &hellip; <a href=\"https:\/\/stn.cm.umk.pl\/gb\/skn-immunologii-klinicznej-i-chorob-wewnetrznych\/\" class=\"more-link\">Continue reading<span class=\"screen-reader-text\"> &#8220;SKN Immunologii Klinicznej i Chor\u00f3b Wewn\u0119trznych&#8221;<\/span><\/a><\/p>\n","protected":false},"author":13,"featured_media":0,"parent":0,"menu_order":0,"comment_status":"closed","ping_status":"closed","template":"","meta":{"footnotes":""},"class_list":["post-3334","page","type-page","status-publish","hentry"],"translation":{"provider":"WPGlobus","version":"3.0.0","language":"gb","enabled_languages":["pl","gb"],"languages":{"pl":{"title":true,"content":true,"excerpt":false},"gb":{"title":false,"content":false,"excerpt":false}}},"aioseo_notices":[],"jetpack_sharing_enabled":true,"_links":{"self":[{"href":"https:\/\/stn.cm.umk.pl\/gb\/wp-json\/wp\/v2\/pages\/3334","targetHints":{"allow":["GET"]}}],"collection":[{"href":"https:\/\/stn.cm.umk.pl\/gb\/wp-json\/wp\/v2\/pages"}],"about":[{"href":"https:\/\/stn.cm.umk.pl\/gb\/wp-json\/wp\/v2\/types\/page"}],"author":[{"embeddable":true,"href":"https:\/\/stn.cm.umk.pl\/gb\/wp-json\/wp\/v2\/users\/13"}],"replies":[{"embeddable":true,"href":"https:\/\/stn.cm.umk.pl\/gb\/wp-json\/wp\/v2\/comments?post=3334"}],"version-history":[{"count":7,"href":"https:\/\/stn.cm.umk.pl\/gb\/wp-json\/wp\/v2\/pages\/3334\/revisions"}],"predecessor-version":[{"id":4812,"href":"https:\/\/stn.cm.umk.pl\/gb\/wp-json\/wp\/v2\/pages\/3334\/revisions\/4812"}],"wp:attachment":[{"href":"https:\/\/stn.cm.umk.pl\/gb\/wp-json\/wp\/v2\/media?parent=3334"}],"curies":[{"name":"wp","href":"https:\/\/api.w.org\/{rel}","templated":true}]}}