{"id":3305,"date":"2021-11-30T16:53:21","date_gmt":"2021-11-30T15:53:21","guid":{"rendered":"https:\/\/stn.cm.umk.pl\/?page_id=3305"},"modified":"2024-12-11T17:23:43","modified_gmt":"2024-12-11T16:23:43","slug":"skn-diagnostyki-laboratoryjnej","status":"publish","type":"page","link":"https:\/\/stn.cm.umk.pl\/gb\/skn-diagnostyki-laboratoryjnej\/","title":{"rendered":"SKN Diagnostyki Laboratoryjnej przy Katedrze Diagnostyki Laboratoryjnej"},"content":{"rendered":"\n<p><strong>Jednostka organizacyjna: <\/strong> Zak\u0142ad Diagnostyki Laboratoryjnej<br><strong>Opiekun Ko\u0142a: <\/strong>dr n. med. \u0141ukasz Szternel<br><strong>Przewodnicz\u0105cy:<\/strong> Laura Wieprzycka<br><strong>Kontakt:<\/strong> 314951@stud.umk.pl; lavi.laura.2276@gmail.com<\/p>\n\n\n\n<p><strong>Opis dzia\u0142alno\u015bci:<\/strong> <br>Jako uczestnicy Ko\u0142a pragniemy poszerza\u0107 oraz uzupe\u0142nia\u0107 swoj\u0105 dotychczasow\u0105 wiedz\u0119 z dziedziny medycyny laboratoryjnej, jak r\u00f3wnie\u017c w tym kierunku prowadzi\u0107 badania naukowe, kt\u00f3re pozwol\u0105 nam osi\u0105gn\u0105\u0107 nasze cele diagnostyczne. Naszym celem jest r\u00f3wnie\u017c nabieranie do\u015bwiadczenia w pracy zespo\u0142owej oraz aktywne dzia\u0142anie na rzecz \u015bwiadomo\u015bci w\u0142asnej i innych na temat poruszanych zagadnie\u0144 medycznych.<\/p>\n","protected":false},"excerpt":{"rendered":"<p>Jednostka organizacyjna: Zak\u0142ad Diagnostyki LaboratoryjnejOpiekun Ko\u0142a: dr n. med. \u0141ukasz SzternelPrzewodnicz\u0105cy: Laura WieprzyckaKontakt: 314951@stud.umk.pl; lavi.laura.2276@gmail.com Opis dzia\u0142alno\u015bci: Jako uczestnicy Ko\u0142a pragniemy poszerza\u0107 oraz uzupe\u0142nia\u0107 swoj\u0105 dotychczasow\u0105 wiedz\u0119 z dziedziny medycyny laboratoryjnej, jak r\u00f3wnie\u017c w tym kierunku prowadzi\u0107 badania naukowe, kt\u00f3re pozwol\u0105 nam osi\u0105gn\u0105\u0107 nasze cele diagnostyczne. Naszym celem jest r\u00f3wnie\u017c nabieranie do\u015bwiadczenia w pracy zespo\u0142owej &hellip; <a href=\"https:\/\/stn.cm.umk.pl\/gb\/skn-diagnostyki-laboratoryjnej\/\" class=\"more-link\">Continue reading<span class=\"screen-reader-text\"> &#8220;SKN Diagnostyki Laboratoryjnej przy Katedrze Diagnostyki Laboratoryjnej&#8221;<\/span><\/a><\/p>\n","protected":false},"author":12,"featured_media":0,"parent":0,"menu_order":0,"comment_status":"closed","ping_status":"closed","template":"","meta":{"footnotes":""},"class_list":["post-3305","page","type-page","status-publish","hentry"],"translation":{"provider":"WPGlobus","version":"3.0.0","language":"gb","enabled_languages":["pl","gb"],"languages":{"pl":{"title":true,"content":true,"excerpt":false},"gb":{"title":false,"content":false,"excerpt":false}}},"aioseo_notices":[],"jetpack_sharing_enabled":true,"_links":{"self":[{"href":"https:\/\/stn.cm.umk.pl\/gb\/wp-json\/wp\/v2\/pages\/3305","targetHints":{"allow":["GET"]}}],"collection":[{"href":"https:\/\/stn.cm.umk.pl\/gb\/wp-json\/wp\/v2\/pages"}],"about":[{"href":"https:\/\/stn.cm.umk.pl\/gb\/wp-json\/wp\/v2\/types\/page"}],"author":[{"embeddable":true,"href":"https:\/\/stn.cm.umk.pl\/gb\/wp-json\/wp\/v2\/users\/12"}],"replies":[{"embeddable":true,"href":"https:\/\/stn.cm.umk.pl\/gb\/wp-json\/wp\/v2\/comments?post=3305"}],"version-history":[{"count":7,"href":"https:\/\/stn.cm.umk.pl\/gb\/wp-json\/wp\/v2\/pages\/3305\/revisions"}],"predecessor-version":[{"id":4431,"href":"https:\/\/stn.cm.umk.pl\/gb\/wp-json\/wp\/v2\/pages\/3305\/revisions\/4431"}],"wp:attachment":[{"href":"https:\/\/stn.cm.umk.pl\/gb\/wp-json\/wp\/v2\/media?parent=3305"}],"curies":[{"name":"wp","href":"https:\/\/api.w.org\/{rel}","templated":true}]}}