{"id":3292,"date":"2021-10-28T18:53:59","date_gmt":"2021-10-28T16:53:59","guid":{"rendered":"https:\/\/stn.cm.umk.pl\/?page_id=3292"},"modified":"2023-11-14T15:21:20","modified_gmt":"2023-11-14T14:21:20","slug":"skn-chirurgii-plastycznej-2","status":"publish","type":"page","link":"https:\/\/stn.cm.umk.pl\/gb\/skn-chirurgii-plastycznej-2\/","title":{"rendered":"SKN Chirurgii Plastycznej, Rekonstrukcyjnej i Estetycznej"},"content":{"rendered":"\n<p><strong>Jednostka organizacyjna: <\/strong> Katedra Chirurgii Plastycznej<br><strong>Opiekun Ko\u0142a: <\/strong>Lek. Karolina Pisanko<br><strong>Przewodnicz\u0105cy:<\/strong> Magdalena Kie\u0142kucka<br><strong>Kontakt:<\/strong> magdakielk@gmail.com<br><\/p>\n","protected":false},"excerpt":{"rendered":"<p>Jednostka organizacyjna: Katedra Chirurgii PlastycznejOpiekun Ko\u0142a: Lek. Karolina PisankoPrzewodnicz\u0105cy: Magdalena Kie\u0142kuckaKontakt: magdakielk@gmail.com<\/p>\n","protected":false},"author":12,"featured_media":0,"parent":0,"menu_order":0,"comment_status":"closed","ping_status":"closed","template":"","meta":{"footnotes":""},"class_list":["post-3292","page","type-page","status-publish","hentry"],"translation":{"provider":"WPGlobus","version":"3.0.0","language":"gb","enabled_languages":["pl","gb"],"languages":{"pl":{"title":true,"content":true,"excerpt":false},"gb":{"title":false,"content":false,"excerpt":false}}},"aioseo_notices":[],"jetpack_sharing_enabled":true,"_links":{"self":[{"href":"https:\/\/stn.cm.umk.pl\/gb\/wp-json\/wp\/v2\/pages\/3292","targetHints":{"allow":["GET"]}}],"collection":[{"href":"https:\/\/stn.cm.umk.pl\/gb\/wp-json\/wp\/v2\/pages"}],"about":[{"href":"https:\/\/stn.cm.umk.pl\/gb\/wp-json\/wp\/v2\/types\/page"}],"author":[{"embeddable":true,"href":"https:\/\/stn.cm.umk.pl\/gb\/wp-json\/wp\/v2\/users\/12"}],"replies":[{"embeddable":true,"href":"https:\/\/stn.cm.umk.pl\/gb\/wp-json\/wp\/v2\/comments?post=3292"}],"version-history":[{"count":3,"href":"https:\/\/stn.cm.umk.pl\/gb\/wp-json\/wp\/v2\/pages\/3292\/revisions"}],"predecessor-version":[{"id":3980,"href":"https:\/\/stn.cm.umk.pl\/gb\/wp-json\/wp\/v2\/pages\/3292\/revisions\/3980"}],"wp:attachment":[{"href":"https:\/\/stn.cm.umk.pl\/gb\/wp-json\/wp\/v2\/media?parent=3292"}],"curies":[{"name":"wp","href":"https:\/\/api.w.org\/{rel}","templated":true}]}}