{"id":3288,"date":"2021-10-25T21:57:42","date_gmt":"2021-10-25T19:57:42","guid":{"rendered":"https:\/\/stn.cm.umk.pl\/?page_id=3288"},"modified":"2026-04-02T22:26:22","modified_gmt":"2026-04-02T20:26:22","slug":"skn-medycyny-stylu-zycia","status":"publish","type":"page","link":"https:\/\/stn.cm.umk.pl\/gb\/skn-medycyny-stylu-zycia\/","title":{"rendered":"SKN Medycyny Stylu \u017bycia"},"content":{"rendered":"\n<p><strong>Jednostka organizacyjna: <\/strong> Katedra Gastroenterologii i Zaburze\u0144 Od\u017cywiania w SU nr 2 im. dr. Jana Biziela w Bydgoszczy<br><strong>Opiekunowie Ko\u0142a: <\/strong>Dr n. med Patrycja Krynicka oraz Dr n. med Ariel Liebert<br><strong>Przewodnicz\u0105cy:<\/strong> Aniela Adamska<br><strong>Kontakt:<\/strong> aniela.adamska@onet.pl<\/p>\n\n\n\n<p><strong>Opis dzia\u0142alno\u015bci:<\/strong> <br>SKN Medycyny Stylu \u017bycia to nowo powsta\u0142e, dzia\u0142aj\u0105ce przy Katedrze Gastroenterologii i Zaburze\u0144 Od\u017cywiania Szpitala Uniwersyteckiego nr 2 im. dr. Jana Biziela w Bydgoszczy, kt\u00f3re dzia\u0142aj\u0105c w oparciu o Evidence-based medicine, pozwala na edukacj\u0119 oraz zwi\u0119kszanie \u015bwiadomo\u015bci na temat szeroko poj\u0119tej medycyny stylu \u017cycia. Jest to nowa ga\u0142\u0105\u017a medycyny maj\u0105ca na celu profilaktyk\u0119 chor\u00f3b, odwracanie ich skutk\u00f3w oraz wspieranie procesu leczenia. <br><br>Dzia\u0142alno\u015b\u0107 w SKN umo\u017cliwia uczestnictwo w wyk\u0142adach , warsztatach tematycznych, konferencjach oraz prac\u0119 nad badaniami i projektami naukowymi, a wsp\u00f3\u0142praca z innymi Kolami oraz organizacjami poszerza zakres dzia\u0142a\u0144.<\/p>\n","protected":false},"excerpt":{"rendered":"<p>Jednostka organizacyjna: Katedra Gastroenterologii i Zaburze\u0144 Od\u017cywiania w SU nr 2 im. dr. Jana Biziela w BydgoszczyOpiekunowie Ko\u0142a: Dr n. med Patrycja Krynicka oraz Dr n. med Ariel LiebertPrzewodnicz\u0105cy: Aniela AdamskaKontakt: aniela.adamska@onet.pl Opis dzia\u0142alno\u015bci: SKN Medycyny Stylu \u017bycia to nowo powsta\u0142e, dzia\u0142aj\u0105ce przy Katedrze Gastroenterologii i Zaburze\u0144 Od\u017cywiania Szpitala Uniwersyteckiego nr 2 im. dr. Jana &hellip; <a href=\"https:\/\/stn.cm.umk.pl\/gb\/skn-medycyny-stylu-zycia\/\" class=\"more-link\">Continue reading<span class=\"screen-reader-text\"> &#8220;SKN Medycyny Stylu \u017bycia&#8221;<\/span><\/a><\/p>\n","protected":false},"author":12,"featured_media":0,"parent":0,"menu_order":0,"comment_status":"closed","ping_status":"closed","template":"","meta":{"footnotes":""},"class_list":["post-3288","page","type-page","status-publish","hentry"],"translation":{"provider":"WPGlobus","version":"3.0.0","language":"gb","enabled_languages":["pl","gb"],"languages":{"pl":{"title":true,"content":true,"excerpt":false},"gb":{"title":false,"content":false,"excerpt":false}}},"aioseo_notices":[],"jetpack_sharing_enabled":true,"_links":{"self":[{"href":"https:\/\/stn.cm.umk.pl\/gb\/wp-json\/wp\/v2\/pages\/3288","targetHints":{"allow":["GET"]}}],"collection":[{"href":"https:\/\/stn.cm.umk.pl\/gb\/wp-json\/wp\/v2\/pages"}],"about":[{"href":"https:\/\/stn.cm.umk.pl\/gb\/wp-json\/wp\/v2\/types\/page"}],"author":[{"embeddable":true,"href":"https:\/\/stn.cm.umk.pl\/gb\/wp-json\/wp\/v2\/users\/12"}],"replies":[{"embeddable":true,"href":"https:\/\/stn.cm.umk.pl\/gb\/wp-json\/wp\/v2\/comments?post=3288"}],"version-history":[{"count":7,"href":"https:\/\/stn.cm.umk.pl\/gb\/wp-json\/wp\/v2\/pages\/3288\/revisions"}],"predecessor-version":[{"id":5082,"href":"https:\/\/stn.cm.umk.pl\/gb\/wp-json\/wp\/v2\/pages\/3288\/revisions\/5082"}],"wp:attachment":[{"href":"https:\/\/stn.cm.umk.pl\/gb\/wp-json\/wp\/v2\/media?parent=3288"}],"curies":[{"name":"wp","href":"https:\/\/api.w.org\/{rel}","templated":true}]}}