{"id":3230,"date":"2021-06-30T11:56:15","date_gmt":"2021-06-30T09:56:15","guid":{"rendered":"https:\/\/stn.cm.umk.pl\/?page_id=3230"},"modified":"2024-12-20T12:01:36","modified_gmt":"2024-12-20T11:01:36","slug":"skn-biotechnologii-eksperymentalnej","status":"publish","type":"page","link":"https:\/\/stn.cm.umk.pl\/gb\/skn-biotechnologii-eksperymentalnej\/","title":{"rendered":"SKN Biotechnologii Eksperymentalnej"},"content":{"rendered":"\n<p><strong>Jednostka organizacyjna:<\/strong> Zesp\u00f3\u0142 Naukowo-Dydaktyczny Biotechnologii Eksperymentalnej; Katedra Transplantologii i Chirurgii Og\u00f3lnej<br><strong>Opiekunowie Ko\u0142a:<\/strong> <br>dr n. med. Aleksandra Karczmarska-W\u00f3dzka; <br>mgr Patrycja Wszelaki; <br>dr hab. Joanna Sikora, prof. UMK<br><strong>Kontakt:<\/strong> akar@cm.umk.pl<br>wszelakipatrycja@cm.umk.pl<\/p>\n\n\n\n<p><strong>Opis dzia\u0142alno\u015bci:<\/strong><br>Dzia\u0142alno\u015b\u0107 SKN Biotechnologii Eksperymentalnej obejmuje realizacj\u0119 projekt\u00f3w badawczych zwi\u0105zanych z analiz\u0105 krzepliwo\u015bci p\u0142ytek krwi. Cz\u0142onkowie SKN Biotechnologii Eksperymentalnej maj\u0105 mo\u017cliwo\u015b\u0107 zdobycia kompetencji w zakresie:<br>&#8211; wiedzy teoretycznej z zakresu biotechnologii medycznej<br>&#8211; pracy w laboratorium<br>&#8211; przygotowywania pr\u00f3bek do analizy reaktywno\u015bci p\u0142ytek krwi<br>&#8211; analizy parametr\u00f3w krzepni\u0119cia na podstawie wynik\u00f3w z nowoczesnych urz\u0105dze\u0144 pomiarowych<br>&#8211; prezentowania wynik\u00f3w bada\u0144 w trakcie konferencji studenckich<\/p>\n","protected":false},"excerpt":{"rendered":"<p>Jednostka organizacyjna: Zesp\u00f3\u0142 Naukowo-Dydaktyczny Biotechnologii Eksperymentalnej; Katedra Transplantologii i Chirurgii Og\u00f3lnejOpiekunowie Ko\u0142a: dr n. med. Aleksandra Karczmarska-W\u00f3dzka; mgr Patrycja Wszelaki; dr hab. Joanna Sikora, prof. UMKKontakt: akar@cm.umk.plwszelakipatrycja@cm.umk.pl Opis dzia\u0142alno\u015bci:Dzia\u0142alno\u015b\u0107 SKN Biotechnologii Eksperymentalnej obejmuje realizacj\u0119 projekt\u00f3w badawczych zwi\u0105zanych z analiz\u0105 krzepliwo\u015bci p\u0142ytek krwi. Cz\u0142onkowie SKN Biotechnologii Eksperymentalnej maj\u0105 mo\u017cliwo\u015b\u0107 zdobycia kompetencji w zakresie:&#8211; wiedzy teoretycznej z &hellip; <a href=\"https:\/\/stn.cm.umk.pl\/gb\/skn-biotechnologii-eksperymentalnej\/\" class=\"more-link\">Continue reading<span class=\"screen-reader-text\"> &#8220;SKN Biotechnologii Eksperymentalnej&#8221;<\/span><\/a><\/p>\n","protected":false},"author":12,"featured_media":0,"parent":0,"menu_order":0,"comment_status":"closed","ping_status":"closed","template":"","meta":{"footnotes":""},"class_list":["post-3230","page","type-page","status-publish","hentry"],"translation":{"provider":"WPGlobus","version":"3.0.0","language":"gb","enabled_languages":["pl","gb"],"languages":{"pl":{"title":true,"content":true,"excerpt":false},"gb":{"title":false,"content":false,"excerpt":false}}},"aioseo_notices":[],"jetpack_sharing_enabled":true,"_links":{"self":[{"href":"https:\/\/stn.cm.umk.pl\/gb\/wp-json\/wp\/v2\/pages\/3230","targetHints":{"allow":["GET"]}}],"collection":[{"href":"https:\/\/stn.cm.umk.pl\/gb\/wp-json\/wp\/v2\/pages"}],"about":[{"href":"https:\/\/stn.cm.umk.pl\/gb\/wp-json\/wp\/v2\/types\/page"}],"author":[{"embeddable":true,"href":"https:\/\/stn.cm.umk.pl\/gb\/wp-json\/wp\/v2\/users\/12"}],"replies":[{"embeddable":true,"href":"https:\/\/stn.cm.umk.pl\/gb\/wp-json\/wp\/v2\/comments?post=3230"}],"version-history":[{"count":6,"href":"https:\/\/stn.cm.umk.pl\/gb\/wp-json\/wp\/v2\/pages\/3230\/revisions"}],"predecessor-version":[{"id":4444,"href":"https:\/\/stn.cm.umk.pl\/gb\/wp-json\/wp\/v2\/pages\/3230\/revisions\/4444"}],"wp:attachment":[{"href":"https:\/\/stn.cm.umk.pl\/gb\/wp-json\/wp\/v2\/media?parent=3230"}],"curies":[{"name":"wp","href":"https:\/\/api.w.org\/{rel}","templated":true}]}}