{"id":3211,"date":"2021-05-08T13:36:26","date_gmt":"2021-05-08T11:36:26","guid":{"rendered":"https:\/\/stn.cm.umk.pl\/?page_id=3211"},"modified":"2026-02-04T17:13:01","modified_gmt":"2026-02-04T16:13:01","slug":"skn-mikrobiologii","status":"publish","type":"page","link":"https:\/\/stn.cm.umk.pl\/gb\/skn-mikrobiologii\/","title":{"rendered":"SKN Mikrobiologii"},"content":{"rendered":"<div class=\"wp-block-image\">\n<figure class=\"alignright size-full is-resized\"><a href=\"https:\/\/stn.cm.umk.pl\/wp-content\/uploads\/2023\/10\/SKN-CM-UMK-Pawel-Kmiecikowski-2.png\"><img loading=\"lazy\" decoding=\"async\" width=\"500\" height=\"500\" src=\"https:\/\/stn.cm.umk.pl\/wp-content\/uploads\/2023\/10\/SKN-CM-UMK-Pawel-Kmiecikowski-2.png\" alt=\"\" class=\"wp-image-3928\" style=\"width:247px;height:247px\" srcset=\"https:\/\/stn.cm.umk.pl\/wp-content\/uploads\/2023\/10\/SKN-CM-UMK-Pawel-Kmiecikowski-2.png 500w, https:\/\/stn.cm.umk.pl\/wp-content\/uploads\/2023\/10\/SKN-CM-UMK-Pawel-Kmiecikowski-2-300x300.png 300w, https:\/\/stn.cm.umk.pl\/wp-content\/uploads\/2023\/10\/SKN-CM-UMK-Pawel-Kmiecikowski-2-150x150.png 150w\" sizes=\"auto, (max-width: 500px) 85vw, 500px\" \/><\/a><\/figure><\/div>\n\n\n<p><strong>Jednostka organizacyjna:<\/strong> Katedra Mikrobiologii<br><strong>Opiekun Ko\u0142a: <\/strong> dr n. med. Natalia Wiktorczyk-Kapischke<br><strong>Przewodnicz\u0105cy:<\/strong> Aleksandra Cz\u0105stka<br><strong>Kontakt: <\/strong><\/p>\n\n\n\n<p><strong>Opis dzia\u0142alno\u015bci:<\/strong> <br>SKN Mikrobiologii jest ko\u0142em, kt\u00f3rego dzia\u0142anie skupia si\u0119 na aktywno\u015bci naukowej. <\/p>\n\n\n\n<p>Zapraszamy wszystkich, kt\u00f3rzy chc\u0105 pracowa\u0107 naukowo, na jakimkolwiek etapie studi\u00f3w. Ka\u017cdy cz\u0142onek Ko\u0142a otrzymuje przydzielonego opiekuna, pod kt\u00f3rego opiek\u0105 mo\u017ce rozwija\u0107 si\u0119 naukowo. Taki spos\u00f3b dzia\u0142ania pozwala na osi\u0105gni\u0119cie mo\u017cliwie du\u017cych efekt\u00f3w i zdobycie wielu do\u015bwiadcze\u0144. Zakres mo\u017cliwej pracy, tak jak zakres przedmiot\u00f3w bada\u0144 w mikrobiologii, jest bardzo szeroki &#8211; pisanie prac przegl\u0105dowych, udzia\u0142 w badaniach naukowych, tworzenie zestawie\u0144 z danych epidemiologicznych, uczestnictwo w konferencjach naukowych, udzia\u0142 w konkursach o granty na badania i wiele innych. Ka\u017cdy znajdzie tutaj co\u015b dla siebie, w czym b\u0119dzie m\u00f3g\u0142 czu\u0107 si\u0119 dobrze i w czym jego udzia\u0142 b\u0119dzie przynosi\u0142 wymierne i zauwa\u017calne efekty. <br><br>Serdecznie zapraszamy do kontaktu z Przewodnicz\u0105cym, kt\u00f3ry udzieli wszystkich potrzebnych informacji.<\/p>\n","protected":false},"excerpt":{"rendered":"<p>Jednostka organizacyjna: Katedra MikrobiologiiOpiekun Ko\u0142a: dr n. med. Natalia Wiktorczyk-KapischkePrzewodnicz\u0105cy: Aleksandra Cz\u0105stkaKontakt: Opis dzia\u0142alno\u015bci: SKN Mikrobiologii jest ko\u0142em, kt\u00f3rego dzia\u0142anie skupia si\u0119 na aktywno\u015bci naukowej. Zapraszamy wszystkich, kt\u00f3rzy chc\u0105 pracowa\u0107 naukowo, na jakimkolwiek etapie studi\u00f3w. Ka\u017cdy cz\u0142onek Ko\u0142a otrzymuje przydzielonego opiekuna, pod kt\u00f3rego opiek\u0105 mo\u017ce rozwija\u0107 si\u0119 naukowo. Taki spos\u00f3b dzia\u0142ania pozwala na osi\u0105gni\u0119cie mo\u017cliwie &hellip; <a href=\"https:\/\/stn.cm.umk.pl\/gb\/skn-mikrobiologii\/\" class=\"more-link\">Continue reading<span class=\"screen-reader-text\"> &#8220;SKN Mikrobiologii&#8221;<\/span><\/a><\/p>\n","protected":false},"author":12,"featured_media":0,"parent":0,"menu_order":0,"comment_status":"closed","ping_status":"closed","template":"","meta":{"footnotes":""},"class_list":["post-3211","page","type-page","status-publish","hentry"],"translation":{"provider":"WPGlobus","version":"3.0.0","language":"gb","enabled_languages":["pl","gb"],"languages":{"pl":{"title":true,"content":true,"excerpt":false},"gb":{"title":false,"content":false,"excerpt":false}}},"aioseo_notices":[],"jetpack_sharing_enabled":true,"_links":{"self":[{"href":"https:\/\/stn.cm.umk.pl\/gb\/wp-json\/wp\/v2\/pages\/3211","targetHints":{"allow":["GET"]}}],"collection":[{"href":"https:\/\/stn.cm.umk.pl\/gb\/wp-json\/wp\/v2\/pages"}],"about":[{"href":"https:\/\/stn.cm.umk.pl\/gb\/wp-json\/wp\/v2\/types\/page"}],"author":[{"embeddable":true,"href":"https:\/\/stn.cm.umk.pl\/gb\/wp-json\/wp\/v2\/users\/12"}],"replies":[{"embeddable":true,"href":"https:\/\/stn.cm.umk.pl\/gb\/wp-json\/wp\/v2\/comments?post=3211"}],"version-history":[{"count":6,"href":"https:\/\/stn.cm.umk.pl\/gb\/wp-json\/wp\/v2\/pages\/3211\/revisions"}],"predecessor-version":[{"id":4915,"href":"https:\/\/stn.cm.umk.pl\/gb\/wp-json\/wp\/v2\/pages\/3211\/revisions\/4915"}],"wp:attachment":[{"href":"https:\/\/stn.cm.umk.pl\/gb\/wp-json\/wp\/v2\/media?parent=3211"}],"curies":[{"name":"wp","href":"https:\/\/api.w.org\/{rel}","templated":true}]}}