{"id":3203,"date":"2021-05-04T21:01:04","date_gmt":"2021-05-04T19:01:04","guid":{"rendered":"https:\/\/stn.cm.umk.pl\/?page_id=3203"},"modified":"2025-01-13T18:01:15","modified_gmt":"2025-01-13T17:01:15","slug":"skn-botaniki-farmaceutycznej","status":"publish","type":"page","link":"https:\/\/stn.cm.umk.pl\/gb\/skn-botaniki-farmaceutycznej\/","title":{"rendered":"SKN Botaniki Farmaceutycznej"},"content":{"rendered":"<div class=\"wp-block-image\">\n<figure class=\"alignright size-full is-resized\"><a href=\"https:\/\/stn.cm.umk.pl\/wp-content\/uploads\/2025\/01\/SKN-BF-Logo-kolor-1.png\"><img loading=\"lazy\" decoding=\"async\" width=\"500\" height=\"500\" src=\"https:\/\/stn.cm.umk.pl\/wp-content\/uploads\/2025\/01\/SKN-BF-Logo-kolor-1.png\" alt=\"\" class=\"wp-image-4476\" style=\"width:264px;height:auto\" srcset=\"https:\/\/stn.cm.umk.pl\/wp-content\/uploads\/2025\/01\/SKN-BF-Logo-kolor-1.png 500w, https:\/\/stn.cm.umk.pl\/wp-content\/uploads\/2025\/01\/SKN-BF-Logo-kolor-1-300x300.png 300w, https:\/\/stn.cm.umk.pl\/wp-content\/uploads\/2025\/01\/SKN-BF-Logo-kolor-1-150x150.png 150w\" sizes=\"auto, (max-width: 500px) 85vw, 500px\" \/><\/a><\/figure><\/div>\n\n\n<p><strong>Jednostka organizacyjna: <\/strong>Katedra Botaniki Farmaceutycznej i Farmakognozji<br><strong>Opiekun Ko\u0142a: <\/strong>dr Dorota Gawenda-Kempczy\u0144ska <br><strong>Przewodnicz\u0105cy: <\/strong> Julia Kopacz<br><strong>Kontakt: <\/strong>ju.kopacz02@gmail.com<br><a href=\"https:\/\/www.facebook.com\/profile.php?id=100050881727822\" title=\"Facebook \"><strong>Facebook <\/strong><\/a><\/p>\n\n\n\n<p><strong>Opis dzia\u0142alno\u015bci<\/strong>:<br>Studenckie Ko\u0142o Botaniki Farmaceutycznej istnieje ju\u017c od 2005 roku. Dotychczas funkcjonowa\u0142o przy Katedrze i Zak\u0142adzie Biologii i Botaniki Farmaceutycznej CM UMK, a obecnie &#8211; przy Katedrze Botaniki Farmaceutycznej i Farmakognozji CM UMK. <br><\/p>\n\n\n\n<p>G\u0142\u00f3wnie formy dzia\u0142alno\u015bci:<br>1. badanie zasob\u00f3w, dynamiki i warunk\u00f3w ekologicznych populacji r\u00f3\u017cnych gatunk\u00f3w ro\u015blin leczniczych<br>2. zbi\u00f3r surowc\u00f3w ro\u015blinnych do analiz fitochemicznych<br>3. prezentowanie wynik\u00f3w bada\u0144 na konferencjach naukowych oraz ich publikowanie<br>4. organizacja konkursu fotograficznego &#8220;Niezwyk\u0142y \u015bwiat ro\u015blin leczniczych&#8221;<br><br>Wi\u0119kszo\u015b\u0107 prac realizujemy w ramach bada\u0144 florystyczno-ekologicznych prowadzonych przez Katedr\u0119 oraz jako wsparcie przy gromadzeniu materia\u0142\u00f3w do prac magisterskich. Badania prowadzimy g\u0142\u00f3wnie w G\u00f3rznie\u0144sko-Lidzbarskim Parku Krajobrazowym, ale nie tylko. Organizowane s\u0105 jedno- lub kilkudniowe wyjazdy terenowe.  <br><br>Zapraszamy do nas osoby, kt\u00f3re interesuj\u0105 si\u0119 ro\u015blinami, lubi\u0105 przyrod\u0119 i wyjazdy, nie boj\u0105 si\u0119 nowych sytuacji i wsp\u00f3lnej pracy. <br><\/p>\n","protected":false},"excerpt":{"rendered":"<p>Jednostka organizacyjna: Katedra Botaniki Farmaceutycznej i FarmakognozjiOpiekun Ko\u0142a: dr Dorota Gawenda-Kempczy\u0144ska Przewodnicz\u0105cy: Julia KopaczKontakt: ju.kopacz02@gmail.comFacebook Opis dzia\u0142alno\u015bci:Studenckie Ko\u0142o Botaniki Farmaceutycznej istnieje ju\u017c od 2005 roku. Dotychczas funkcjonowa\u0142o przy Katedrze i Zak\u0142adzie Biologii i Botaniki Farmaceutycznej CM UMK, a obecnie &#8211; przy Katedrze Botaniki Farmaceutycznej i Farmakognozji CM UMK. G\u0142\u00f3wnie formy dzia\u0142alno\u015bci:1. badanie zasob\u00f3w, dynamiki i &hellip; <a href=\"https:\/\/stn.cm.umk.pl\/gb\/skn-botaniki-farmaceutycznej\/\" class=\"more-link\">Continue reading<span class=\"screen-reader-text\"> &#8220;SKN Botaniki Farmaceutycznej&#8221;<\/span><\/a><\/p>\n","protected":false},"author":12,"featured_media":0,"parent":0,"menu_order":0,"comment_status":"closed","ping_status":"closed","template":"","meta":{"footnotes":""},"class_list":["post-3203","page","type-page","status-publish","hentry"],"translation":{"provider":"WPGlobus","version":"3.0.0","language":"gb","enabled_languages":["pl","gb"],"languages":{"pl":{"title":true,"content":true,"excerpt":false},"gb":{"title":false,"content":false,"excerpt":false}}},"aioseo_notices":[],"jetpack_sharing_enabled":true,"_links":{"self":[{"href":"https:\/\/stn.cm.umk.pl\/gb\/wp-json\/wp\/v2\/pages\/3203","targetHints":{"allow":["GET"]}}],"collection":[{"href":"https:\/\/stn.cm.umk.pl\/gb\/wp-json\/wp\/v2\/pages"}],"about":[{"href":"https:\/\/stn.cm.umk.pl\/gb\/wp-json\/wp\/v2\/types\/page"}],"author":[{"embeddable":true,"href":"https:\/\/stn.cm.umk.pl\/gb\/wp-json\/wp\/v2\/users\/12"}],"replies":[{"embeddable":true,"href":"https:\/\/stn.cm.umk.pl\/gb\/wp-json\/wp\/v2\/comments?post=3203"}],"version-history":[{"count":9,"href":"https:\/\/stn.cm.umk.pl\/gb\/wp-json\/wp\/v2\/pages\/3203\/revisions"}],"predecessor-version":[{"id":4477,"href":"https:\/\/stn.cm.umk.pl\/gb\/wp-json\/wp\/v2\/pages\/3203\/revisions\/4477"}],"wp:attachment":[{"href":"https:\/\/stn.cm.umk.pl\/gb\/wp-json\/wp\/v2\/media?parent=3203"}],"curies":[{"name":"wp","href":"https:\/\/api.w.org\/{rel}","templated":true}]}}