{"id":3173,"date":"2021-04-12T10:35:15","date_gmt":"2021-04-12T08:35:15","guid":{"rendered":"https:\/\/stn.cm.umk.pl\/?page_id=3173"},"modified":"2021-04-12T10:35:15","modified_gmt":"2021-04-12T08:35:15","slug":"o-nas","status":"publish","type":"page","link":"https:\/\/stn.cm.umk.pl\/gb\/o-nas\/","title":{"rendered":"O nas"},"content":{"rendered":"\n<p><strong>Co to jest STN?<\/strong><\/p>\n\n\n\n<p>STN to Studenckie Towarzystwo Naukowe \u2013 organizacja studencka zrzeszaj\u0105ca student\u00f3w szczeg\u00f3lnie zainteresowanych rozwojem naukowym. STN integruje prac\u0119 naukow\u0105 student\u00f3w CM UMK i wsp\u00f3\u0142pracuje z innymi organizacjami o podobnym profilu dzia\u0142alno\u015bci. Dzi\u0119ki dzia\u0142alno\u015bci STN studenci maj\u0105 zapewnione optymalne warunki do rozwoju naukowego. Koordynuje i wspiera dzia\u0142alno\u015b\u0107 Studenckich K\u00f3\u0142 Naukowych, gromadzi dokumentacje na ich temat, tworzy rankingi i podsumowania niezb\u0119dne dla W\u0142adz CM UMK. STN pozyskuje r\u00f3wnie\u017c fundusze na dzia\u0142alno\u015b\u0107 naukow\u0105 student\u00f3w. Jest wsp\u00f3\u0142organizatorem wielu wydarze\u0144 naukowych o zasi\u0119gu og\u00f3lnopolskim i mi\u0119dzynarodowym. Wielu dzisiejszych profesor\u00f3w stawia\u0142o swoje pierwsze kroki w\u0142a\u015bnie w STN.<\/p>\n\n\n\n<p><strong>Co to jest SKN?<\/strong><\/p>\n\n\n\n<p>SKN to Studenckie Ko\u0142o Naukowe &#8211; jednostka dzia\u0142aj\u0105ca przy Katedrze lub Zak\u0142adzie naszej uczelni. Skupia student\u00f3w pragn\u0105cych poszerzy\u0107 wiedz\u0119 i zdoby\u0107 umiej\u0119tno\u015bci praktyczne w danej dziedzinie. Umo\u017cliwiaj\u0105 wykazanie studenckiej inicjatywy. Nad merytoryczn\u0105 dzia\u0142alno\u015bci\u0105 SKN czuwa opiekun naukowy.<\/p>\n\n\n\n<p><strong>Chc\u0119 za\u0142o\u017cy\u0107 SKN. Jak to zrobi\u0107?<\/strong><\/p>\n\n\n\n<p>Nale\u017cy znale\u017a\u0107 jednostk\u0119 naukow\u0105, przy kt\u00f3rej ko\u0142o ma powsta\u0107 i pracownika naukowego, kt\u00f3ry zgodzi si\u0119 zosta\u0107 jego opiekunem. Nast\u0119pnie trzeba wype\u0142ni\u0107 wniosek o utworzenie Studenckiego Ko\u0142a Naukowego (dost\u0119pny do pobrania na stronie internetowej) i dostarczy\u0107 go do siedziby STN w czasie dy\u017cur\u00f3w lub zostawi\u0107 w portierni Domu Studenckiego nr 2 na has\u0142o \u201eSTN\u201d. Kolejnym krokiem jest uzupe\u0142nienie elektronicznego formularza rejestracji oraz rejestracja cz\u0142onk\u00f3w SKN.<\/p>\n\n\n\n<p><strong>Chc\u0119 do\u0142\u0105czy\u0107 do SKN. Jak to zrobi\u0107?<\/strong><\/p>\n\n\n\n<p>Na stronie Studenckiego Towarzystwa Naukowego, w spisie aktualnie dzia\u0142aj\u0105cych k\u00f3\u0142 naukowych, wyszukaj interesuj\u0105ce Ci\u0119 ko\u0142o. Skontaktuj si\u0119 z Przewodnicz\u0105cym ko\u0142a i zapytaj o szczeg\u00f3\u0142y dotycz\u0105ce dzia\u0142alno\u015bci ko\u0142a oraz rekrutacji cz\u0142onk\u00f3w. By\u0107 mo\u017ce zostaniesz poproszony o przyj\u015bcie na spotkanie ko\u0142a. Wype\u0142nij wniosek o przyj\u0119cie w poczet cz\u0142onk\u00f3w STN CM UMK w Bydgoszczy (do pobrania na naszej stronie). Przewodnicz\u0105cy ko\u0142a uzupe\u0142ni brakuj\u0105cy podpis opiekuna ko\u0142a. Gdy wniosek b\u0119dzie uzupe\u0142niony, dostarcz go do biura STN CM UMK w czasie dy\u017curu lub zostaw w portierni Domu Studenckiego nr 2 na has\u0142o &#8220;STN&#8221;. Na koniec uzupe\u0142nij elektroniczny formularz cz\u0142onkostwa. Ca\u0142a procedura musi by\u0107 powt\u00f3rzona przy do\u0142\u0105czaniu do kolejnego SKN.<\/p>\n\n\n\n<p><strong>Jestem Przewodnicz\u0105cym Ko\u0142a Naukowego, jakie mam obowi\u0105zki?<\/strong><\/p>\n\n\n\n<p>Przewodnicz\u0105cy jest \u0142\u0105cznikiem mi\u0119dzy cz\u0142onkami SKN, a zarz\u0105dem STN. Ma obowi\u0105zek sk\u0142adania corocznych sprawozda\u0144 z dzia\u0142alno\u015bci ko\u0142a naukowego, aktualizacji spisu cz\u0142onk\u00f3w ko\u0142a oraz zg\u0142aszania wszystkich zmian dotycz\u0105cych SKN np. przewodnicz\u0105cego, opiekuna czy danych kontaktowych. Wraz z opiekunem ko\u0142a powinien zarz\u0105dza\u0107 zadaniami cz\u0142onk\u00f3w, wyznacza\u0107 kierunki bada\u0144 i organizowa\u0107 cykliczne spotkania. Przewodnicz\u0105cy SKN powinien przynajmniej na pierwszym spotkaniu w roku akademickim przypomnie\u0107 nowym cz\u0142onkom SKN o obowi\u0105zku formalizacji cz\u0142onkostwa.<\/p>\n\n\n\n<p><strong>Jakie mam mo\u017cliwo\u015bci rozwoju w SKN?<\/strong><\/p>\n\n\n\n<p>Bed\u0105c cz\u0142onkiem SKN zyskujesz nowe mo\u017cliwo\u015bci. Cz\u0142onkostwo umo\u017cliwia uczestnictwo w badaniach naukowych prowadzonych przez jednostki naukowe, a nawet prowadzenie w\u0142asnych pod okiem opiekuna naukowego. Masz mo\u017cliwo\u015b\u0107 ubiegania si\u0119 o dodatkowe finansowanie bada\u0144 naukowych i zwrot koszt\u00f3w zwi\u0105zanych z udzia\u0142em w konferencjach naukowych. Wiele klinik oferuje uczestnictwo w dy\u017curach oraz warsztatach w celu doskonalenia umiej\u0119tno\u015bci praktycznych. STN organizuje r\u00f3wnie\u017c cyklicznie szkolenia \u2013 mi\u0119dzy innymi interpretacji elektrokardiogramu czy warsztaty z przygotowywania i przedstawiania prezentacji. To \u015bwietny spos\u00f3b na zdobycie nowej wiedzy, tak\u017ce zawarcie interesuj\u0105cych znajomo\u015bci.<\/p>\n\n\n\n<p><strong>Czy mog\u0119 stara\u0107 si\u0119 o zwrot koszt\u00f3w czynnego uczestnictwa w konferencjach naukowych? Jak to zrobi\u0107?<\/strong><\/p>\n\n\n\n<p>Je\u015bli jeste\u015b cz\u0142onkiem STN i zamierzasz prezentowa\u0107 wyniki swoich bada\u0144 na konferencji, mo\u017cesz ubiega\u0107 si\u0119 o zwrot koszt\u00f3w. Najp\u00f3\u017aniej dwa tygodnie przed konferencj\u0105 nale\u017cy z\u0142o\u017cy\u0107 do STN stosowny wniosek o zwrot koszt\u00f3w oraz do\u0142\u0105czy\u0107 dokumenty potwierdzaj\u0105ce udzia\u0142 w konferencji i abstrakt pracy naukowej. W przypadku pozytywnego rozpatrzenia wniosku nale\u017cy okaza\u0107 dokumenty potwierdzaj\u0105ce poszczeg\u00f3lne wydatki. Dok\u0142adny regulamin zwrotu koszt\u00f3w zwi\u0105zanych z prezentacj\u0105 pracy naukowej dost\u0119pny jest na naszej stronie internetowej.<\/p>\n\n\n\n<p><strong>Czy mog\u0119 stara\u0107 si\u0119 o grant naukowy\/dofinansowanie bada\u0144 naukowych?<\/strong><\/p>\n\n\n\n<p>Co roku organizowany jest nab\u00f3r wniosk\u00f3w o finansowanie ze \u015brodk\u00f3w STN i uczelni Studenckich Bada\u0144 Naukowych. Je\u015bli jeste\u015b studentem lub doktorantem i masz pomys\u0142 na badanie \u2013 z\u0142\u00f3\u017c wniosek o SBN. Termin sk\u0142adania wniosk\u00f3w mija 31 grudnia ka\u017cdego roku. Dok\u0142adne informacje podawane s\u0105 na pocz\u0105tku ka\u017cdego roku akademickiego. Nie warto jednak ogranicza\u0107 si\u0119 do finansowania uczelnianego! Je\u015bli uwa\u017casz si\u0119 Twoje badanie mo\u017ce by\u0107 prze\u0142omowe, z\u0142\u00f3\u017c wniosek o finansowanie zewn\u0119trzne. Lista mo\u017cliwych \u017ar\u00f3de\u0142 jest na bie\u017c\u0105ca aktualizowana na naszej stronie internetowej.<\/p>\n\n\n\n<p><strong>Jak si\u0119 z nami skontaktowa\u0107?<\/strong><\/p>\n\n\n\n<p>\u015arednio raz w tygodniu w biurze STN (Rondo Jagiellon\u00f3w, Dom Studencki nr 2, pok\u00f3j nr 21) odbywa si\u0119 dy\u017cur os\u00f3b zasiadaj\u0105cych we w\u0142adzach STN. Aktualne terminy dy\u017cur\u00f3w mo\u017cna znale\u017a\u0107 na stronie internetowej STN lub profilu facebookowym. Jest to okazja do rozmowy na temat wszystkich spraw dotycz\u0105cych STN. Istnieje r\u00f3wnie\u017c mo\u017cliwo\u015b\u0107 wys\u0142ania wiadomo\u015bci e-mail: <a href=\"mailto:stncmumk@gmail.com\">stncmumk@gmail.com<\/a>.<\/p>\n\n\n\n<p><strong>Jak zosta\u0107 cz\u0142onkiem w\u0142adz STN?<\/strong><\/p>\n\n\n\n<p>Kadencja w\u0142adz STN wynosi dwa lata. Po jej zako\u0144czeniu organizowane jest walne zebranie podczas kt\u00f3rego jednym z punkt\u00f3w jest wyb\u00f3r nowych w\u0142adz. Je\u015bli chcesz w nich zasi\u0105\u015b\u0107 \u2013 zg\u0142o\u015b swoj\u0105 kandydatur\u0119 i uzyskaj poparcie cz\u0142onk\u00f3w STN. Ka\u017cdy z nich ma jeden g\u0142os. Aktualne stanowiska we w\u0142adzach STN to prezes, zast\u0119pca prezesa, sekretarz, skarbnik i cz\u0142onkowie zarz\u0105du. W razie z\u0142o\u017cenia rezygnacji z wype\u0142nianej funkcji, organizowane s\u0105 wybory uzupe\u0142niaj\u0105ce. To kolejna szansa na prac\u0119 w Zarz\u0105dzie STN.<\/p>\n","protected":false},"excerpt":{"rendered":"<p>Co to jest STN? STN to Studenckie Towarzystwo Naukowe \u2013 organizacja studencka zrzeszaj\u0105ca student\u00f3w szczeg\u00f3lnie zainteresowanych rozwojem naukowym. STN integruje prac\u0119 naukow\u0105 student\u00f3w CM UMK i wsp\u00f3\u0142pracuje z innymi organizacjami o podobnym profilu dzia\u0142alno\u015bci. Dzi\u0119ki dzia\u0142alno\u015bci STN studenci maj\u0105 zapewnione optymalne warunki do rozwoju naukowego. Koordynuje i wspiera dzia\u0142alno\u015b\u0107 Studenckich K\u00f3\u0142 Naukowych, gromadzi dokumentacje na &hellip; <a href=\"https:\/\/stn.cm.umk.pl\/gb\/o-nas\/\" class=\"more-link\">Continue reading<span class=\"screen-reader-text\"> &#8220;O nas&#8221;<\/span><\/a><\/p>\n","protected":false},"author":12,"featured_media":0,"parent":0,"menu_order":0,"comment_status":"closed","ping_status":"closed","template":"","meta":{"footnotes":""},"class_list":["post-3173","page","type-page","status-publish","hentry"],"translation":{"provider":"WPGlobus","version":"3.0.0","language":"gb","enabled_languages":["pl","gb"],"languages":{"pl":{"title":true,"content":true,"excerpt":false},"gb":{"title":false,"content":false,"excerpt":false}}},"aioseo_notices":[],"jetpack_sharing_enabled":true,"_links":{"self":[{"href":"https:\/\/stn.cm.umk.pl\/gb\/wp-json\/wp\/v2\/pages\/3173","targetHints":{"allow":["GET"]}}],"collection":[{"href":"https:\/\/stn.cm.umk.pl\/gb\/wp-json\/wp\/v2\/pages"}],"about":[{"href":"https:\/\/stn.cm.umk.pl\/gb\/wp-json\/wp\/v2\/types\/page"}],"author":[{"embeddable":true,"href":"https:\/\/stn.cm.umk.pl\/gb\/wp-json\/wp\/v2\/users\/12"}],"replies":[{"embeddable":true,"href":"https:\/\/stn.cm.umk.pl\/gb\/wp-json\/wp\/v2\/comments?post=3173"}],"version-history":[{"count":1,"href":"https:\/\/stn.cm.umk.pl\/gb\/wp-json\/wp\/v2\/pages\/3173\/revisions"}],"predecessor-version":[{"id":3174,"href":"https:\/\/stn.cm.umk.pl\/gb\/wp-json\/wp\/v2\/pages\/3173\/revisions\/3174"}],"wp:attachment":[{"href":"https:\/\/stn.cm.umk.pl\/gb\/wp-json\/wp\/v2\/media?parent=3173"}],"curies":[{"name":"wp","href":"https:\/\/api.w.org\/{rel}","templated":true}]}}