{"id":3154,"date":"2021-03-31T14:12:26","date_gmt":"2021-03-31T12:12:26","guid":{"rendered":"https:\/\/stn.cm.umk.pl\/?page_id=3154"},"modified":"2023-09-15T14:18:31","modified_gmt":"2023-09-15T12:18:31","slug":"skn-kardiochirurgii","status":"publish","type":"page","link":"https:\/\/stn.cm.umk.pl\/gb\/skn-kardiochirurgii\/","title":{"rendered":"SKN Kardiochirurgii"},"content":{"rendered":"\n<p><\/p>\n\n\n\n<p><\/p>\n\n\n\n<p><strong>Jednostka organizacyjna: <\/strong>Katedra Kardiochirurgii <br><strong>Opiekun ko\u0142a: <\/strong>dr Remigiusz Tomczyk <br><strong>Przewodnicz\u0105cy: <\/strong>Karina Motolko<br><strong>Kontakt: <\/strong>karinamotolko@gmail.com<strong> <\/strong><br><\/p>\n\n\n\n<p><\/p>\n\n\n\n<p><strong>Opis dzia\u0142alno\u015bci:<\/strong> Dzia\u0142alno\u015b\u0107 Studenckiego Ko\u0142a Naukowego Kardiochirurgii ma na celu poszerzanie wiedzy zgodnej z najnowszymi doniesieniami ze \u015bwiata kardiochirurgii. We wsp\u00f3lnym gronie najwi\u0119kszych entuzjast\u00f3w chirurgii skupiaj\u0105cej si\u0119 na centrum duszy, codziennie ogl\u0105damy &#8220;Bog\u00f3w&#8221;, omawiamy interesuj\u0105ce przypadki kliniczne, przygotowujemy referaty oraz prace naukowe, aby nast\u0119pnie ca\u0142y \u015bwiat m\u00f3g\u0142 o nich us\u0142ysze\u0107 na konferencjach. Czynnie uczestniczymy w zabiegach, zostaj\u0105c do samego ko\u0144ca ich trwania, mimo ociekania krwi\u0105 potem i \u0142zami.  Ko\u0142o owocnie wsp\u00f3\u0142pracuje z SKN Kardiochirurgii innych, zaprzyja\u017anionych uczelni medycznych, czynnie pracuj\u0105c nad zwi\u0119kszeniem rozg\u0142osu i oswojeniem tej wyj\u0105tkowej ga\u0142\u0119zi medycyny.<br><\/p>\n","protected":false},"excerpt":{"rendered":"<p>Jednostka organizacyjna: Katedra Kardiochirurgii Opiekun ko\u0142a: dr Remigiusz Tomczyk Przewodnicz\u0105cy: Karina MotolkoKontakt: karinamotolko@gmail.com Opis dzia\u0142alno\u015bci: Dzia\u0142alno\u015b\u0107 Studenckiego Ko\u0142a Naukowego Kardiochirurgii ma na celu poszerzanie wiedzy zgodnej z najnowszymi doniesieniami ze \u015bwiata kardiochirurgii. We wsp\u00f3lnym gronie najwi\u0119kszych entuzjast\u00f3w chirurgii skupiaj\u0105cej si\u0119 na centrum duszy, codziennie ogl\u0105damy &#8220;Bog\u00f3w&#8221;, omawiamy interesuj\u0105ce przypadki kliniczne, przygotowujemy referaty oraz prace naukowe, &hellip; <a href=\"https:\/\/stn.cm.umk.pl\/gb\/skn-kardiochirurgii\/\" class=\"more-link\">Continue reading<span class=\"screen-reader-text\"> &#8220;SKN Kardiochirurgii&#8221;<\/span><\/a><\/p>\n","protected":false},"author":12,"featured_media":0,"parent":0,"menu_order":0,"comment_status":"closed","ping_status":"closed","template":"","meta":{"footnotes":""},"class_list":["post-3154","page","type-page","status-publish","hentry"],"translation":{"provider":"WPGlobus","version":"3.0.0","language":"gb","enabled_languages":["pl","gb"],"languages":{"pl":{"title":true,"content":true,"excerpt":false},"gb":{"title":false,"content":false,"excerpt":false}}},"aioseo_notices":[],"jetpack_sharing_enabled":true,"_links":{"self":[{"href":"https:\/\/stn.cm.umk.pl\/gb\/wp-json\/wp\/v2\/pages\/3154","targetHints":{"allow":["GET"]}}],"collection":[{"href":"https:\/\/stn.cm.umk.pl\/gb\/wp-json\/wp\/v2\/pages"}],"about":[{"href":"https:\/\/stn.cm.umk.pl\/gb\/wp-json\/wp\/v2\/types\/page"}],"author":[{"embeddable":true,"href":"https:\/\/stn.cm.umk.pl\/gb\/wp-json\/wp\/v2\/users\/12"}],"replies":[{"embeddable":true,"href":"https:\/\/stn.cm.umk.pl\/gb\/wp-json\/wp\/v2\/comments?post=3154"}],"version-history":[{"count":4,"href":"https:\/\/stn.cm.umk.pl\/gb\/wp-json\/wp\/v2\/pages\/3154\/revisions"}],"predecessor-version":[{"id":3819,"href":"https:\/\/stn.cm.umk.pl\/gb\/wp-json\/wp\/v2\/pages\/3154\/revisions\/3819"}],"wp:attachment":[{"href":"https:\/\/stn.cm.umk.pl\/gb\/wp-json\/wp\/v2\/media?parent=3154"}],"curies":[{"name":"wp","href":"https:\/\/api.w.org\/{rel}","templated":true}]}}