{"id":3151,"date":"2021-03-31T14:07:47","date_gmt":"2021-03-31T12:07:47","guid":{"rendered":"https:\/\/stn.cm.umk.pl\/?page_id=3151"},"modified":"2026-03-13T19:29:33","modified_gmt":"2026-03-13T18:29:33","slug":"skn-anestezjologii-i-intensywnej-terapii","status":"publish","type":"page","link":"https:\/\/stn.cm.umk.pl\/gb\/skn-anestezjologii-i-intensywnej-terapii\/","title":{"rendered":"SKN Anestezjologii i Intensywnej Terapii"},"content":{"rendered":"\n<p><strong>Jednostka organizacyjna:<\/strong> Katedra anestezjologii i intensywnej terapii<\/p>\n\n\n\n<p><strong>Opiekun:<\/strong> lek Michalina Ko\u0142odziejczak<\/p>\n\n\n\n<p><strong>Przewodnicz\u0105ca<\/strong>: Katarzyna Chwa\u0142a<\/p>\n\n\n\n<p><strong>Kontakt:<\/strong> skn.aiit.cm@gmail.com<\/p>\n\n\n\n<p><strong>Opis dzia\u0142alno\u015bci:<\/strong><br>W naszym kole stawiamy na praktyk\u0119. Warsztaty z dost\u0119p\u00f3w naczyniowych, zaznajomienie si\u0119 ze sprz\u0119tem medycznym, procedurami, post\u0119powaniem w stanach nag\u0142ych. Umo\u017cliwiamy uczestnictwo w dy\u017curach na bloku operacyjnym. Prowadzimy r\u00f3wnie\u017c dzia\u0142alno\u015b\u0107 naukow\u0105 dla zainteresowanych.<br><\/p>\n","protected":false},"excerpt":{"rendered":"<p>Jednostka organizacyjna: Katedra anestezjologii i intensywnej terapii Opiekun: lek Michalina Ko\u0142odziejczak Przewodnicz\u0105ca: Katarzyna Chwa\u0142a Kontakt: skn.aiit.cm@gmail.com Opis dzia\u0142alno\u015bci:W naszym kole stawiamy na praktyk\u0119. Warsztaty z dost\u0119p\u00f3w naczyniowych, zaznajomienie si\u0119 ze sprz\u0119tem medycznym, procedurami, post\u0119powaniem w stanach nag\u0142ych. Umo\u017cliwiamy uczestnictwo w dy\u017curach na bloku operacyjnym. Prowadzimy r\u00f3wnie\u017c dzia\u0142alno\u015b\u0107 naukow\u0105 dla zainteresowanych.<\/p>\n","protected":false},"author":12,"featured_media":0,"parent":0,"menu_order":0,"comment_status":"closed","ping_status":"closed","template":"","meta":{"footnotes":""},"class_list":["post-3151","page","type-page","status-publish","hentry"],"translation":{"provider":"WPGlobus","version":"3.0.0","language":"gb","enabled_languages":["pl","gb"],"languages":{"pl":{"title":true,"content":true,"excerpt":false},"gb":{"title":false,"content":false,"excerpt":false}}},"aioseo_notices":[],"jetpack_sharing_enabled":true,"_links":{"self":[{"href":"https:\/\/stn.cm.umk.pl\/gb\/wp-json\/wp\/v2\/pages\/3151","targetHints":{"allow":["GET"]}}],"collection":[{"href":"https:\/\/stn.cm.umk.pl\/gb\/wp-json\/wp\/v2\/pages"}],"about":[{"href":"https:\/\/stn.cm.umk.pl\/gb\/wp-json\/wp\/v2\/types\/page"}],"author":[{"embeddable":true,"href":"https:\/\/stn.cm.umk.pl\/gb\/wp-json\/wp\/v2\/users\/12"}],"replies":[{"embeddable":true,"href":"https:\/\/stn.cm.umk.pl\/gb\/wp-json\/wp\/v2\/comments?post=3151"}],"version-history":[{"count":5,"href":"https:\/\/stn.cm.umk.pl\/gb\/wp-json\/wp\/v2\/pages\/3151\/revisions"}],"predecessor-version":[{"id":4969,"href":"https:\/\/stn.cm.umk.pl\/gb\/wp-json\/wp\/v2\/pages\/3151\/revisions\/4969"}],"wp:attachment":[{"href":"https:\/\/stn.cm.umk.pl\/gb\/wp-json\/wp\/v2\/media?parent=3151"}],"curies":[{"name":"wp","href":"https:\/\/api.w.org\/{rel}","templated":true}]}}